{"id":196,"date":"2024-03-12T15:11:15","date_gmt":"2024-03-12T15:11:15","guid":{"rendered":"http:\/\/gbp-kvd-simplicloud.local\/?page_id=196"},"modified":"2025-12-23T17:17:02","modified_gmt":"2025-12-23T17:17:02","slug":"home","status":"publish","type":"page","link":"https:\/\/vegas-heros.eu\/da\/","title":{"rendered":"Home"},"content":{"rendered":"<section class=\"gb-container gb-container-97936d6f gbp-section has-gradient-bg\">\n<div class=\"gb-container gb-container-5c426c81 gbp-section__inner\">\n<div class=\"gb-container gb-container-85ff4394\">\n\n<h1 class=\"gb-headline gb-headline-ac42f5a0 gb-headline-text gbp-section__headline\">Vegas Hero Casino<\/h1>\n\n\n\n<div class=\"gb-headline gb-headline-cfd565bd gb-headline-text gbp-section__text\"><strong><em>100% Bonus op til \u00a3 500 + 200 gratis spins + 1 Crab Bonus<\/em><\/strong><\/div>\n\n\n<div class=\"gb-container gb-container-104fd3a4\">\n\n<a class=\"gb-button gb-button-cf2b5a50 gb-button-text gbp-button--primary\" href=\"https:\/\/vegas-heros.eu\/da\/go\/vegashero\/\" target=\"_blank\" rel=\"noopener noreferrer\">TILMELDING<\/a>\n\n\n\n<a class=\"gb-button gb-button-86296e76 gb-button-text gbp-button--secondary\" href=\"https:\/\/vegas-heros.eu\/da\/go\/vegashero\/\" target=\"_blank\" rel=\"noopener noreferrer\">AKTIVER BONUSSEN \ud83c\udf81.<\/a>\n\n<\/div>\n<\/div>\n\n\n<figure class=\"gb-block-image gb-block-image-4e8e4892\"><a href=\"https:\/\/vegas-heros.eu\/da\/go\/vegashero\/\" target=\"_blank\" rel=\"noopener noreferrer\"><img loading=\"lazy\" decoding=\"async\" width=\"1773\" height=\"520\" class=\"gb-image gb-image-4e8e4892\" src=\"https:\/\/vegas-heros.eu\/wp-content\/uploads\/2025\/11\/vegashero.jpg\" alt=\"vegashero\" title=\"vegashero\" srcset=\"https:\/\/vegas-heros.eu\/wp-content\/uploads\/2025\/11\/vegashero.jpg 1773w, https:\/\/vegas-heros.eu\/wp-content\/uploads\/2025\/11\/vegashero-300x88.jpg 300w, https:\/\/vegas-heros.eu\/wp-content\/uploads\/2025\/11\/vegashero-1024x300.jpg 1024w, https:\/\/vegas-heros.eu\/wp-content\/uploads\/2025\/11\/vegashero-768x225.jpg 768w, https:\/\/vegas-heros.eu\/wp-content\/uploads\/2025\/11\/vegashero-1536x450.jpg 1536w\" sizes=\"auto, (max-width: 1773px) 100vw, 1773px\" \/><\/a><\/figure>\n\n<\/div>\n\n<div class=\"gb-container gb-container-668e459a\">\n<div class=\"gb-container gb-container-b289406a\">\n\n<h2 class=\"gb-headline gb-headline-1c2d7772 gb-headline-text\">Vegas Hero Casino<\/h2>\n\n\n\n<p>Vegas Hero Casino, der blev lanceret i 2025 af Lumina Holdings Limitada, pr\u00e6senterer sig selv som et innovativt alternativ, der kombinerer futuristisk design med et stort spilbibliotek. Oplev en platform, der er reguleret af Costa Rica Gambling, med spil fra NetEnt, Evolution Gaming og Pragmatic Play. Vores analyse udforsker dens styrker - attraktive bonusser, mobil tilg\u00e6ngelighed, varieret udbud - mens vi ogs\u00e5 unders\u00f8ger kritikken af udbetalinger og en til tider mangelfuld kundeservice. A <strong>et afbalanceret dyk ned i kontrasternes verden<\/strong> af Vegas Hero.<\/p>\n\n\n\n<ol class=\"wp-block-list\">\n<li><a href=\"#vegas-hero-avis\">Vegas Hero: vores fulde anmeldelse af dette n\u00e6ste generations onlinekasino<\/a><\/li>\n\n\n\n<li><a href=\"#bonus-promotions\">Vegas Hero-bonusser og -kampagner<\/a><\/li>\n\n\n\n<li><a href=\"#une-ludotheque-impressionnante-pour-tous-les-types-de-joueurs\">Et imponerende bibliotek af spil til alle typer spillere<\/a><\/li>\n\n\n\n<li><a href=\"#paiements-securite\">Betalinger og sikkerhed: et p\u00e5lideligt spilmilj\u00f8<\/a><\/li>\n\n\n\n<li><a href=\"#mobile\">Mobiloplevelse og -design: spil hvor som helst med stil<\/a><\/li>\n\n\n\n<li><a href=\"#avis-utilisateurs\">Spilleranmeldelser: Hvad synes f\u00e6llesskabet om Vegas Hero?<\/a><\/li>\n\n\n\n<li><a href=\"#verdict\">Vores dom: Er Vegas Hero Casino det rigtige valg for dig?<\/a><\/li>\n<\/ol>\n\n\n\n<h2 class=\"wp-block-heading\" id=\"vegas-hero-avis\">Vegas Hero: vores fulde anmeldelse af dette n\u00e6ste generations onlinekasino<\/h2>\n\n\n\n<h3 class=\"wp-block-heading\">Brugeroplevelsen starter med et f\u00e6ngslende design<\/h3>\n\n\n\n<p>Vegas Hero Casino forf\u00f8rer med sin <strong>futuristisk brugerflade, der kombinerer rent design, lyse farver og flydende navigation<\/strong> pour une exp\u00e9rience immersive, loin du style sombre du <a href=\"https:\/\/lizaro.net\/\" target=\"_blank\" rel=\"noopener\">casino lizaro<\/a>. Les graphismes dynamiques et les menus intuitifs renforcent cette impression d\u2019innovation, id\u00e9ale pour les joueurs modernes.<\/p>\n\n\n\n<h3 class=\"wp-block-heading\">Hvorfor Vegas Hero tiltr\u00e6kker fans af onlinespil<\/h3>\n\n\n\n<p>Dette casino blev lanceret i 2025 af Lumina Holdings Limitada og tilbyder&nbsp;<strong>et spilbibliotek med mere end 10.000 spil, gener\u00f8se kampagner<\/strong>og optimal mobiltilpasning. Udviklere som NetEnt og Microgaming garanterer h\u00f8j kvalitet.<\/p>\n\n\n\n<p>Vi analyserer <strong>sine vigtigste aktiver<\/strong> :<\/p>\n\n\n\n<ul class=\"wp-block-list\">\n<li>En r\u00e6kke forskellige spil (spilleautomater, live dealere);<\/li>\n\n\n\n<li>Kampagner og VIP-program ;<\/li>\n\n\n\n<li>Kompatibilitet med smartphone\/tablet ;<\/li>\n\n\n\n<li>Gennemsigtige brugeranmeldelser.<\/li>\n<\/ul>\n\n\n\n<p>Opdag dens styrke.<\/p>\n\n\n\n<h3 class=\"wp-block-heading\">En forpligtelse til kvalitet og sikkerhed<\/h3>\n\n\n\n<p>Licenseret af Costa Rica, Vegas Hero <strong>garanterer sikkerhed og tiltr\u00e6kningskraft<\/strong> med kryptovalutaer og live-spil. Denne certificering afspejler fair play og sikre data.<\/p>\n\n\n\n<p>Innovativ platform med mobilen f\u00f8rst. G\u00e5 p\u00e5 opdagelse i <strong>Brugerfeedback<\/strong> nedenfor.<\/p>\n\n\n\n<h2 class=\"wp-block-heading\" id=\"bonus-promotions\">Vegas Hero-bonusser og -kampagner<\/h2>\n\n\n\n<p>Vegas Hero onlinekasino imponerer med sine kampagnetilbud og futuristiske design, <strong>optimering af brugeroplevelsen<\/strong>. Med spil fra leverand\u00f8rer som NetEnt og Evolution Gaming kombinerer platformen sikkerhed, mangfoldighed og modernitet.<\/p>\n\n\n\n<h3 class=\"wp-block-heading\">Velkomstbonus under mikroskop<\/h3>\n\n\n\n<p>F\u00e5 gavn af <strong>bonus p\u00e5 300 % op til \u20ac800 eller 100 %<\/strong> op til 500 $, med 200 gratis spins (20 om dagen i 10 dage).<\/p>\n\n\n\n<p>A <strong>Minimumsindbetaling p\u00e5 \u20ac20 eller $<\/strong> er p\u00e5kr\u00e6vet, undtagen via Neteller eller Skrill.<\/p>\n\n\n\n<p>Det brede udvalg af spil, fra spilleautomater til livespil, og den medrivende gr\u00e6nseflade g\u00f8r det nemt at l\u00e6re dine kunder at kende. <strong>denne fordel er tilg\u00e6ngelig fra den f\u00f8rste indbetaling<\/strong>. Aktivering sker straks efter indbetaling.<\/p>\n\n\n\n<h3 class=\"wp-block-heading\">Forst\u00e5else af indsatsbetingelser<\/h3>\n\n\n\n<p>Bonussen og indskuddet skal v\u00e6re <strong>satset 35 gange, gevinster fra gratis spins 40 gange<\/strong>over 10 dage.<\/p>\n\n\n\n<p>Den maksimale indsats er begr\u00e6nset til \u20ac5 eller $ med en aktiv bonus. Spilleautomater er 100 % v\u00e6rd sammenlignet med 10 % for videopoker eller livespil. Denne struktur <strong>opmuntrer lejlighedsvise spillere<\/strong> samtidig med at reglerne for gennemsigtighed overholdes.<\/p>\n\n\n\n<h3 class=\"wp-block-heading\">Regelm\u00e6ssige kampagner og VIP-program<\/h3>\n\n\n\n<p>Medlemmer f\u00e5r ugentlig cashback, reload-bonusser og m\u00e5nedlige udfordringer til <strong>Mangfoldigg\u00f8r bel\u00f8nningerne<\/strong>.<\/p>\n\n\n\n<p><strong>VIP-program (bronze-, s\u00f8lv- og guldniveau)<\/strong> foresl\u00e5r :<\/p>\n\n\n\n<ul class=\"wp-block-list\">\n<li>Gr\u00e6nser <strong>\u00f8gede udbetalingsbel\u00f8b<\/strong>.<\/li>\n\n\n\n<li><strong>Personlig ledelse via en dedikeret manager.<\/strong><\/li>\n\n\n\n<li><strong>Eksklusive invitationer til arrangementer<\/strong>.<\/li>\n<\/ul>\n\n\n\n<p>Webstedets futuristiske design og fluiditet \u00f8ger dets appel. Platformen, der er licenseret af MGA og UK Gambling Commission, garanterer p\u00e5lidelighed. Spillerne v\u00e6rds\u00e6tter den hurtige 24\/7-support og de personligt tilpassede tilbud.<\/p>\n\n\n\n<h2 class=\"wp-block-heading\" id=\"une-ludotheque-impressionnante-pour-tous-les-types-de-joueurs\">Et imponerende bibliotek af spil til alle typer spillere<\/h2>\n\n\n\n<p>Hvad f\u00e5r Vegas Hero Casino til at skille sig ud? Takket v\u00e6re <strong>et rigt og varieret spilbibliotek<\/strong>designet til at tilfredsstille alle fans af onlinespil. Fra det \u00f8jeblik, du kommer ind p\u00e5 siden, kombinerer oplevelsen kvalitet, tilg\u00e6ngelighed og fordybelse.<\/p>\n\n\n\n<h3 class=\"wp-block-heading\" id=\"un-catalogue-de-jeux-quasi-infini\">Et n\u00e6sten uendeligt katalog af spil<\/h3>\n\n\n\n<p>Med over 1.300 titler tilbyder Vegas Hero Casino <strong>et valg langt over markedsgennemsnittet<\/strong>.<\/p>\n\n\n\n<p>Fra klassikere til nye udgivelser, inklusive spilleautomater med progressiv jackpot, <strong>Der er noget for enhver smag<\/strong>. Denne mangfoldighed garanterer uovertruffen underholdning for enhver smag.<\/p>\n\n\n\n<h3 class=\"wp-block-heading\" id=\"les-meilleurs-fournisseurs-de-logiciels-du-marche\">De bedste softwareleverand\u00f8rer p\u00e5 markedet<\/h3>\n\n\n\n<p>For at sikre kvalitet og p\u00e5lidelighed, <strong>Vegas Hero Casino samarbejder med f\u00f8rende udgivere<\/strong> Disse inkluderer NetEnt, Evolution Gaming, Microgaming, Quickspin og Pragmatic Play.<\/p>\n\n\n\n<p>Deres spil lever med deres omhyggelige grafik og innovative mekanik op til de h\u00f8jeste standarder. <strong>En garanti for retf\u00e6rdighed og fordybelse for alle brugere.<\/strong><\/p>\n\n\n\n<h3 class=\"wp-block-heading\" id=\"une-offre-de-jeu-variee\">Et varieret udvalg af spil<\/h3>\n\n\n\n<p>Uanset hvad din profil er, s\u00e5 er Vegas Hero Casino <strong>tilbyder skr\u00e6ddersyede aktiviteter<\/strong> :<\/p>\n\n\n\n<ul class=\"wp-block-list\">\n<li><strong>Spilleautomater<\/strong> Klassisk, 3D, progressiv jackpot.<\/li>\n\n\n\n<li><strong>Bordspil<\/strong> blackjack, roulette, baccarat i flere varianter.<\/li>\n\n\n\n<li><strong>Live-kasino<\/strong> Spil med rigtige dealere.<\/li>\n\n\n\n<li><strong>Progressive jackpot-spil<\/strong> for ekstraordin\u00e6re gevinster.<\/li>\n\n\n\n<li><strong>Sportsv\u00e6ddem\u00e5l<\/strong> En udvidelse af tilbuddet ud over det klassiske casino.<\/li>\n<\/ul>\n\n\n\n<p>Det futuristiske design og den intuitive brugerflade g\u00f8r det nemt at f\u00e5 adgang til denne mangfoldighed. En demo-tilstand er ogs\u00e5 tilg\u00e6ngelig for <strong>Test spil, f\u00f8r du satser rigtige penge<\/strong>.<\/p>\n\n\n\n<h2 class=\"wp-block-heading\" id=\"paiements-securite\">Betalinger og sikkerhed: et p\u00e5lideligt spilmilj\u00f8<\/h2>\n\n\n\n<h3 class=\"wp-block-heading\">Tilg\u00e6ngelige ind- og udbetalingsmetoder<\/h3>\n\n\n\n<p>Problemfri adgang til spil afh\u00e6nger af betalingsmuligheder. Vegas Hero Casino tilbydes <strong>moderne, sikre l\u00f8sninger til ind- og udbetalinger<\/strong>.<\/p>\n\n\n\n<figure class=\"wp-block-table\"><table class=\"has-fixed-layout\"><thead><tr><th>Betalingskategori<\/th><th>Eksempler p\u00e5 metoder<\/th><th>Indskud muligt<\/th><th>Tilbagetr\u00e6kning mulig<\/th><\/tr><\/thead><tbody><tr><td>Bankkort<\/td><td>Visa \/ Mastercard<\/td><td>Ja<\/td><td>Ja<\/td><\/tr><tr><td>E-wallets<\/td><td>Skrill \/ Neteller \/ ecoPayz<\/td><td>Ja<\/td><td>Ja<\/td><\/tr><tr><td>Forudbetalte kort<\/td><td>Paysafecard<\/td><td>Ja<\/td><td>Nej<\/td><\/tr><tr><td>Bankoverf\u00f8rsel<\/td><td>Bankoverf\u00f8rsel<\/td><td>Ja<\/td><td>Ja<\/td><\/tr><\/tbody><\/table><\/figure>\n\n\n\n<p>Indbetalinger var for det meste \u00f8jeblikkelige. Minimumsindbetalingen var \u20ac10 uden yderligere gebyrer. Udbetalinger varierede mellem et par timer (e-wallets) og 3-5 dage (overf\u00f8rsler). <strong>Der blev ikke opkr\u00e6vet gebyrer af Vegas Hero Casino<\/strong>Det sikrer fuld gennemsigtighed i de tilknyttede omkostninger.<\/p>\n\n\n\n<h3 class=\"wp-block-heading\">Licensering og regulering: Din sikkerhed kommer f\u00f8rst<\/h3>\n\n\n\n<p>Vegas Hero Casino blev bakket op af store certificeringer. Operat\u00f8ren, Genesis Global Limited, havde en licens fra Malta Gaming Authority (MGA) og UK Gambling Commission (UKGC), hvilket garanterede <strong>h\u00f8je standarder for retf\u00e6rdighed og databeskyttelse<\/strong>.<\/p>\n\n\n\n<p>SSL-kryptering sikrede transaktionerne. Regelm\u00e6ssige kontroller omfattede uafh\u00e6ngige revisioner for at sikre retf\u00e6rdighed. Disse foranstaltninger gav spillerne en ramme af tillid til deres onlineaktiviteter med en <strong>absolut prioritet til sikkerhed for personlige og finansielle oplysninger<\/strong>.<\/p>\n\n\n\n<h2 class=\"wp-block-heading\" id=\"mobile\">Mobiloplevelse og -design: spil hvor som helst med stil<\/h2>\n\n\n\n<h3 class=\"wp-block-heading\">Moderne design og flydende navigation<\/h3>\n\n\n\n<p>Vegas Hero Casinos hjemmeside har en <strong>futuristisk \u00e6stetik kombineret med en klar, intuitiv gr\u00e6nseflade<\/strong>.<\/p>\n\n\n\n<p>Spillerne nyder godt af en struktureret organisation: spil, bonusser og information er alle tilg\u00e6ngelige for dem. <strong>tilg\u00e6ngelig med et klik p\u00e5 en knap, selv for nybegyndere<\/strong>.<\/p>\n\n\n\n<p>Den dynamiske grafik og de lette animationer \u00f8ger indlevelsen, samtidig med at navigationen er flydende. Et \u00e6gte aktiv for <strong>Fang opm\u00e6rksomheden fra den allerf\u00f8rste forbindelse<\/strong>.<\/p>\n\n\n\n<h3 class=\"wp-block-heading\">Vegas Hero-oplevelsen p\u00e5 smartphone og tablet<\/h3>\n\n\n\n<p>Det er ikke n\u00f8dvendigt at downloade en applikation: <strong>Siden tilpasser sig automatisk til alle sk\u00e6rme<\/strong> via sit responsive design.<\/p>\n\n\n\n<p>N\u00f8glefunktioner som indbetalinger, udbetalinger og adgang til support <strong>forbliver operationel p\u00e5 farten uden tab af kvalitet<\/strong>.<\/p>\n\n\n\n<p>De f\u00e5 positive anmeldelser bem\u00e6rker <strong>optimal indl\u00e6sningshastighed<\/strong>selv p\u00e5 4G-forbindelser. En praktisk l\u00f8sning til gaming p\u00e5 farten uden at optage for meget plads.<\/p>\n\n\n\n<p>Takket v\u00e6re denne tilg\u00e6ngelighed har Vegas Hero etableret sig som et online casino. <strong>designet til en opkoblet generation, der kombinerer modernitet og funktionalitet<\/strong>.<\/p>\n\n\n\n<h2 class=\"wp-block-heading\" id=\"avis-utilisateurs\">Spilleranmeldelser: Hvad synes f\u00e6llesskabet om Vegas Hero?<\/h2>\n\n\n\n<h3 class=\"wp-block-heading\">Styrker v\u00e6rdsat af brugerne<\/h3>\n\n\n\n<p>Mange spillere peger p\u00e5 <strong>Vegas Hero Casinos omfattende udvalg af spil<\/strong>. Takket v\u00e6re partnerskaber med anerkendte udbydere som NetEnt, Evolution Gaming, Microgaming, Quickspin og Pragmatic Play tilbyder siden slots, bordspil og live dealere af h\u00f8j kvalitet.<\/p>\n\n\n\n<p>Webstedets design beskrives ofte som dristigt og tematisk, med et superheltetema, der giver det en futuristisk og engagerende fornemmelse. Nogle brugere bem\u00e6rker ogs\u00e5 <strong>en flydende spiloplevelse uden tilbagevendende fejl eller tr\u00e6ghed<\/strong>.<\/p>\n\n\n\n<p>For et mindretal af spillere, <strong>Udbetalinger gik glat<\/strong>Nogle gange inden for 3 dage. En anmeldelse n\u00e6vner endda en lydh\u00f8r og venlig kundeservice med en effektiv l\u00f8sning p\u00e5 et mindre problem.<\/p>\n\n\n\n<h3 class=\"wp-block-heading\">Bekymringer rejst af lokalsamfundet<\/h3>\n\n\n\n<p>Men for at give dig det fulde billede er det vigtigt at n\u00e6vne den kritiske feedback, vi har f\u00e5et. P\u00e5 Trustpilot, <strong>Vegas Hero Casino har en gennemsnitlig bed\u00f8mmelse p\u00e5 2.9\/5<\/strong>baseret p\u00e5 23 anmeldelser.<\/p>\n\n\n\n<p><strong>De vigtigste punkter at holde \u00f8je med<\/strong> bekymring:<\/p>\n\n\n\n<ul class=\"wp-block-list\">\n<li><strong>Lange udbetalingstider<\/strong>fra flere dage til flere uger.<\/li>\n\n\n\n<li><strong>Problemer med at kontakte kundeservice<\/strong> ofte beskrevet som reaktiv via automatiserede beskeder eller gentagne scripts.<\/li>\n\n\n\n<li><strong>Annullering af udbetalinger<\/strong>Disse skyldes ekstra kontroller eller tekniske problemer.<\/li>\n<\/ul>\n\n\n\n<p>For at undg\u00e5 problemer anbefaler vi, at du l\u00e6ser vilk\u00e5rene og betingelserne omhyggeligt og tjekker din konto, s\u00e5 snart du har registreret dig. Denne <strong>letter transaktioner og reducerer risikoen for blokeringer<\/strong>.<\/p>\n\n\n\n<h2 class=\"wp-block-heading\" id=\"verdict\">Vores dom: Er Vegas Hero Casino det rigtige valg for dig?<\/h2>\n\n\n\n<p>Vegas Hero Casino tilbyder over 1.300 spil fra store udgivere (NetEnt, Evolution Gaming, Microgaming). Med sit futuristiske, mobilvenlige design og attraktive bonusser (op til \u20ac 800 + gratis spins) er Vegas Hero Casino det ideelle sted at spille kasinospil. <strong>en moderne platform<\/strong>. MGA- og UKGC-licenserne giver en sikker teoretisk ramme.<\/p>\n\n\n\n<p>For fans af en bred vifte af spil og kampagnetilbud, <strong>Vegas Hero s\u00e6tter standarden<\/strong>. Spilbiblioteket, den flydende gr\u00e6nseflade og VIP-programmet er rettet mod spillere, der leder efter en fordybende oplevelse.<\/p>\n\n\n\n<p>Meningerne er dog forskellige. Mens nogle fremh\u00e6ver kvaliteten af indbetalingerne og brugerfladen, klager andre over forsinkelser i udbetalingerne eller en kundeservice, der ikke reagerer. F\u00f8r du forpligter dig, skal du tjekke betingelserne (oms\u00e6tningskrav, udbetalingsgr\u00e6nser). G\u00e5 ind for ansvarligt spil, og udforsk platformen med d\u00f8mmekraft. En mulig opdagelse, men <strong>med forbehold for en omhyggelig l\u00e6sning af vilk\u00e5rene<\/strong>.<\/p>\n\n\n\n<p>Vegas Hero Casino tilbyder en <strong>varieret spilbibliotek, futuristisk design og MGA\/UKGC-licenser<\/strong>. Men forsinkelser i udbetalinger, d\u00e5rlig kundeservice og strenge bonusbetingelser <strong>tage forbehold for udtalelsen<\/strong>. For at f\u00e5 en informeret oplevelse skal du tjekke dine juridiske dokumenter, forudse kontobekr\u00e6ftelser og <strong>V\u00e6r p\u00e5 den sikre side<\/strong>.<\/p>\n\n\n\n<h2 class=\"wp-block-heading\">OFTE STILLEDE SP\u00d8RGSM\u00c5L<\/h2>\n\n\n\n<h3 class=\"wp-block-heading\">Er Vegas Hero Casino et sikkert og trygt sted?<\/h3>\n\n\n\n<p>Det er vigtigt at bem\u00e6rke, at Vegas Hero Casino ejes af Genesis Global Limited, et selskab med velrenommerede licenser (MGA og UKGC). Disse regler garanterer en streng juridisk ramme for driften af Vegas Hero Casino.<strong>fair play og databeskyttelse<\/strong>.<\/p>\n\n\n\n<p>Men den <strong>blandet feedback fra spillere<\/strong>. Nogle n\u00e6vner vanskeligheder med at h\u00e6ve deres gevinster eller n\u00e5 frem til en effektiv kundeservice. Samtidig er platformen st\u00e6rkt engageret i sikkerhed, hvilket kan berolige nye brugere. Det er stadig tilr\u00e5deligt at tjekke vilk\u00e5rene for brug, f\u00f8r du spiller.<\/p>\n\n\n\n<h3 class=\"wp-block-heading\">Hvilke bonusser og kampagner er tilg\u00e6ngelige hos Vegas Hero?<\/h3>\n\n\n\n<p>Vi har bem\u00e6rket, at Vegas Hero har et attraktivt velkomsttilbud: <strong>en bonus p\u00e5 300 % op til \u20ac800<\/strong>med 200 gratis spins over 10 dage.<\/p>\n\n\n\n<p>For at hj\u00e6lpe vores brugere med at forst\u00e5 betingelserne er her detaljerne: Indskud og bonusser skal satses 35 gange, mens gevinster fra gratis spins kr\u00e6ver en indsats p\u00e5 40 gange. I praksis betyder det, at p\u00e5 en indbetaling p\u00e5 \u20ac20 + \u20ac60 i bonus (dvs. \u20ac80), skal du <strong>indsats \u20ac2.800<\/strong> (\u20ac80 x 35) for at frigive bonussen. Begr\u00e6nsninger g\u00e6lder ogs\u00e5 for betalingsmetoder og maksimale gevinster afh\u00e6ngigt af landet.<\/p>\n\n\n\n<h3 class=\"wp-block-heading\">Hvor varieret er Vegas Heros spilbibliotek?<\/h3>\n\n\n\n<p>Med over 1.300 spil, <strong>Vegas Hero positioneret som en alsidig platform<\/strong>. Fans af spilleautomater vil finde b\u00e5de klassikere og nye udgivelser fra store udgivere som NetEnt, Pragmatic Play og Evolution Gaming til live casinoet.<\/p>\n\n\n\n<p>Bordspil (blackjack, roulette) og progressive jackpots er ogs\u00e5 tilg\u00e6ngelige. Sportsv\u00e6ddem\u00e5l fuldender tilbuddet. <strong>Vi anbefaler, at du pr\u00f8ver spillene i gratis tilstand<\/strong> f\u00f8r du spiller for rigtige penge, for at identificere dine pr\u00e6ferencer.<\/p>\n\n\n\n<h3 class=\"wp-block-heading\">Hvad er de tilbagevendende problemer med udbetalinger?<\/h3>\n\n\n\n<p>Flere online-anmeldelser fremh\u00e6ver <strong>forsinkelser i behandlingen af udbetalinger<\/strong>Det kan tage op til flere uger. Der har ogs\u00e5 v\u00e6ret rapporter om transaktioner, der er blevet annulleret under p\u00e5skud af verificering.<\/p>\n\n\n\n<p>Vegas Hero h\u00e6vder p\u00e5 den anden side at overholde industristandarder for traditionelle metoder (overf\u00f8rsler, kort, e-wallets). Det er vigtigt at bem\u00e6rke, at <strong>Hastigheden af indbetalinger (generelt \u00f8jeblikkelig) st\u00e5r i kontrast til disse udbetalingsproblemer<\/strong>. For at minimere ulejligheden bedes du kontrollere dine loginoplysninger og dokumenter, f\u00f8r du anmoder om en udbetaling.<\/p>\n\n\n\n<h3 class=\"wp-block-heading\">Er det muligt at spille Vegas Hero p\u00e5 en mobiltelefon?<\/h3>\n\n\n\n<p>Kasinoet tilbyder ikke en dedikeret applikation. Det tilbyder dog en dedikeret applikation, <strong>den mobile version af webstedet er fuldt funktionsdygtig og optimeret<\/strong> til smartphones og tablets.<\/p>\n\n\n\n<p>Du kan f\u00e5 adgang til alle spil, administrere dine ind- og udbetalinger og kontakte support fra din browser. Afh\u00e6ngigt af dine m\u00e5l, <strong>Denne adaptive l\u00f8sning er stadig et gyldigt alternativ<\/strong> til en indbygget applikation, is\u00e6r hvis du skifter mellem sessioner p\u00e5 forskellige enheder.<\/p>\n\n<\/div>\n<\/div>\n<\/section>","protected":false},"excerpt":{"rendered":"<p>Vegas Hero Casino Bonus 100% jusqu&rsquo;\u00e0 500\u20ac + 200 Free Spins + 1 Bonus Crab Vegas Hero Casino Vegas Hero Casino, lanc\u00e9 en 2025 par Lumina Holdings Limitada, se pr\u00e9sente comme une alternative innovante, alliant design futuriste et ludoth\u00e8que vaste. D\u00e9couvrez une plateforme r\u00e9gul\u00e9e par la Costa Rica Gambling, avec des jeux sign\u00e9s NetEnt, Evolution &#8230; <a title=\"Home\" class=\"read-more\" href=\"https:\/\/vegas-heros.eu\/da\/\" aria-label=\"Read more about Home\">L\u00e6s mere <\/a><\/p>","protected":false},"author":1,"featured_media":0,"parent":0,"menu_order":0,"comment_status":"closed","ping_status":"closed","template":"","meta":{"footnotes":""},"class_list":["post-196","page","type-page","status-publish"],"_links":{"self":[{"href":"https:\/\/vegas-heros.eu\/da\/wp-json\/wp\/v2\/pages\/196","targetHints":{"allow":["GET"]}}],"collection":[{"href":"https:\/\/vegas-heros.eu\/da\/wp-json\/wp\/v2\/pages"}],"about":[{"href":"https:\/\/vegas-heros.eu\/da\/wp-json\/wp\/v2\/types\/page"}],"author":[{"embeddable":true,"href":"https:\/\/vegas-heros.eu\/da\/wp-json\/wp\/v2\/users\/1"}],"replies":[{"embeddable":true,"href":"https:\/\/vegas-heros.eu\/da\/wp-json\/wp\/v2\/comments?post=196"}],"version-history":[{"count":5,"href":"https:\/\/vegas-heros.eu\/da\/wp-json\/wp\/v2\/pages\/196\/revisions"}],"predecessor-version":[{"id":450,"href":"https:\/\/vegas-heros.eu\/da\/wp-json\/wp\/v2\/pages\/196\/revisions\/450"}],"wp:attachment":[{"href":"https:\/\/vegas-heros.eu\/da\/wp-json\/wp\/v2\/media?parent=196"}],"curies":[{"name":"wp","href":"https:\/\/api.w.org\/{rel}","templated":true}]}}