{"id":196,"date":"2024-03-12T15:11:15","date_gmt":"2024-03-12T15:11:15","guid":{"rendered":"http:\/\/gbp-kvd-simplicloud.local\/?page_id=196"},"modified":"2025-12-23T17:17:02","modified_gmt":"2025-12-23T17:17:02","slug":"home","status":"publish","type":"page","link":"https:\/\/vegas-heros.eu\/de\/","title":{"rendered":"Home"},"content":{"rendered":"<section class=\"gb-container gb-container-97936d6f gbp-section has-gradient-bg\">\n<div class=\"gb-container gb-container-5c426c81 gbp-section__inner\">\n<div class=\"gb-container gb-container-85ff4394\">\n\n<h1 class=\"gb-headline gb-headline-ac42f5a0 gb-headline-text gbp-section__headline\">Vegas Hero Casino<\/h1>\n\n\n\n<div class=\"gb-headline gb-headline-cfd565bd gb-headline-text gbp-section__text\"><strong><em>100% Bonus bis zu 500\u20ac + 200 Free Spins + 1 Crab Bonus<\/em><\/strong><\/div>\n\n\n<div class=\"gb-container gb-container-104fd3a4\">\n\n<a class=\"gb-button gb-button-cf2b5a50 gb-button-text gbp-button--primary\" href=\"https:\/\/vegas-heros.eu\/de\/go\/vegashero\/\" target=\"_blank\" rel=\"noopener noreferrer\">EINSCHREIBUNG<\/a>\n\n\n\n<a class=\"gb-button gb-button-86296e76 gb-button-text gbp-button--secondary\" href=\"https:\/\/vegas-heros.eu\/de\/go\/vegashero\/\" target=\"_blank\" rel=\"noopener noreferrer\">DEN BONUS AKTIVIEREN \ud83c\udf81.<\/a>\n\n<\/div>\n<\/div>\n\n\n<figure class=\"gb-block-image gb-block-image-4e8e4892\"><a href=\"https:\/\/vegas-heros.eu\/de\/go\/vegashero\/\" target=\"_blank\" rel=\"noopener noreferrer\"><img loading=\"lazy\" decoding=\"async\" width=\"1773\" height=\"520\" class=\"gb-image gb-image-4e8e4892\" src=\"https:\/\/vegas-heros.eu\/wp-content\/uploads\/2025\/11\/vegashero.jpg\" alt=\"vegashero\" title=\"vegashero\" srcset=\"https:\/\/vegas-heros.eu\/wp-content\/uploads\/2025\/11\/vegashero.jpg 1773w, https:\/\/vegas-heros.eu\/wp-content\/uploads\/2025\/11\/vegashero-300x88.jpg 300w, https:\/\/vegas-heros.eu\/wp-content\/uploads\/2025\/11\/vegashero-1024x300.jpg 1024w, https:\/\/vegas-heros.eu\/wp-content\/uploads\/2025\/11\/vegashero-768x225.jpg 768w, https:\/\/vegas-heros.eu\/wp-content\/uploads\/2025\/11\/vegashero-1536x450.jpg 1536w\" sizes=\"auto, (max-width: 1773px) 100vw, 1773px\" \/><\/a><\/figure>\n\n<\/div>\n\n<div class=\"gb-container gb-container-668e459a\">\n<div class=\"gb-container gb-container-b289406a\">\n\n<h2 class=\"gb-headline gb-headline-1c2d7772 gb-headline-text\">Vegas Hero Casino<\/h2>\n\n\n\n<p>Das Vegas Hero Casino wurde 2025 von Lumina Holdings Limitada gegr\u00fcndet und ist eine innovative Alternative, die futuristisches Design mit einer umfangreichen Spielothek verbindet. Entdecken Sie eine von der Costa Rica Gambling regulierte Plattform mit Spielen von NetEnt, Evolution Gaming und Pragmatic Play. Unsere Analyse untersucht ihre St\u00e4rken - attraktive Boni, mobile Erreichbarkeit, vielf\u00e4ltiges Angebot - und geht auch auf die Kritik an den Auszahlungen und dem manchmal mangelhaften Kundenservice ein. Eine <strong>ausgewogenes Eintauchen in die kontrastreiche Welt<\/strong> von Vegas Hero.<\/p>\n\n\n\n<ol class=\"wp-block-list\">\n<li><a href=\"#vegas-hero-avis\">Vegas Hero: Unsere umfassende Meinung zu diesem Online-Casino der n\u00e4chsten Generation<\/a><\/li>\n\n\n\n<li><a href=\"#bonus-promotions\">Von Vegas Hero angebotene Boni und Promotionen<\/a><\/li>\n\n\n\n<li><a href=\"#une-ludotheque-impressionnante-pour-tous-les-types-de-joueurs\">Eine beeindruckende Ludothek f\u00fcr alle Spielertypen<\/a><\/li>\n\n\n\n<li><a href=\"#paiements-securite\">Zahlungen und Sicherheit: eine zuverl\u00e4ssige Spielumgebung<\/a><\/li>\n\n\n\n<li><a href=\"#mobile\">Mobiles Erlebnis und Design: Spielen Sie \u00fcberall mit Stil<\/a><\/li>\n\n\n\n<li><a href=\"#avis-utilisateurs\">Spieler-Kommentare: Was denkt die Community \u00fcber Vegas Hero?<\/a><\/li>\n\n\n\n<li><a href=\"#verdict\">Unser Fazit: Ist Vegas Hero Casino die richtige Wahl f\u00fcr Sie?<\/a><\/li>\n<\/ol>\n\n\n\n<h2 class=\"wp-block-heading\" id=\"vegas-hero-avis\">Vegas Hero: Unsere umfassende Meinung zu diesem Online-Casino der n\u00e4chsten Generation<\/h2>\n\n\n\n<h3 class=\"wp-block-heading\">Die Nutzererfahrung beginnt mit einem fesselnden Design<\/h3>\n\n\n\n<p>Vegas Hero Casino besticht durch seine <strong>futuristische Benutzeroberfl\u00e4che, die schlichtes Design, helle Farben und fl\u00fcssige Navigation kombiniert<\/strong> pour une exp\u00e9rience immersive, loin du style sombre du <a href=\"https:\/\/lizaro.net\/\" target=\"_blank\" rel=\"noopener\">casino lizaro<\/a>. Les graphismes dynamiques et les menus intuitifs renforcent cette impression d\u2019innovation, id\u00e9ale pour les joueurs modernes.<\/p>\n\n\n\n<h3 class=\"wp-block-heading\">Warum Vegas Hero die Anh\u00e4nger des Online-Gl\u00fccksspiels anzieht<\/h3>\n\n\n\n<p>Das 2025 von Lumina Holdings Limitada ins Leben gerufene Casino bietet&nbsp;<strong>eine Spielothek mit 10.000+ Spielen, gro\u00dfz\u00fcgige Werbeaktionen<\/strong>und eine optimale mobile Anpassung. Entwickler wie NetEnt oder Microgaming garantieren eine hohe Qualit\u00e4t.<\/p>\n\n\n\n<p>Wir analysieren <strong>seine Schl\u00fcsselvorteile<\/strong> :<\/p>\n\n\n\n<ul class=\"wp-block-list\">\n<li>Verschiedene Spiele (Spielautomaten, Live-Croupiers) ;<\/li>\n\n\n\n<li>Sonderangebote und VIP-Programm ;<\/li>\n\n\n\n<li>Smartphone-\/Tablet-Kompatibilit\u00e4t ;<\/li>\n\n\n\n<li>Transparente Nutzermeinungen.<\/li>\n<\/ul>\n\n\n\n<p>Entdecken Sie seine St\u00e4rke.<\/p>\n\n\n\n<h3 class=\"wp-block-heading\">Ein Bekenntnis zu Qualit\u00e4t und Sicherheit<\/h3>\n\n\n\n<p>Unter Lizenz Costa Rica, Vegas Hero <strong>garantiert Sicherheit und Attraktivit\u00e4t<\/strong> mit Kryptow\u00e4hrungen und Live-Spielen. Diese Zertifizierung spiegelt ein faires Spiel und sichere Daten wider.<\/p>\n\n\n\n<p>Innovative und mobile-first-Plattform. Entdecken Sie die <strong>Nutzerfeedback<\/strong> im Folgenden.<\/p>\n\n\n\n<h2 class=\"wp-block-heading\" id=\"bonus-promotions\">Von Vegas Hero angebotene Boni und Promotionen<\/h2>\n\n\n\n<p>Das Online-Casino Vegas Hero besticht durch seine Werbeangebote und sein futuristisches Design, <strong>die Nutzererfahrung optimieren<\/strong>. Mit Spielen von Anbietern wie NetEnt oder Evolution Gaming vereint die Plattform Sicherheit, Vielfalt und Modernit\u00e4t.<\/p>\n\n\n\n<h3 class=\"wp-block-heading\">Der Willkommensbonus unter der Lupe<\/h3>\n\n\n\n<p>Profitieren Sie von einem <strong>Bonus von 300 % bis zu 800 \u20ac oder 100 %<\/strong> bis zu 500 $, mit 200 Gratisdrehungen (20 pro Tag, 10 Tage lang).<\/p>\n\n\n\n<p>Eine <strong>Mindesteinzahlung von 20 \u20ac oder $<\/strong> erforderlich ist, au\u00dfer \u00fcber Neteller oder Skrill.<\/p>\n\n\n\n<p>Die vielf\u00e4ltigen Spiele, von Spielautomaten bis zu Live-Spielen, und die immersive Benutzeroberfl\u00e4che machen <strong>dieser Vorteil ab der ersten Einzahlung zug\u00e4nglich<\/strong>. Die Aktivierung erfolgt sofort nach der Einzahlung.<\/p>\n\n\n\n<h3 class=\"wp-block-heading\">Verstehen der Bedingungen f\u00fcr das Setzen (Wager)<\/h3>\n\n\n\n<p>Der Bonus und die Einzahlung m\u00fcssen <strong>35 Mal eingesetzt, Gewinne aus Gratisdrehungen 40 Mal<\/strong>Die Sch\u00fclerinnen und Sch\u00fcler sollten \u00fcber einen Zeitraum von 10 Tagen einen Kurs besuchen.<\/p>\n\n\n\n<p>Der maximale Einsatz ist auf 5 \u20ac oder $ mit einem aktiven Bonus beschr\u00e4nkt. Bei Spielautomaten werden 100 % der Eins\u00e4tze gewertet, bei Video Poker oder Live-Spielen sind es 10 %. Diese Struktur <strong>beg\u00fcnstigt Gelegenheitsspieler<\/strong> unter Einhaltung der Transparenzregeln.<\/p>\n\n\n\n<h3 class=\"wp-block-heading\">Regelm\u00e4\u00dfige Sonderangebote und VIP-Programm<\/h3>\n\n\n\n<p>Mitglieder profitieren von w\u00f6chentlichem Cashback, Aufladeboni und monatlichen Herausforderungen f\u00fcr <strong>Auszeichnungen vervielfachen<\/strong>.<\/p>\n\n\n\n<p><strong>Das VIP-Programm (Stufen Bronze, Silber, Gold)<\/strong> vorschl\u00e4gt :<\/p>\n\n\n\n<ul class=\"wp-block-list\">\n<li>Limits <strong>erh\u00f6hter Abzug<\/strong>.<\/li>\n\n\n\n<li><strong>Pers\u00f6nliche Verwaltung \u00fcber einen dedizierten Betreuer.<\/strong><\/li>\n\n\n\n<li><strong>Exklusive Einladungen zu Veranstaltungen<\/strong>.<\/li>\n<\/ul>\n\n\n\n<p>Das futuristische Design und die flie\u00dfenden Bewegungen der Seite steigern ihre Attraktivit\u00e4t. Die Plattform, die von der MGA und der UK Gambling Commission lizenziert ist, garantiert Zuverl\u00e4ssigkeit. Die Spieler loben die Reaktionsf\u00e4higkeit des 24\/7-Supports und die Personalisierung der Angebote.<\/p>\n\n\n\n<h2 class=\"wp-block-heading\" id=\"une-ludotheque-impressionnante-pour-tous-les-types-de-joueurs\">Eine beeindruckende Ludothek f\u00fcr alle Spielertypen<\/h2>\n\n\n\n<p>Warum zeichnet sich das Vegas Hero Casino aus? Durch <strong>eine reiche und vielf\u00e4ltige Ludothek<\/strong>Die Website wurde entwickelt, um alle Liebhaber von Online-Spielen zufrieden zu stellen. Schon beim Betreten der Website vereint das Erlebnis Qualit\u00e4t, Zug\u00e4nglichkeit und Immersion.<\/p>\n\n\n\n<h3 class=\"wp-block-heading\" id=\"un-catalogue-de-jeux-quasi-infini\">Ein nahezu unendlicher Katalog an Spielen<\/h3>\n\n\n\n<p>Mit \u00fcber 1.300 Titeln bietet das Vegas Hero Casino <strong>eine Auswahl, die weit \u00fcber dem Marktdurchschnitt liegt<\/strong>.<\/p>\n\n\n\n<p>Von Klassikern \u00fcber Neuheiten bis hin zu Spielautomaten mit progressivem Jackpot, <strong>jeder Spieler kommt auf seine Kosten<\/strong>. Diese Vielfalt garantiert Unterhaltung ohne Wiederholungen, die f\u00fcr jeden Geschmack geeignet ist.<\/p>\n\n\n\n<h3 class=\"wp-block-heading\" id=\"les-meilleurs-fournisseurs-de-logiciels-du-marche\">Die besten Softwareanbieter auf dem Markt<\/h3>\n\n\n\n<p>Um Qualit\u00e4t und Zuverl\u00e4ssigkeit zu gew\u00e4hrleisten, <strong>Vegas Hero Casino arbeitet mit renommierten Verlagen zusammen<\/strong> NetEnt, Evolution Gaming, Microgaming, Quickspin oder Pragmatic Play.<\/p>\n\n\n\n<p>Ihre Spiele mit liebevoll gestalteten Grafiken und innovativen Mechaniken erf\u00fcllen die h\u00f6chsten Standards. <strong>Eine Garantie f\u00fcr Fairness und Immersion f\u00fcr alle Nutzer.<\/strong><\/p>\n\n\n\n<h3 class=\"wp-block-heading\" id=\"une-offre-de-jeu-variee\">Ein vielf\u00e4ltiges Spielangebot<\/h3>\n\n\n\n<p>Was auch immer Ihr Profil ist, Vegas Hero Casino <strong>bietet angepasste Aktivit\u00e4ten an<\/strong> :<\/p>\n\n\n\n<ul class=\"wp-block-list\">\n<li><strong>Spielautomaten<\/strong> : klassisch, 3D, mit progressivem Jackpot.<\/li>\n\n\n\n<li><strong>Tischspiele<\/strong> : Blackjack, Roulette, Baccarat in verschiedenen Varianten.<\/li>\n\n\n\n<li><strong>Live-Kasino<\/strong> : Spiele, die von echten Croupiers moderiert werden.<\/li>\n\n\n\n<li><strong>Spiele mit progressivem Jackpot<\/strong> : f\u00fcr au\u00dfergew\u00f6hnliche Gewinne.<\/li>\n\n\n\n<li><strong>Sportwetten<\/strong> : eine Erweiterung des Angebots \u00fcber das klassische Casino hinaus.<\/li>\n<\/ul>\n\n\n\n<p>Das futuristische Design und die intuitive Benutzeroberfl\u00e4che erleichtern den Zugang zu dieser Vielfalt. Es wird auch ein Demo-Modus angeboten, um <strong>Spiele testen, bevor Sie echtes Geld einsetzen<\/strong>.<\/p>\n\n\n\n<h2 class=\"wp-block-heading\" id=\"paiements-securite\">Zahlungen und Sicherheit: eine zuverl\u00e4ssige Spielumgebung<\/h2>\n\n\n\n<h3 class=\"wp-block-heading\">Die verf\u00fcgbaren Einzahlungs- und Abhebungsmethoden<\/h3>\n\n\n\n<p>Ein reibungsloser Zugang zu den Spielen h\u00e4ngt von den Zahlungsoptionen ab. Vegas Hero Casino bot <strong>moderne und sichere L\u00f6sungen f\u00fcr Ein- und Auszahlungen<\/strong>.<\/p>\n\n\n\n<figure class=\"wp-block-table\"><table class=\"has-fixed-layout\"><thead><tr><th>Kategorie der Zahlung<\/th><th>Beispiele f\u00fcr Methoden<\/th><th>M\u00f6gliche Einzahlung<\/th><th>R\u00fcckzug m\u00f6glich<\/th><\/tr><\/thead><tbody><tr><td>Bankkarten<\/td><td>Visa \/ Mastercard<\/td><td>Ja<\/td><td>Ja<\/td><\/tr><tr><td>Elektronische Brieftaschen (E-wallets)<\/td><td>Skrill \/ Neteller \/ ecoPayz<\/td><td>Ja<\/td><td>Ja<\/td><\/tr><tr><td>Prepaid-Karten<\/td><td>Paysafecard<\/td><td>Ja<\/td><td>Nicht<\/td><\/tr><tr><td>Bank\u00fcberweisung<\/td><td>Bank\u00fcberweisung<\/td><td>Ja<\/td><td>Ja<\/td><\/tr><\/tbody><\/table><\/figure>\n\n\n\n<p>Die Einzahlungen erfolgten \u00fcberwiegend sofort. Die Mindesteinzahlung betrug 10 \u20ac, ohne zus\u00e4tzliche Geb\u00fchren. Die Auszahlungen variierten zwischen einigen Stunden (E-Wallets) und 3-5 Tagen (\u00dcberweisungen). <strong>Es wurden keine Geb\u00fchren vom Vegas Hero Casino erhoben.<\/strong>Die Kosten f\u00fcr die Nutzung des Internets sind transparent.<\/p>\n\n\n\n<h3 class=\"wp-block-heading\">Lizenzierung und Regulierung: Ihre Sicherheit geht vor<\/h3>\n\n\n\n<p>Vegas Hero Casino st\u00fctzte sich auf wichtige Zertifizierungen. Der Betreiber, Genesis Global Limited, war von der Malta Gaming Authority (MGA) und der UK Gambling Commission (UKGC) lizenziert und garantierte damit eine hohe Sicherheit. <strong>hohe Standards f\u00fcr Fairness und Datenschutz<\/strong>.<\/p>\n\n\n\n<p>SSL-Kryptografie sicherte die Transaktionen. Zu den regelm\u00e4\u00dfigen Kontrollen geh\u00f6rten unabh\u00e4ngige Pr\u00fcfungen, um Fairness zu gew\u00e4hrleisten. Diese Ma\u00dfnahmen boten den Spielern einen vertrauensw\u00fcrdigen Rahmen f\u00fcr ihre Online-Aktivit\u00e4ten, mit einer <strong>h\u00f6chste Priorit\u00e4t f\u00fcr die Sicherheit von pers\u00f6nlichen und finanziellen Informationen<\/strong>.<\/p>\n\n\n\n<h2 class=\"wp-block-heading\" id=\"mobile\">Mobiles Erlebnis und Design: Spielen Sie \u00fcberall mit Stil<\/h2>\n\n\n\n<h3 class=\"wp-block-heading\">Modernes Design und fl\u00fcssige Navigation<\/h3>\n\n\n\n<p>Die Vegas Hero Casino-Website tr\u00e4gt eine <strong>futuristische \u00c4sthetik, verbunden mit einer klaren und intuitiven Benutzeroberfl\u00e4che<\/strong>.<\/p>\n\n\n\n<p>Die Spieler profitieren von einer strukturierten Organisation: Spiele, Boni und Informationen sind <strong>mit einem Klick zug\u00e4nglich, auch f\u00fcr Neulinge<\/strong>.<\/p>\n\n\n\n<p>Dynamische Grafiken und leichte Animationen verst\u00e4rken die Immersion, w\u00e4hrend die Navigation fl\u00fcssig bleibt. Ein echter Vorteil f\u00fcr <strong>die Aufmerksamkeit schon beim ersten Login auf sich ziehen<\/strong>.<\/p>\n\n\n\n<h3 class=\"wp-block-heading\">Das Vegas Hero-Erlebnis auf Smartphones und Tablets<\/h3>\n\n\n\n<p>Kein Herunterladen einer App n\u00f6tig : <strong>die Seite passt sich automatisch an alle Bildschirme an<\/strong> \u00fcber sein responsives Design.<\/p>\n\n\n\n<p>Schl\u00fcsselfunktionen wie Einzahlungen, Abhebungen oder Zugang zum Support <strong>bleiben mobil einsatzf\u00e4hig, ohne Qualit\u00e4tsverlust<\/strong>.<\/p>\n\n\n\n<p>Die wenigen positiven Meinungen bemerken eine <strong>optimale Ladegeschwindigkeit<\/strong>sogar \u00fcber 4G-Verbindungen. Eine praktische L\u00f6sung, um unterwegs zu spielen, ohne viel Platz zu beanspruchen.<\/p>\n\n\n\n<p>Dank dieser Zug\u00e4nglichkeit behauptet sich Vegas Hero als Online-Casino <strong>f\u00fcr eine vernetzte Generation gedacht, die Modernit\u00e4t und Praktikabilit\u00e4t verbindet<\/strong>.<\/p>\n\n\n\n<h2 class=\"wp-block-heading\" id=\"avis-utilisateurs\">Spieler-Kommentare: Was denkt die Community \u00fcber Vegas Hero?<\/h2>\n\n\n\n<h3 class=\"wp-block-heading\">Von den Nutzern gesch\u00e4tzte St\u00e4rken<\/h3>\n\n\n\n<p>Viele Spieler betonen die <strong>gro\u00dfe Auswahl an Spielen im Vegas Hero Casino<\/strong>. Durch Partnerschaften mit renommierten Anbietern wie NetEnt, Evolution Gaming, Microgaming, Quickspin und Pragmatic Play bietet die Seite qualitativ hochwertige Spielautomaten, Tischspiele und Live-Dealer.<\/p>\n\n\n\n<p>Das Design der Seite wird oft als mutig und thematisch beschrieben, mit einem Superhelden-Thema, das einen futuristischen und einnehmenden Eindruck vermittelt. Einige Nutzer merken au\u00dferdem an <strong>ein fl\u00fcssiges Spielerlebnis ohne wiederkehrende Fehler oder Verz\u00f6gerungen<\/strong>.<\/p>\n\n\n\n<p>F\u00fcr eine Minderheit von Spielern, <strong>die Abhebungen verliefen reibungslos<\/strong>manchmal sogar innerhalb von drei Tagen. Eine Bewertung zeugt sogar von einem reaktionsschnellen und freundlichen Kundenservice mit einer effizienten L\u00f6sung eines kleinen Problems.<\/p>\n\n\n\n<h3 class=\"wp-block-heading\">Von der Community angesprochene Wachsamkeitspunkte<\/h3>\n\n\n\n<p>Um Ihnen jedoch ein vollst\u00e4ndiges Bild zu bieten, ist es wichtig, die erhobenen kritischen R\u00fcckmeldungen zu erw\u00e4hnen. Auf Trustpilot, <strong>Vegas Hero Casino hat eine durchschnittliche Bewertung von 2.9\/5 erhalten.<\/strong>basierend auf 23 Meinungen.<\/p>\n\n\n\n<p><strong>Die wichtigsten Wachsamkeitspunkte<\/strong> betreffen :<\/p>\n\n\n\n<ul class=\"wp-block-list\">\n<li><strong>Als lang empfundene Abhebungszeiten<\/strong>Die Zeit, in der Sie sich in der Schule aufhalten, kann von mehreren Tagen bis zu mehreren Wochen dauern.<\/li>\n\n\n\n<li><strong>Schwierigkeiten, einen Kundenservice zu erreichen<\/strong> oft als reaktiv \u00fcber automatisierte Nachrichten oder sich wiederholende Skripte beschrieben.<\/li>\n\n\n\n<li><strong>Stornierungen von Abhebungen<\/strong>Die meisten Sch\u00fclerinnen und Sch\u00fcler, die in der Schule sind, haben in der Regel keine Probleme, die auf zus\u00e4tzliche \u00dcberpr\u00fcfungen oder technische Probleme zur\u00fcckzuf\u00fchren sind.<\/li>\n<\/ul>\n\n\n\n<p>Um Unannehmlichkeiten zu vermeiden, empfehlen wir, die Allgemeinen Nutzungsbedingungen sorgf\u00e4ltig zu lesen und das eigene Konto gleich nach der Anmeldung zu \u00fcberpr\u00fcfen. Dies <strong>erleichtert Transaktionen und verringert das Risiko von Blockaden<\/strong>.<\/p>\n\n\n\n<h2 class=\"wp-block-heading\" id=\"verdict\">Unser Fazit: Ist Vegas Hero Casino die richtige Wahl f\u00fcr Sie?<\/h2>\n\n\n\n<p>Das Vegas Hero Casino bietet \u00fcber 1300 Spiele von f\u00fchrenden Anbietern (NetEnt, Evolution Gaming, Microgaming). Das futuristische, mobilfreundliche Design und die attraktiven Boni (bis zu 800 \u20ac + Gratisdrehungen) machen das Casino zu einem der besten seiner Art. <strong>eine moderne Plattform<\/strong>. Die MGA- und UKGC-Lizenzen sorgen f\u00fcr einen sicheren theoretischen Rahmen.<\/p>\n\n\n\n<p>F\u00fcr Fans von abwechslungsreichen Spielen und Sonderangeboten, <strong>Vegas Hero setzt sich durch<\/strong>. Seine Spielothek, die fl\u00fcssige Benutzeroberfl\u00e4che und das VIP-Programm richten sich an Spieler, die nach einem immersiven Erlebnis suchen.<\/p>\n\n\n\n<p>Die Meinungen gehen jedoch auseinander. W\u00e4hrend einige die Qualit\u00e4t der Einzahlungen und der Benutzeroberfl\u00e4che hervorheben, bem\u00e4ngeln andere Verz\u00f6gerungen bei Abhebungen oder einen wenig reaktionsschnellen Kundenservice. Bevor Sie sich verpflichten, sollten Sie die Bedingungen (Einsatzanforderungen, Auszahlungslimits) \u00fcberpr\u00fcfen. Bevorzugen Sie verantwortungsbewusstes Spielen und erkunden Sie die Plattform mit Bedacht. Eine m\u00f6gliche Entdeckung, aber <strong>vorbehaltlich einer sorgf\u00e4ltigen Lekt\u00fcre der Begriffe<\/strong>.<\/p>\n\n\n\n<p>Vegas Hero Casino bietet eine <strong>vielf\u00e4ltige Spielbibliothek, futuristisches Design und MGA\/UKGC-Lizenzen<\/strong>. Allerdings sind Verz\u00f6gerungen bei der Auszahlung, ein schlechter Kundenservice und strenge Bonusbedingungen <strong>nuancieren die Meinung<\/strong>. F\u00fcr eine informierte Erfahrung \u00fcberpr\u00fcfen Sie Ihre rechtlichen Dokumente, antizipieren Sie Kontopr\u00fcfungen und <strong>setzen Sie auf Vorsicht<\/strong>.<\/p>\n\n\n\n<h2 class=\"wp-block-heading\">FAQ<\/h2>\n\n\n\n<h3 class=\"wp-block-heading\">Ist das Vegas Hero Casino eine zuverl\u00e4ssige und sichere Seite?<\/h3>\n\n\n\n<p>Es ist wichtig zu erw\u00e4hnen, dass Vegas Hero Casino Genesis Global Limited geh\u00f6rt, einem Unternehmen mit renommierten Lizenzen (MGA und UKGC). Diese Regulierungen garantieren einen anspruchsvollen rechtlichen Rahmen f\u00fcr das Spielen.<strong>Spielfairness und Datenschutz<\/strong>.<\/p>\n\n\n\n<p>Allerdings sind die <strong>Feedback von Spielern ist gemischt<\/strong>. Einige nennen Schwierigkeiten, ihre Gewinne auszuzahlen oder einen effizienten Kundenservice zu erreichen. Gleichzeitig hat die Plattform ein starkes Sicherheitsversprechen, was neue Nutzer beruhigen kann. Eine \u00dcberpr\u00fcfung der Nutzungsbedingungen vor dem Spielen ist dennoch empfehlenswert.<\/p>\n\n\n\n<h3 class=\"wp-block-heading\">Welche Boni und Promotionen gibt es bei Vegas Hero?<\/h3>\n\n\n\n<p>Wir haben festgestellt, dass Vegas Hero ein verlockendes Willkommensangebot anbietet: <strong>einen Bonus von 300 % bis zu 800 \u20ac.<\/strong>Das Spiel wird mit 200 Gratisrunden \u00fcber 10 Tage verteilt angeboten.<\/p>\n\n\n\n<p>Damit unsere Nutzer die Bedingungen verstehen, hier die Details: Einzahlungen und Boni m\u00fcssen 35 Mal umgesetzt werden, w\u00e4hrend Gewinne aus Gratisdrehungen einen 40-fachen Wager erfordern. In der Praxis bedeutet dies, dass bei einer Einzahlung von 20 \u20ac + 60 \u20ac Bonus (d. h. 80 \u20ac) Folgendes erforderlich w\u00e4re <strong>miser 2 800 \u20ac<\/strong> (80 \u20ac x 35), um den Bonus freizusetzen. Je nach Land gelten au\u00dferdem Einschr\u00e4nkungen bei den Zahlungsmethoden und den maximalen Gewinnen.<\/p>\n\n\n\n<h3 class=\"wp-block-heading\">Ist die Spielothek von Vegas Hero vielf\u00e4ltig?<\/h3>\n\n\n\n<p>Mit \u00fcber 1.300 Spielen, <strong>Vegas Hero positioniert sich als vielseitige Plattform<\/strong>. F\u00fcr Spielautomatenliebhaber gibt es Klassiker und Neuheiten von f\u00fchrenden Anbietern wie NetEnt, Pragmatic Play oder Evolution Gaming f\u00fcr das Live-Casino.<\/p>\n\n\n\n<p>Tischspiele (Blackjack, Roulette) und progressive Jackpots sind ebenfalls vorhanden. Sportwetten runden das Angebot ab. <strong>Wir empfehlen, die Spiele im kostenlosen Modus zu testen<\/strong> bevor er\/sie echtes Geld einsetzt, um seine\/ihre Vorlieben zu erkennen.<\/p>\n\n\n\n<h3 class=\"wp-block-heading\">Welche wiederkehrenden Probleme gibt es bei Abhebungen?<\/h3>\n\n\n\n<p>Mehrere Online-Meinungen betonen <strong>Verz\u00f6gerungen bei der Bearbeitung von Abhebungen<\/strong>Dies kann bis zu mehreren Wochen dauern. Es wird auch von Stornierungen von Transaktionen unter dem Vorwand von \u00dcberpr\u00fcfungen berichtet.<\/p>\n\n\n\n<p>Im Gegensatz dazu h\u00e4lt sich Vegas Hero nach eigenen Angaben bei den herk\u00f6mmlichen Methoden (\u00dcberweisungen, Karten, E-Wallets) an die branchen\u00fcblichen Fristen. Entscheidend ist, dass <strong>die Schnelligkeit der Einzahlungen (in der Regel sofort) steht im Gegensatz zu diesen Abzugsproblemen<\/strong>. Um Unannehmlichkeiten zu begrenzen, \u00fcberpr\u00fcfen Sie Ihre Anmeldedaten und Dokumente, bevor Sie eine Abhebung beantragen.<\/p>\n\n\n\n<h3 class=\"wp-block-heading\">Ist es m\u00f6glich, Vegas Hero auf einem Handy zu spielen?<\/h3>\n\n\n\n<p>Das Casino bietet keine eigene App an. Allerdings <strong>die mobile Version der Website ist voll funktionsf\u00e4hig und optimiert<\/strong> f\u00fcr Smartphones und Tablets.<\/p>\n\n\n\n<p>Sie k\u00f6nnen \u00fcber Ihren Browser auf alle Spiele zugreifen, Ihre Ein- und Auszahlungen verwalten und den Support kontaktieren. Je nach Ihren Zielen <strong>diese adaptive L\u00f6sung bleibt eine g\u00fcltige Alternative<\/strong> zu einer nativen Anwendung, insbesondere wenn Sie abwechselnd auf verschiedenen Ger\u00e4ten Sitzungen abhalten.<\/p>\n\n<\/div>\n<\/div>\n<\/section>","protected":false},"excerpt":{"rendered":"<p>Vegas Hero Casino Bonus 100% jusqu&rsquo;\u00e0 500\u20ac + 200 Free Spins + 1 Bonus Crab Vegas Hero Casino Vegas Hero Casino, lanc\u00e9 en 2025 par Lumina Holdings Limitada, se pr\u00e9sente comme une alternative innovante, alliant design futuriste et ludoth\u00e8que vaste. D\u00e9couvrez une plateforme r\u00e9gul\u00e9e par la Costa Rica Gambling, avec des jeux sign\u00e9s NetEnt, Evolution &#8230; <a title=\"Home\" class=\"read-more\" href=\"https:\/\/vegas-heros.eu\/de\/\" aria-label=\"Mehr Informationen \u00fcber Home\">Weiterlesen<\/a><\/p>","protected":false},"author":1,"featured_media":0,"parent":0,"menu_order":0,"comment_status":"closed","ping_status":"closed","template":"","meta":{"footnotes":""},"class_list":["post-196","page","type-page","status-publish"],"_links":{"self":[{"href":"https:\/\/vegas-heros.eu\/de\/wp-json\/wp\/v2\/pages\/196","targetHints":{"allow":["GET"]}}],"collection":[{"href":"https:\/\/vegas-heros.eu\/de\/wp-json\/wp\/v2\/pages"}],"about":[{"href":"https:\/\/vegas-heros.eu\/de\/wp-json\/wp\/v2\/types\/page"}],"author":[{"embeddable":true,"href":"https:\/\/vegas-heros.eu\/de\/wp-json\/wp\/v2\/users\/1"}],"replies":[{"embeddable":true,"href":"https:\/\/vegas-heros.eu\/de\/wp-json\/wp\/v2\/comments?post=196"}],"version-history":[{"count":5,"href":"https:\/\/vegas-heros.eu\/de\/wp-json\/wp\/v2\/pages\/196\/revisions"}],"predecessor-version":[{"id":450,"href":"https:\/\/vegas-heros.eu\/de\/wp-json\/wp\/v2\/pages\/196\/revisions\/450"}],"wp:attachment":[{"href":"https:\/\/vegas-heros.eu\/de\/wp-json\/wp\/v2\/media?parent=196"}],"curies":[{"name":"wp","href":"https:\/\/api.w.org\/{rel}","templated":true}]}}