{"id":196,"date":"2024-03-12T15:11:15","date_gmt":"2024-03-12T15:11:15","guid":{"rendered":"http:\/\/gbp-kvd-simplicloud.local\/?page_id=196"},"modified":"2025-12-23T17:17:02","modified_gmt":"2025-12-23T17:17:02","slug":"home","status":"publish","type":"page","link":"https:\/\/vegas-heros.eu\/es\/","title":{"rendered":"Home"},"content":{"rendered":"<section class=\"gb-container gb-container-97936d6f gbp-section has-gradient-bg\">\n<div class=\"gb-container gb-container-5c426c81 gbp-section__inner\">\n<div class=\"gb-container gb-container-85ff4394\">\n\n<h1 class=\"gb-headline gb-headline-ac42f5a0 gb-headline-text gbp-section__headline\">Casino Vegas Hero<\/h1>\n\n\n\n<div class=\"gb-headline gb-headline-cfd565bd gb-headline-text gbp-section__text\"><strong><em>100% Bono hasta 500 \u00a4 + 200 Tiradas Gratis + 1 Bono Cangrejo<\/em><\/strong><\/div>\n\n\n<div class=\"gb-container gb-container-104fd3a4\">\n\n<a class=\"gb-button gb-button-cf2b5a50 gb-button-text gbp-button--primary\" href=\"https:\/\/vegas-heros.eu\/es\/go\/vegashero\/\" target=\"_blank\" rel=\"noopener noreferrer\">INSCRIPCI\u00d3N<\/a>\n\n\n\n<a class=\"gb-button gb-button-86296e76 gb-button-text gbp-button--secondary\" href=\"https:\/\/vegas-heros.eu\/es\/go\/vegashero\/\" target=\"_blank\" rel=\"noopener noreferrer\">ACTIVAR LA BONIFICACI\u00d3N \ud83c\udf81<\/a>\n\n<\/div>\n<\/div>\n\n\n<figure class=\"gb-block-image gb-block-image-4e8e4892\"><a href=\"https:\/\/vegas-heros.eu\/es\/go\/vegashero\/\" target=\"_blank\" rel=\"noopener noreferrer\"><img loading=\"lazy\" decoding=\"async\" width=\"1773\" height=\"520\" class=\"gb-image gb-image-4e8e4892\" src=\"https:\/\/vegas-heros.eu\/wp-content\/uploads\/2025\/11\/vegashero.jpg\" alt=\"vegashero\" title=\"vegashero\" srcset=\"https:\/\/vegas-heros.eu\/wp-content\/uploads\/2025\/11\/vegashero.jpg 1773w, https:\/\/vegas-heros.eu\/wp-content\/uploads\/2025\/11\/vegashero-300x88.jpg 300w, https:\/\/vegas-heros.eu\/wp-content\/uploads\/2025\/11\/vegashero-1024x300.jpg 1024w, https:\/\/vegas-heros.eu\/wp-content\/uploads\/2025\/11\/vegashero-768x225.jpg 768w, https:\/\/vegas-heros.eu\/wp-content\/uploads\/2025\/11\/vegashero-1536x450.jpg 1536w\" sizes=\"auto, (max-width: 1773px) 100vw, 1773px\" \/><\/a><\/figure>\n\n<\/div>\n\n<div class=\"gb-container gb-container-668e459a\">\n<div class=\"gb-container gb-container-b289406a\">\n\n<h2 class=\"gb-headline gb-headline-1c2d7772 gb-headline-text\">Casino Vegas Hero<\/h2>\n\n\n\n<p>Vegas Hero Casino, lanzado en 2025 por Lumina Holdings Limitada, se presenta como una alternativa innovadora, combinando un dise\u00f1o futurista con una amplia biblioteca de juegos. Descubre una plataforma regulada por Costa Rica Gambling, con juegos de NetEnt, Evolution Gaming y Pragmatic Play. Nuestro an\u00e1lisis explora sus puntos fuertes -bonos atractivos, accesibilidad m\u00f3vil, oferta variada- al tiempo que examina las cr\u00edticas sobre las retiradas de fondos y un servicio de atenci\u00f3n al cliente a veces defectuoso. A <strong>una inmersi\u00f3n equilibrada en el mundo de los contrastes<\/strong> de Vegas Hero.<\/p>\n\n\n\n<ol class=\"wp-block-list\">\n<li><a href=\"#vegas-hero-avis\">Vegas Hero: nuestro an\u00e1lisis completo de este casino en l\u00ednea de \u00faltima generaci\u00f3n<\/a><\/li>\n\n\n\n<li><a href=\"#bonus-promotions\">Bonos y promociones de Vegas Hero<\/a><\/li>\n\n\n\n<li><a href=\"#une-ludotheque-impressionnante-pour-tous-les-types-de-joueurs\">Una impresionante biblioteca de juegos para todo tipo de jugadores<\/a><\/li>\n\n\n\n<li><a href=\"#paiements-securite\">Pagos y seguridad: un entorno de juego fiable<\/a><\/li>\n\n\n\n<li><a href=\"#mobile\">Experiencia y dise\u00f1o m\u00f3viles: jugar en cualquier lugar con estilo<\/a><\/li>\n\n\n\n<li><a href=\"#avis-utilisateurs\">Opiniones de los jugadores: \u00bfqu\u00e9 opina la comunidad de Vegas Hero?<\/a><\/li>\n\n\n\n<li><a href=\"#verdict\">Nuestro veredicto: \u00bfEs Vegas Hero Casino la mejor opci\u00f3n para usted?<\/a><\/li>\n<\/ol>\n\n\n\n<h2 class=\"wp-block-heading\" id=\"vegas-hero-avis\">Vegas Hero: nuestro an\u00e1lisis completo de este casino en l\u00ednea de \u00faltima generaci\u00f3n<\/h2>\n\n\n\n<h3 class=\"wp-block-heading\">La experiencia del usuario empieza por un dise\u00f1o cautivador<\/h3>\n\n\n\n<p>Vegas Hero Casino seduce con su <strong>Interfaz futurista, que combina un dise\u00f1o limpio, colores vivos y una navegaci\u00f3n fluida.<\/strong> pour une exp\u00e9rience immersive, loin du style sombre du <a href=\"https:\/\/lizaro.net\/\" target=\"_blank\" rel=\"noopener\">casino lizaro<\/a>. Les graphismes dynamiques et les menus intuitifs renforcent cette impression d\u2019innovation, id\u00e9ale pour les joueurs modernes.<\/p>\n\n\n\n<h3 class=\"wp-block-heading\">Por qu\u00e9 Vegas Hero atrae a los aficionados al juego en l\u00ednea<\/h3>\n\n\n\n<p>Lanzado en 2025 por Lumina Holdings Limitada, este casino ofrece&nbsp;<strong>una ludoteca con m\u00e1s de 10.000 juegos, generosas promociones<\/strong>y una \u00f3ptima adaptaci\u00f3n m\u00f3vil. Desarrolladores como NetEnt y Microgaming garantizan una alta calidad.<\/p>\n\n\n\n<p>Analizamos <strong>sus activos clave<\/strong> :<\/p>\n\n\n\n<ul class=\"wp-block-list\">\n<li>Variedad de juegos (m\u00e1quinas tragaperras, crupieres en vivo) ;<\/li>\n\n\n\n<li>Promociones y programa VIP ;<\/li>\n\n\n\n<li>Compatibilidad con tel\u00e9fonos inteligentes y tabletas ;<\/li>\n\n\n\n<li>Opiniones transparentes de los usuarios.<\/li>\n<\/ul>\n\n\n\n<p>Descubre su fuerza.<\/p>\n\n\n\n<h3 class=\"wp-block-heading\">Compromiso con la calidad y la seguridad<\/h3>\n\n\n\n<p>Con licencia de Costa Rica, Vegas Hero <strong>garantiza seguridad y atractivo<\/strong> con criptomonedas y juegos en vivo. Esta certificaci\u00f3n refleja el juego limpio y la seguridad de los datos.<\/p>\n\n\n\n<p>Plataforma innovadora y orientada al m\u00f3vil. Descubra la <strong>comentarios de los usuarios<\/strong> abajo.<\/p>\n\n\n\n<h2 class=\"wp-block-heading\" id=\"bonus-promotions\">Bonos y promociones de Vegas Hero<\/h2>\n\n\n\n<p>El casino en l\u00ednea Vegas Hero cautiva con sus ofertas promocionales y su dise\u00f1o futurista, <strong>optimizar la experiencia del usuario<\/strong>. Con juegos de proveedores como NetEnt y Evolution Gaming, la plataforma combina seguridad, diversidad y modernidad.<\/p>\n\n\n\n<h3 class=\"wp-block-heading\">La bonificaci\u00f3n de bienvenida bajo la lupa<\/h3>\n\n\n\n<p>Benef\u00edciese de <strong>bonificaci\u00f3n de 300 % hasta 800 euros o 100 %<\/strong> hasta 500 $, con 200 tiradas gratuitas (20 al d\u00eda durante 10 d\u00edas).<\/p>\n\n\n\n<p>A <strong>dep\u00f3sito m\u00ednimo de 20 euros o $<\/strong> excepto a trav\u00e9s de Neteller o Skrill.<\/p>\n\n\n\n<p>La amplia gama de juegos, desde m\u00e1quinas tragaperras a juegos en vivo, y la interfaz envolvente facilitan el conocimiento de sus clientes. <strong>esta ventaja est\u00e1 disponible desde el primer dep\u00f3sito<\/strong>. La activaci\u00f3n es inmediata tras el ingreso.<\/p>\n\n\n\n<h3 class=\"wp-block-heading\">Comprender las condiciones de las apuestas<\/h3>\n\n\n\n<p>La bonificaci\u00f3n y el ingreso deben ser <strong>apostado 35 veces, tiradas gratis ganadas 40 veces<\/strong>durante 10 d\u00edas.<\/p>\n\n\n\n<p>La apuesta m\u00e1xima est\u00e1 limitada a 5 euros o $ con una bonificaci\u00f3n activa. Las m\u00e1quinas tragaperras valen 100 % de apuesta, frente a los 10 % del video p\u00f3quer o los juegos en vivo. Esta estructura <strong>anima a los jugadores ocasionales<\/strong> respetando las normas de transparencia.<\/p>\n\n\n\n<h3 class=\"wp-block-heading\">Promociones peri\u00f3dicas y programa VIP<\/h3>\n\n\n\n<p>Los miembros se benefician de devoluciones semanales, bonificaciones por recarga y retos mensuales para <strong>multiplica las recompensas<\/strong>.<\/p>\n\n\n\n<p><strong>Programa VIP (niveles Bronce, Plata y Oro)<\/strong> propone :<\/p>\n\n\n\n<ul class=\"wp-block-list\">\n<li>L\u00edmites <strong>aumento de los importes de retirada<\/strong>.<\/li>\n\n\n\n<li><strong>Gesti\u00f3n personalizada a trav\u00e9s de un gestor dedicado.<\/strong><\/li>\n\n\n\n<li><strong>Invitaciones exclusivas a eventos<\/strong>.<\/li>\n<\/ul>\n\n\n\n<p>El dise\u00f1o futurista y la fluidez del sitio aumentan su atractivo. La plataforma, autorizada por la MGA y la UK Gambling Commission, garantiza la fiabilidad. Los jugadores valoran la capacidad de respuesta del servicio de asistencia 24\/7 y las ofertas personalizadas.<\/p>\n\n\n\n<h2 class=\"wp-block-heading\" id=\"une-ludotheque-impressionnante-pour-tous-les-types-de-joueurs\">Una impresionante biblioteca de juegos para todo tipo de jugadores<\/h2>\n\n\n\n<p>\u00bfPor qu\u00e9 destaca Vegas Hero Casino? Gracias a <strong>una biblioteca de juegos rica y variada<\/strong>dise\u00f1ado para satisfacer a todos los aficionados a los juegos en l\u00ednea. Desde el momento en que entras en el sitio, la experiencia combina calidad, accesibilidad e inmersi\u00f3n.<\/p>\n\n\n\n<h3 class=\"wp-block-heading\" id=\"un-catalogue-de-jeux-quasi-infini\">Un cat\u00e1logo casi infinito de juegos<\/h3>\n\n\n\n<p>Con m\u00e1s de 1.300 t\u00edtulos, Vegas Hero Casino ofrece <strong>una elecci\u00f3n muy por encima de la media del mercado<\/strong>.<\/p>\n\n\n\n<p>Desde cl\u00e1sicos a nuevos lanzamientos, pasando por tragaperras con bote progresivo, <strong>hay para todos los gustos<\/strong>. Esta diversidad garantiza un entretenimiento irrepetible para todos los gustos.<\/p>\n\n\n\n<h3 class=\"wp-block-heading\" id=\"les-meilleurs-fournisseurs-de-logiciels-du-marche\">Los mejores proveedores de software del mercado<\/h3>\n\n\n\n<p>Para garantizar la calidad y la fiabilidad, <strong>Vegas Hero Casino trabaja con los principales editores<\/strong> Entre ellas se encuentran NetEnt, Evolution Gaming, Microgaming, Quickspin y Pragmatic Play.<\/p>\n\n\n\n<p>Sus juegos, con unos gr\u00e1ficos cuidados y una mec\u00e1nica innovadora, cumplen las normas m\u00e1s estrictas. <strong>Una garant\u00eda de equidad e inmersi\u00f3n para todos los usuarios.<\/strong><\/p>\n\n\n\n<h3 class=\"wp-block-heading\" id=\"une-offre-de-jeu-variee\">Una variada gama de juegos<\/h3>\n\n\n\n<p>Sea cual sea tu perfil, Vegas Hero Casino <strong>ofrece actividades a medida<\/strong> :<\/p>\n\n\n\n<ul class=\"wp-block-list\">\n<li><strong>M\u00e1quinas tragaperras<\/strong> Cl\u00e1sico, 3D, bote progresivo.<\/li>\n\n\n\n<li><strong>Juegos de mesa<\/strong> blackjack, ruleta, baccarat en diversas variantes.<\/li>\n\n\n\n<li><strong>Casino en vivo<\/strong> Juegos con crupieres reales.<\/li>\n\n\n\n<li><strong>Juegos con bote progresivo<\/strong> para ganancias excepcionales.<\/li>\n\n\n\n<li><strong>Apuestas deportivas<\/strong> Una ampliaci\u00f3n de la oferta m\u00e1s all\u00e1 del casino cl\u00e1sico.<\/li>\n<\/ul>\n\n\n\n<p>El dise\u00f1o futurista y la interfaz intuitiva facilitan el acceso a esta diversidad. Tambi\u00e9n hay disponible un modo de demostraci\u00f3n para <strong>pruebe los juegos antes de apostar dinero real<\/strong>.<\/p>\n\n\n\n<h2 class=\"wp-block-heading\" id=\"paiements-securite\">Pagos y seguridad: un entorno de juego fiable<\/h2>\n\n\n\n<h3 class=\"wp-block-heading\">M\u00e9todos de dep\u00f3sito y retirada disponibles<\/h3>\n\n\n\n<p>El acceso fluido a los juegos depende de las opciones de pago. Vegas Hero Casino ofrece <strong>soluciones modernas y seguras para dep\u00f3sitos y retiradas<\/strong>.<\/p>\n\n\n\n<figure class=\"wp-block-table\"><table class=\"has-fixed-layout\"><thead><tr><th>Categor\u00eda de pago<\/th><th>Ejemplos de m\u00e9todos<\/th><th>Dep\u00f3sito posible<\/th><th>Retirada posible<\/th><\/tr><\/thead><tbody><tr><td>Tarjetas bancarias<\/td><td>Visa \/ Mastercard<\/td><td>S\u00ed<\/td><td>S\u00ed<\/td><\/tr><tr><td>Monederos electr\u00f3nicos<\/td><td>Skrill \/ Neteller \/ ecoPayz<\/td><td>S\u00ed<\/td><td>S\u00ed<\/td><\/tr><tr><td>Tarjetas de prepago<\/td><td>Paysafecard<\/td><td>S\u00ed<\/td><td>No<\/td><\/tr><tr><td>Transferencia bancaria<\/td><td>Transferencia bancaria<\/td><td>S\u00ed<\/td><td>S\u00ed<\/td><\/tr><\/tbody><\/table><\/figure>\n\n\n\n<p>Los dep\u00f3sitos fueron en su mayor\u00eda instant\u00e1neos. El dep\u00f3sito m\u00ednimo era de 10 euros, sin cargos adicionales. Las retiradas oscilaron entre unas pocas horas (monederos electr\u00f3nicos) y 3-5 d\u00edas (transferencias). <strong>Vegas Hero Casino no cobra ninguna comisi\u00f3n<\/strong>Esto garantiza la total transparencia de los costes asociados.<\/p>\n\n\n\n<h3 class=\"wp-block-heading\">Licencias y normativa: su seguridad es lo primero<\/h3>\n\n\n\n<p>Vegas Hero Casino estaba respaldado por importantes certificaciones. El operador, Genesis Global Limited, ten\u00eda licencia de la Autoridad del Juego de Malta (MGA) y de la Comisi\u00f3n del Juego del Reino Unido (UKGC), lo que garantizaba <strong>altos niveles de equidad y protecci\u00f3n de datos<\/strong>.<\/p>\n\n\n\n<p>El cifrado SSL aseguraba las transacciones. Los controles peri\u00f3dicos inclu\u00edan auditor\u00edas independientes para garantizar la imparcialidad. Estas medidas proporcionaron a los jugadores un marco de confianza para sus actividades en l\u00ednea, con un <strong>prioridad absoluta a la seguridad de la informaci\u00f3n personal y financiera<\/strong>.<\/p>\n\n\n\n<h2 class=\"wp-block-heading\" id=\"mobile\">Experiencia y dise\u00f1o m\u00f3viles: jugar en cualquier lugar con estilo<\/h2>\n\n\n\n<h3 class=\"wp-block-heading\">Dise\u00f1o moderno y navegaci\u00f3n fluida<\/h3>\n\n\n\n<p>El sitio web de Vegas Hero Casino cuenta con un <strong>est\u00e9tica futurista, combinada con una interfaz clara e intuitiva<\/strong>.<\/p>\n\n\n\n<p>Los jugadores se benefician de una organizaci\u00f3n estructurada: los juegos, las bonificaciones y la informaci\u00f3n est\u00e1n a su disposici\u00f3n. <strong>accesible con s\u00f3lo pulsar un bot\u00f3n, incluso para principiantes<\/strong>.<\/p>\n\n\n\n<p>Los gr\u00e1ficos din\u00e1micos y las animaciones luminosas aumentan la inmersi\u00f3n, al tiempo que mantienen la fluidez de la navegaci\u00f3n. Una verdadera ventaja para <strong>captar la atenci\u00f3n desde la primera conexi\u00f3n<\/strong>.<\/p>\n\n\n\n<h3 class=\"wp-block-heading\">La experiencia Vegas Hero en smartphone y tablet<\/h3>\n\n\n\n<p>No es necesario descargar una aplicaci\u00f3n: <strong>el sitio se adapta autom\u00e1ticamente a todas las pantallas<\/strong> gracias a su dise\u00f1o responsivo.<\/p>\n\n\n\n<p>Funciones clave como dep\u00f3sitos, retiradas y acceso a asistencia <strong>seguir funcionando en movimiento, sin p\u00e9rdida de calidad<\/strong>.<\/p>\n\n\n\n<p>Las pocas cr\u00edticas positivas se\u00f1alan <strong>velocidad de carga \u00f3ptima<\/strong>incluso en conexiones 4G. Una soluci\u00f3n pr\u00e1ctica para jugar en movimiento, sin ocupar demasiado espacio.<\/p>\n\n\n\n<p>Gracias a esta accesibilidad, Vegas Hero se ha consolidado como casino en l\u00ednea. <strong>dise\u00f1ado para una generaci\u00f3n conectada, que combina modernidad y practicidad<\/strong>.<\/p>\n\n\n\n<h2 class=\"wp-block-heading\" id=\"avis-utilisateurs\">Opiniones de los jugadores: \u00bfqu\u00e9 opina la comunidad de Vegas Hero?<\/h2>\n\n\n\n<h3 class=\"wp-block-heading\">Puntos fuertes apreciados por los usuarios<\/h3>\n\n\n\n<p>Muchos jugadores se\u00f1alan la <strong>Amplia selecci\u00f3n de juegos de Vegas Hero Casino<\/strong>. Gracias a la colaboraci\u00f3n con proveedores de renombre como NetEnt, Evolution Gaming, Microgaming, Quickspin y Pragmatic Play, el sitio ofrece tragaperras, juegos de mesa y crupieres en vivo de calidad.<\/p>\n\n\n\n<p>El dise\u00f1o del sitio se describe a menudo como atrevido y tem\u00e1tico, con un tema de superh\u00e9roes que le da un aire futurista y atractivo. Algunos usuarios tambi\u00e9n destacan <strong>una experiencia de juego fluida, sin fallos ni lentitud recurrentes<\/strong>.<\/p>\n\n\n\n<p>Para una minor\u00eda de jugadores, <strong>las retiradas se realizaron sin problemas<\/strong>a veces en 3 d\u00edas. Una rese\u00f1a menciona incluso un servicio de atenci\u00f3n al cliente receptivo y amable, con una resoluci\u00f3n eficaz de un problema menor.<\/p>\n\n\n\n<h3 class=\"wp-block-heading\">Preocupaciones planteadas por la comunidad<\/h3>\n\n\n\n<p>Sin embargo, para que se haga una idea completa, es importante mencionar los comentarios cr\u00edticos que hemos recibido. En Trustpilot, <strong>Vegas Hero Casino tiene una puntuaci\u00f3n media de 2.9\/5<\/strong>basado en 23 opiniones.<\/p>\n\n\n\n<p><strong>Principales puntos a tener en cuenta<\/strong> preocupaci\u00f3n :<\/p>\n\n\n\n<ul class=\"wp-block-list\">\n<li><strong>Largos plazos de retirada<\/strong>de varios d\u00edas a varias semanas.<\/li>\n\n\n\n<li><strong>Problemas para contactar con el servicio de atenci\u00f3n al cliente<\/strong> a menudo descritos como reactivos a trav\u00e9s de mensajes automatizados o guiones repetitivos.<\/li>\n\n\n\n<li><strong>Anulaci\u00f3n de retiradas<\/strong>Se atribuyen a controles adicionales o a problemas t\u00e9cnicos.<\/li>\n<\/ul>\n\n\n\n<p>Para evitar cualquier inconveniente, le recomendamos que lea atentamente las condiciones y compruebe su cuenta en cuanto se registre. Este <strong>facilita las transacciones y reduce el riesgo de bloqueos<\/strong>.<\/p>\n\n\n\n<h2 class=\"wp-block-heading\" id=\"verdict\">Nuestro veredicto: \u00bfEs Vegas Hero Casino la mejor opci\u00f3n para usted?<\/h2>\n\n\n\n<p>Vegas Hero Casino ofrece m\u00e1s de 1.300 juegos de los principales editores (NetEnt, Evolution Gaming, Microgaming). Con su dise\u00f1o futurista y adaptado a dispositivos m\u00f3viles y sus atractivas bonificaciones (hasta 800 \u20ac + tiradas gratis), Vegas Hero Casino es el lugar ideal para jugar a juegos de casino. <strong>una plataforma moderna<\/strong>. Las licencias MGA y UKGC proporcionan un marco te\u00f3rico seguro.<\/p>\n\n\n\n<p>Para los aficionados a una amplia gama de juegos y ofertas promocionales, <strong>Vegas Hero marca la pauta<\/strong>. Su biblioteca de juegos, su interfaz fluida y su programa VIP est\u00e1n dirigidos a los jugadores que buscan una experiencia envolvente.<\/p>\n\n\n\n<p>Sin embargo, las opiniones difieren. Mientras algunos destacan la calidad de los dep\u00f3sitos y la interfaz, otros se quejan de los retrasos en las retiradas o de la falta de respuesta del servicio de atenci\u00f3n al cliente. Antes de comprometerse, compruebe las condiciones (requisitos de apuesta, l\u00edmites de retirada). Apueste por el juego responsable y explore la plataforma con discernimiento. Un posible descubrimiento, pero <strong>a reserva de una lectura atenta de los t\u00e9rminos<\/strong>.<\/p>\n\n\n\n<p>Vegas Hero Casino ofrece un <strong>variada biblioteca de juegos, dise\u00f1o futurista y licencias MGA\/UKGC<\/strong>. Sin embargo, los retrasos en las retiradas, el mal servicio de atenci\u00f3n al cliente y las estrictas condiciones de las bonificaciones <strong>matizar el dictamen<\/strong>. Para una experiencia esclarecedora, compruebe sus documentos legales, anticipe las verificaciones de cuentas y <strong>pecar de precavido<\/strong>.<\/p>\n\n\n\n<h2 class=\"wp-block-heading\">PREGUNTAS FRECUENTES<\/h2>\n\n\n\n<h3 class=\"wp-block-heading\">\u00bfEs Vegas Hero Casino un sitio seguro?<\/h3>\n\n\n\n<p>Es importante destacar que Vegas Hero Casino es propiedad de Genesis Global Limited, una empresa con licencias de renombre (MGA y UKGC). Estas normativas garantizan un estricto marco legal para el funcionamiento de Vegas Hero Casino.<strong>juego limpio y protecci\u00f3n de datos<\/strong>.<\/p>\n\n\n\n<p>Sin embargo, el <strong>reacciones diversas de los jugadores<\/strong>. Algunos citan dificultades para retirar sus ganancias o para contactar con un servicio de atenci\u00f3n al cliente eficiente. Al mismo tiempo, la plataforma se compromete firmemente con la seguridad, lo que puede tranquilizar a los nuevos usuarios. Aun as\u00ed, es aconsejable consultar las condiciones de uso antes de jugar.<\/p>\n\n\n\n<h3 class=\"wp-block-heading\">\u00bfQu\u00e9 bonos y promociones hay disponibles en Vegas Hero?<\/h3>\n\n\n\n<p>Hemos observado que Vegas Hero tiene una atractiva oferta de bienvenida: <strong>una bonificaci\u00f3n de 300 % hasta 800 euros<\/strong>con 200 tiradas gratis durante 10 d\u00edas.<\/p>\n\n\n\n<p>Para ayudar a nuestros usuarios a entender las condiciones, he aqu\u00ed los detalles: los dep\u00f3sitos y las bonificaciones deben apostarse 35 veces, mientras que las ganancias de las tiradas gratuitas requieren una apuesta de 40 veces. En la pr\u00e1ctica, esto significa que con un dep\u00f3sito de 20 \u20ac + 60 \u20ac de bonificaci\u00f3n (es decir, 80 \u20ac), tendr\u00eda que <strong>apuesta 2.800<\/strong> (80 x 35 euros) para liberar la bonificaci\u00f3n. Tambi\u00e9n se aplican restricciones a los m\u00e9todos de pago y a las ganancias m\u00e1ximas en funci\u00f3n del pa\u00eds.<\/p>\n\n\n\n<h3 class=\"wp-block-heading\">\u00bfCu\u00e1n variada es la biblioteca de juegos de Vegas Hero?<\/h3>\n\n\n\n<p>Con m\u00e1s de 1.300 juegos, <strong>Vegas Hero se posiciona como una plataforma vers\u00e1til<\/strong>. Los aficionados a las tragaperras encontrar\u00e1n tanto cl\u00e1sicos como nuevos lanzamientos de grandes editores como NetEnt, Pragmatic Play y Evolution Gaming para el casino en vivo.<\/p>\n\n\n\n<p>Tambi\u00e9n hay juegos de mesa (blackjack, ruleta) y botes progresivos. Las apuestas deportivas completan la oferta. <strong>Te recomendamos que pruebes los juegos en modo libre<\/strong> antes de apostar dinero real, para identificar sus preferencias.<\/p>\n\n\n\n<h3 class=\"wp-block-heading\">\u00bfCu\u00e1les son los problemas recurrentes con las retiradas?<\/h3>\n\n\n\n<p>Varios comentarios en l\u00ednea destacan <strong>retrasos en la tramitaci\u00f3n de las retiradas<\/strong>Esto puede llevar varias semanas. Tambi\u00e9n ha habido casos de transacciones anuladas con el pretexto de la verificaci\u00f3n.<\/p>\n\n\n\n<p>Vegas Hero, por su parte, afirma respetar los plazos est\u00e1ndar del sector para los m\u00e9todos tradicionales (transferencias, tarjetas, monederos electr\u00f3nicos). Es fundamental se\u00f1alar que <strong>la rapidez de los dep\u00f3sitos (generalmente instant\u00e1neos) contrasta con estos problemas de retirada<\/strong>. Para minimizar cualquier inconveniente, compruebe sus datos de acceso y documentos antes de solicitar una retirada.<\/p>\n\n\n\n<h3 class=\"wp-block-heading\">\u00bfEs posible jugar a Vegas Hero en un tel\u00e9fono m\u00f3vil?<\/h3>\n\n\n\n<p>El casino no ofrece una aplicaci\u00f3n dedicada. Sin embargo, s\u00ed ofrece una aplicaci\u00f3n dedicada, <strong>la versi\u00f3n m\u00f3vil del sitio es totalmente funcional y est\u00e1 optimizada<\/strong> para tel\u00e9fonos inteligentes y tabletas.<\/p>\n\n\n\n<p>Puede acceder a todos los juegos, gestionar sus dep\u00f3sitos\/retiradas y ponerse en contacto con el servicio de asistencia desde su navegador. En funci\u00f3n de sus objetivos, <strong>esta soluci\u00f3n adaptativa sigue siendo una alternativa v\u00e1lida<\/strong> a una aplicaci\u00f3n nativa, especialmente si alternas sesiones en distintos dispositivos.<\/p>\n\n<\/div>\n<\/div>\n<\/section>","protected":false},"excerpt":{"rendered":"<p>Vegas Hero Casino Bonus 100% jusqu&rsquo;\u00e0 500\u20ac + 200 Free Spins + 1 Bonus Crab Vegas Hero Casino Vegas Hero Casino, lanc\u00e9 en 2025 par Lumina Holdings Limitada, se pr\u00e9sente comme une alternative innovante, alliant design futuriste et ludoth\u00e8que vaste. D\u00e9couvrez une plateforme r\u00e9gul\u00e9e par la Costa Rica Gambling, avec des jeux sign\u00e9s NetEnt, Evolution &#8230; <a title=\"Home\" class=\"read-more\" href=\"https:\/\/vegas-heros.eu\/es\/\" aria-label=\"Leer m\u00e1s sobre Home\">Leer m\u00e1s<\/a><\/p>","protected":false},"author":1,"featured_media":0,"parent":0,"menu_order":0,"comment_status":"closed","ping_status":"closed","template":"","meta":{"footnotes":""},"class_list":["post-196","page","type-page","status-publish"],"_links":{"self":[{"href":"https:\/\/vegas-heros.eu\/es\/wp-json\/wp\/v2\/pages\/196","targetHints":{"allow":["GET"]}}],"collection":[{"href":"https:\/\/vegas-heros.eu\/es\/wp-json\/wp\/v2\/pages"}],"about":[{"href":"https:\/\/vegas-heros.eu\/es\/wp-json\/wp\/v2\/types\/page"}],"author":[{"embeddable":true,"href":"https:\/\/vegas-heros.eu\/es\/wp-json\/wp\/v2\/users\/1"}],"replies":[{"embeddable":true,"href":"https:\/\/vegas-heros.eu\/es\/wp-json\/wp\/v2\/comments?post=196"}],"version-history":[{"count":5,"href":"https:\/\/vegas-heros.eu\/es\/wp-json\/wp\/v2\/pages\/196\/revisions"}],"predecessor-version":[{"id":450,"href":"https:\/\/vegas-heros.eu\/es\/wp-json\/wp\/v2\/pages\/196\/revisions\/450"}],"wp:attachment":[{"href":"https:\/\/vegas-heros.eu\/es\/wp-json\/wp\/v2\/media?parent=196"}],"curies":[{"name":"wp","href":"https:\/\/api.w.org\/{rel}","templated":true}]}}