{"id":196,"date":"2024-03-12T15:11:15","date_gmt":"2024-03-12T15:11:15","guid":{"rendered":"http:\/\/gbp-kvd-simplicloud.local\/?page_id=196"},"modified":"2025-12-23T17:17:02","modified_gmt":"2025-12-23T17:17:02","slug":"home","status":"publish","type":"page","link":"https:\/\/vegas-heros.eu\/fi\/","title":{"rendered":"Home"},"content":{"rendered":"<section class=\"gb-container gb-container-97936d6f gbp-section has-gradient-bg\">\n<div class=\"gb-container gb-container-5c426c81 gbp-section__inner\">\n<div class=\"gb-container gb-container-85ff4394\">\n\n<h1 class=\"gb-headline gb-headline-ac42f5a0 gb-headline-text gbp-section__headline\">Vegas Hero Casino<\/h1>\n\n\n\n<div class=\"gb-headline gb-headline-cfd565bd gb-headline-text gbp-section__text\"><strong><em>100% Bonus jopa 500 \u20ac + 200 ilmaiskierrosta + 1 rapubonus<\/em><\/strong><\/div>\n\n\n<div class=\"gb-container gb-container-104fd3a4\">\n\n<a class=\"gb-button gb-button-cf2b5a50 gb-button-text gbp-button--primary\" href=\"https:\/\/vegas-heros.eu\/fi\/go\/vegashero\/\" target=\"_blank\" rel=\"noopener noreferrer\">REKISTER\u00d6INTI<\/a>\n\n\n\n<a class=\"gb-button gb-button-86296e76 gb-button-text gbp-button--secondary\" href=\"https:\/\/vegas-heros.eu\/fi\/go\/vegashero\/\" target=\"_blank\" rel=\"noopener noreferrer\">AKTIVOI BONUS \ud83c\udf81<\/a>\n\n<\/div>\n<\/div>\n\n\n<figure class=\"gb-block-image gb-block-image-4e8e4892\"><a href=\"https:\/\/vegas-heros.eu\/fi\/go\/vegashero\/\" target=\"_blank\" rel=\"noopener noreferrer\"><img loading=\"lazy\" decoding=\"async\" width=\"1773\" height=\"520\" class=\"gb-image gb-image-4e8e4892\" src=\"https:\/\/vegas-heros.eu\/wp-content\/uploads\/2025\/11\/vegashero.jpg\" alt=\"vegashero\" title=\"vegashero\" srcset=\"https:\/\/vegas-heros.eu\/wp-content\/uploads\/2025\/11\/vegashero.jpg 1773w, https:\/\/vegas-heros.eu\/wp-content\/uploads\/2025\/11\/vegashero-300x88.jpg 300w, https:\/\/vegas-heros.eu\/wp-content\/uploads\/2025\/11\/vegashero-1024x300.jpg 1024w, https:\/\/vegas-heros.eu\/wp-content\/uploads\/2025\/11\/vegashero-768x225.jpg 768w, https:\/\/vegas-heros.eu\/wp-content\/uploads\/2025\/11\/vegashero-1536x450.jpg 1536w\" sizes=\"auto, (max-width: 1773px) 100vw, 1773px\" \/><\/a><\/figure>\n\n<\/div>\n\n<div class=\"gb-container gb-container-668e459a\">\n<div class=\"gb-container gb-container-b289406a\">\n\n<h2 class=\"gb-headline gb-headline-1c2d7772 gb-headline-text\">Vegas Hero Casino<\/h2>\n\n\n\n<p>Lumina Holdings Limitadain vuonna 2025 lanseeraama Vegas Hero Casino on innovatiivinen vaihtoehto, jossa yhdistyv\u00e4t futuristinen design ja laaja pelikirjasto. Tutustu Costa Rica Gamblingin s\u00e4\u00e4ntelem\u00e4\u00e4n alustaan, jossa on pelej\u00e4 NetEntilt\u00e4, Evolution Gamingilta ja Pragmatic Playlt\u00e4. Analyysiss\u00e4mme tarkastellaan sen vahvuuksia - houkuttelevia bonuksia, mobiililaitteiden saavutettavuutta, monipuolista tarjontaa - samalla kun tarkastellaan my\u00f6s kritiikki\u00e4 kotiutuksista ja joskus puutteellisesta asiakaspalvelusta. A <strong>tasapainoinen sukellus vastakohtien maailmaan<\/strong> Vegas Hero.<\/p>\n\n\n\n<ol class=\"wp-block-list\">\n<li><a href=\"#vegas-hero-avis\">Vegas Hero: t\u00e4ydellinen arvostelumme t\u00e4st\u00e4 seuraavan sukupolven nettikasinosta<\/a><\/li>\n\n\n\n<li><a href=\"#bonus-promotions\">Vegas Heron bonukset ja kampanjat<\/a><\/li>\n\n\n\n<li><a href=\"#une-ludotheque-impressionnante-pour-tous-les-types-de-joueurs\">Vaikuttava pelikirjasto kaikentyyppisille pelaajille.<\/a><\/li>\n\n\n\n<li><a href=\"#paiements-securite\">Maksut ja turvallisuus: luotettava peliymp\u00e4rist\u00f6<\/a><\/li>\n\n\n\n<li><a href=\"#mobile\">Mobiilikokemus ja -suunnittelu: pelaa miss\u00e4 tahansa tyylill\u00e4<\/a><\/li>\n\n\n\n<li><a href=\"#avis-utilisateurs\">Pelaajien arvostelut: mit\u00e4 mielt\u00e4 yhteis\u00f6 on Vegas Herosta?<\/a><\/li>\n\n\n\n<li><a href=\"#verdict\">Tuomiomme: Onko Vegas Hero Casino oikea valinta sinulle?<\/a><\/li>\n<\/ol>\n\n\n\n<h2 class=\"wp-block-heading\" id=\"vegas-hero-avis\">Vegas Hero: t\u00e4ydellinen arvostelumme t\u00e4st\u00e4 seuraavan sukupolven nettikasinosta<\/h2>\n\n\n\n<h3 class=\"wp-block-heading\">K\u00e4ytt\u00e4j\u00e4kokemus alkaa kiehtovasta suunnittelusta<\/h3>\n\n\n\n<p>Vegas Hero Casino viettelee sen <strong>futuristinen k\u00e4ytt\u00f6liittym\u00e4, jossa yhdistyv\u00e4t selke\u00e4 muotoilu, kirkkaat v\u00e4rit ja sujuva navigointi.<\/strong> pour une exp\u00e9rience immersive, loin du style sombre du <a href=\"https:\/\/lizaro.net\/\" target=\"_blank\" rel=\"noopener\">casino lizaro<\/a>. Les graphismes dynamiques et les menus intuitifs renforcent cette impression d\u2019innovation, id\u00e9ale pour les joueurs modernes.<\/p>\n\n\n\n<h3 class=\"wp-block-heading\">Miksi Vegas Hero houkuttelee online-rahapelien faneja<\/h3>\n\n\n\n<p>Lumina Holdings Limitada k\u00e4ynnisti vuonna 2025 t\u00e4m\u00e4n kasinon, joka tarjoaa&nbsp;<strong>pelikirjasto, jossa on yli 10 000 peli\u00e4, anteliaita kampanjoita ja tarjouksia<\/strong>ja optimaalinen mukauttaminen matkapuhelimeen. NetEntin ja Microgamingin kaltaiset kehitt\u00e4j\u00e4t takaavat korkean laadun.<\/p>\n\n\n\n<p>Analysoimme <strong>sen t\u00e4rkeimm\u00e4t varat<\/strong> :<\/p>\n\n\n\n<ul class=\"wp-block-list\">\n<li>Erilaisia pelej\u00e4 (peliautomaatit, live-j\u00e4lleenmyyj\u00e4t) ;<\/li>\n\n\n\n<li>Kampanjat ja VIP-ohjelma ;<\/li>\n\n\n\n<li>\u00c4lypuhelimen\/tabletin yhteensopivuus ;<\/li>\n\n\n\n<li>L\u00e4pin\u00e4kyv\u00e4t k\u00e4ytt\u00e4j\u00e4arviot.<\/li>\n<\/ul>\n\n\n\n<p>Tutustu sen vahvuuteen.<\/p>\n\n\n\n<h3 class=\"wp-block-heading\">Sitoutuminen laatuun ja turvallisuuteen<\/h3>\n\n\n\n<p>Costa Rican my\u00f6nt\u00e4m\u00e4 lisenssi, Vegas Hero <strong>takaa turvallisuuden ja houkuttelevuuden<\/strong> kryptovaluutoilla ja live-peleill\u00e4. T\u00e4m\u00e4 sertifiointi kuvastaa reilua peli\u00e4 ja turvallisia tietoja.<\/p>\n\n\n\n<p>Innovatiivinen, mobiililaitteille suunnattu alusta. Tutustu <strong>k\u00e4ytt\u00e4j\u00e4palaute<\/strong> alla.<\/p>\n\n\n\n<h2 class=\"wp-block-heading\" id=\"bonus-promotions\">Vegas Heron bonukset ja kampanjat<\/h2>\n\n\n\n<p>Vegas Hero -nettikasino kiehtoo kampanjatarjouksillaan ja futuristisella suunnittelullaan, <strong>k\u00e4ytt\u00e4j\u00e4kokemuksen optimointi<\/strong>. NetEntin ja Evolution Gamingin kaltaisten toimittajien pelien ansiosta alustassa yhdistyv\u00e4t turvallisuus, monipuolisuus ja nykyaikaisuus.<\/p>\n\n\n\n<h3 class=\"wp-block-heading\">Tervetuliaisbonus mikroskoopin alla<\/h3>\n\n\n\n<p>Hy\u00f6dy <strong>bonus 300 % 800 euroon asti tai 100 % 100 euroon asti.<\/strong> jopa 500 $, 200 ilmaiskierrosta (20 p\u00e4iv\u00e4ss\u00e4 10 p\u00e4iv\u00e4n ajan).<\/p>\n\n\n\n<p>A <strong>v\u00e4himm\u00e4istalletus 20 \u20ac tai $<\/strong> vaaditaan, paitsi Netellerin tai Skrillin kautta.<\/p>\n\n\n\n<p>Laaja pelivalikoima peliautomaateista live-peleihin ja mukaansatempaava k\u00e4ytt\u00f6liittym\u00e4 helpottavat asiakkaisiin tutustumista. <strong>t\u00e4m\u00e4 etu on k\u00e4ytett\u00e4viss\u00e4 ensimm\u00e4isest\u00e4 talletuksesta alkaen<\/strong>. Aktivointi tapahtuu v\u00e4litt\u00f6m\u00e4sti talletuksen j\u00e4lkeen.<\/p>\n\n\n\n<h3 class=\"wp-block-heading\">Panostusehtojen ymm\u00e4rt\u00e4minen<\/h3>\n\n\n\n<p>Bonuksen ja talletuksen on oltava <strong>kierr\u00e4tetty 35 kertaa, ilmaiskierrosvoitot 40 kertaa<\/strong>10 p\u00e4iv\u00e4n aikana.<\/p>\n\n\n\n<p>Maksimipanos on rajoitettu 5 euroon tai $ aktiivisen bonuksen kanssa. Kolikkopelit ovat 100 %:n panostuksen arvoisia, kun taas videopokerissa tai livepeleiss\u00e4 panostus on 10 %. T\u00e4m\u00e4 rakenne <strong>kannustaa satunnaisia pelaajia<\/strong> noudattaen samalla avoimuutta koskevia s\u00e4\u00e4nt\u00f6j\u00e4.<\/p>\n\n\n\n<h3 class=\"wp-block-heading\">S\u00e4\u00e4nn\u00f6lliset kampanjat ja VIP-ohjelma<\/h3>\n\n\n\n<p>J\u00e4senet nauttivat viikoittaisesta k\u00e4teispalautuksesta, uudelleenlatausbonuksista ja kuukausittaisista haasteista. <strong>moninkertaistaa palkinnot<\/strong>.<\/p>\n\n\n\n<p><strong>VIP-ohjelma (pronssi-, hopea- ja kultataso)<\/strong> ehdottaa :<\/p>\n\n\n\n<ul class=\"wp-block-list\">\n<li>Rajoitukset <strong>korotetut nostom\u00e4\u00e4r\u00e4t<\/strong>.<\/li>\n\n\n\n<li><strong>Henkil\u00f6kohtainen hallinnointi oman johtajan kautta.<\/strong><\/li>\n\n\n\n<li><strong>Eksklusiiviset kutsut tapahtumiin<\/strong>.<\/li>\n<\/ul>\n\n\n\n<p>Sivuston futuristinen muotoilu ja sujuvuus lis\u00e4\u00e4v\u00e4t sen vetovoimaa. MGA:n ja UK Gambling Commissionin lisensoima alusta takaa luotettavuuden. Pelaajat arvostavat 24\/7-tuen reagointikyky\u00e4 ja henkil\u00f6kohtaisia tarjouksia.<\/p>\n\n\n\n<h2 class=\"wp-block-heading\" id=\"une-ludotheque-impressionnante-pour-tous-les-types-de-joueurs\">Vaikuttava pelikirjasto kaikentyyppisille pelaajille.<\/h2>\n\n\n\n<p>Mik\u00e4 tekee Vegas Hero Casinosta erottuvan? Kiitos <strong>rikas ja monipuolinen pelikirjasto<\/strong>suunniteltu tyydytt\u00e4m\u00e4\u00e4n kaikki verkkopelien fanit. Siit\u00e4 hetkest\u00e4 l\u00e4htien, kun astut sivustolle, kokemuksessa yhdistyv\u00e4t laatu, saavutettavuus ja uppoutuminen.<\/p>\n\n\n\n<h3 class=\"wp-block-heading\" id=\"un-catalogue-de-jeux-quasi-infini\">L\u00e4hes \u00e4\u00e4ret\u00f6n peliluettelo<\/h3>\n\n\n\n<p>Vegas Hero Casino tarjoaa yli 1300 nimikett\u00e4, Vegas Hero Casino tarjoaa <strong>reilusti markkinoiden keskiarvoa parempi valinta<\/strong>.<\/p>\n\n\n\n<p>Klassikoista uusiin julkaisuihin, mukaan lukien progressiiviset jackpot-kolikkopelit, <strong>jokaiselle jotakin<\/strong>. T\u00e4m\u00e4 monimuotoisuus takaa toistamattoman viihteen jokaiseen makuun.<\/p>\n\n\n\n<h3 class=\"wp-block-heading\" id=\"les-meilleurs-fournisseurs-de-logiciels-du-marche\">Markkinoiden parhaat ohjelmistotoimittajat<\/h3>\n\n\n\n<p>Laadun ja luotettavuuden varmistamiseksi, <strong>Vegas Hero Casino toimii johtavien julkaisijoiden kanssa<\/strong> N\u00e4ihin kuuluvat NetEnt, Evolution Gaming, Microgaming, Quickspin ja Pragmatic Play.<\/p>\n\n\n\n<p>Heid\u00e4n pelins\u00e4 t\u00e4ytt\u00e4v\u00e4t korkeimmat standardit huolellisine grafiikoineen ja innovatiivisine mekaniikoineen. <strong>Oikeudenmukaisuuden ja uppoutumisen tae kaikille k\u00e4ytt\u00e4jille.<\/strong><\/p>\n\n\n\n<h3 class=\"wp-block-heading\" id=\"une-offre-de-jeu-variee\">Monipuolinen valikoima pelej\u00e4<\/h3>\n\n\n\n<p>Mik\u00e4 tahansa onkaan profiilisi, Vegas Hero Casino <strong>tarjoaa r\u00e4\u00e4t\u00e4l\u00f6ity\u00e4 toimintaa<\/strong> :<\/p>\n\n\n\n<ul class=\"wp-block-list\">\n<li><strong>Kolikkopelit<\/strong> Klassinen, 3D, progressiivinen jackpot.<\/li>\n\n\n\n<li><strong>P\u00f6yt\u00e4pelit<\/strong> blackjack, ruletti, baccarat useina muunnelmina.<\/li>\n\n\n\n<li><strong>Live-kasino<\/strong> Pelit oikeiden jakajien kanssa.<\/li>\n\n\n\n<li><strong>Progressiiviset jackpot-pelit<\/strong> poikkeuksellisia voittoja varten.<\/li>\n\n\n\n<li><strong>Urheiluvedonly\u00f6nti<\/strong> Tarjonnan laajentaminen klassisen kasinon ulkopuolelle.<\/li>\n<\/ul>\n\n\n\n<p>Futuristinen muotoilu ja intuitiivinen k\u00e4ytt\u00f6liittym\u00e4 helpottavat t\u00e4m\u00e4n monimuotoisuuden k\u00e4ytt\u00f6\u00e4. Demotila on my\u00f6s saatavilla <strong>testaa pelej\u00e4 ennen oikean rahan panostamista<\/strong>.<\/p>\n\n\n\n<h2 class=\"wp-block-heading\" id=\"paiements-securite\">Maksut ja turvallisuus: luotettava peliymp\u00e4rist\u00f6<\/h2>\n\n\n\n<h3 class=\"wp-block-heading\">K\u00e4ytett\u00e4viss\u00e4 olevat talletus- ja nostomenetelm\u00e4t<\/h3>\n\n\n\n<p>Sujuva p\u00e4\u00e4sy peleihin riippuu maksuvaihtoehdoista. Vegas Hero Casino tarjosi <strong>nykyaikaiset, turvalliset ratkaisut talletuksia ja nostoja varten<\/strong>.<\/p>\n\n\n\n<figure class=\"wp-block-table\"><table class=\"has-fixed-layout\"><thead><tr><th>Maksuluokka<\/th><th>Esimerkkej\u00e4 menetelmist\u00e4<\/th><th>Talletus mahdollinen<\/th><th>Peruuttaminen mahdollista<\/th><\/tr><\/thead><tbody><tr><td>Pankkikortit<\/td><td>Visa \/ Mastercard<\/td><td>Kyll\u00e4<\/td><td>Kyll\u00e4<\/td><\/tr><tr><td>S\u00e4hk\u00f6iset lompakot<\/td><td>Skrill \/ Neteller \/ ecoPayz<\/td><td>Kyll\u00e4<\/td><td>Kyll\u00e4<\/td><\/tr><tr><td>Prepaid-kortit<\/td><td>Paysafecard<\/td><td>Kyll\u00e4<\/td><td>Ei<\/td><\/tr><tr><td>Pankkisiirto<\/td><td>Pankkisiirto<\/td><td>Kyll\u00e4<\/td><td>Kyll\u00e4<\/td><\/tr><\/tbody><\/table><\/figure>\n\n\n\n<p>Talletukset olivat enimm\u00e4kseen v\u00e4litt\u00f6mi\u00e4. Minimitalletus oli 10 euroa, eik\u00e4 siit\u00e4 peritty lis\u00e4maksuja. Nostot vaihtelivat muutamasta tunnista (s\u00e4hk\u00f6iset lompakot) 3-5 p\u00e4iv\u00e4\u00e4n (tilisiirrot). <strong>Vegas Hero Casino ei veloittanut maksuja<\/strong>N\u00e4in varmistetaan kustannusten t\u00e4ydellinen l\u00e4pin\u00e4kyvyys.<\/p>\n\n\n\n<h3 class=\"wp-block-heading\">Lisensointi ja s\u00e4\u00e4ntely: turvallisuutesi on etusijalla<\/h3>\n\n\n\n<p>Vegas Hero Casinon tukena oli merkitt\u00e4vi\u00e4 sertifikaatteja. Operaattorilla, Genesis Global Limitedill\u00e4, oli Maltan peliviranomaisen (Malta Gaming Authority, MGA) ja Yhdistyneen kuningaskunnan rahapelikomission (UKGC) my\u00f6nt\u00e4m\u00e4 lisenssi, joka takasi <strong>korkeat oikeudenmukaisuus- ja tietosuojavaatimukset<\/strong>.<\/p>\n\n\n\n<p>SSL-salaus turvasi tapahtumat. S\u00e4\u00e4nn\u00f6lliset tarkastukset sis\u00e4lt\u00e4v\u00e4t riippumattomia tarkastuksia oikeudenmukaisuuden varmistamiseksi. N\u00e4m\u00e4 toimenpiteet tarjosivat pelaajille luottamuspuitteet heid\u00e4n online-toiminnalleen, ja niill\u00e4 oli <strong>henkil\u00f6kohtaisten ja taloudellisten tietojen turvallisuus asetetaan ehdottomasti etusijalle.<\/strong>.<\/p>\n\n\n\n<h2 class=\"wp-block-heading\" id=\"mobile\">Mobiilikokemus ja -suunnittelu: pelaa miss\u00e4 tahansa tyylill\u00e4<\/h2>\n\n\n\n<h3 class=\"wp-block-heading\">Nykyaikainen muotoilu ja sujuva navigointi<\/h3>\n\n\n\n<p>Vegas Hero Casinon verkkosivustolla on <strong>futuristinen estetiikka yhdistettyn\u00e4 selke\u00e4\u00e4n, intuitiiviseen k\u00e4ytt\u00f6liittym\u00e4\u00e4n.<\/strong>.<\/p>\n\n\n\n<p>Pelaajat hy\u00f6tyv\u00e4t j\u00e4sennellyst\u00e4 organisaatiosta: pelit, bonukset ja tiedot ovat kaikki heid\u00e4n saatavillaan. <strong>k\u00e4ytett\u00e4viss\u00e4 napin painalluksella, jopa aloittelijoille.<\/strong>.<\/p>\n\n\n\n<p>Dynaamiset grafiikat ja kevyet animaatiot parantavat peliin uppoutumista, mutta navigointi on silti sujuvaa. Todellinen voimavara <strong>kiinnitt\u00e4\u00e4 huomion heti ensimm\u00e4isest\u00e4 yhteydest\u00e4 l\u00e4htien<\/strong>.<\/p>\n\n\n\n<h3 class=\"wp-block-heading\">Vegas Hero -kokemus \u00e4lypuhelimella ja tabletilla<\/h3>\n\n\n\n<p>Sovellusta ei tarvitse ladata: <strong>sivusto mukautuu automaattisesti kaikille n\u00e4yt\u00f6ille<\/strong> sen responsiivisen suunnittelun kautta.<\/p>\n\n\n\n<p>Keskeiset toiminnot, kuten talletukset, nostot ja p\u00e4\u00e4sy tukeen. <strong>pysyv\u00e4t toimintakykyisin\u00e4 liikkeess\u00e4 ilman laadun heikkenemist\u00e4.<\/strong>.<\/p>\n\n\n\n<p>Muutamat my\u00f6nteiset arvostelut huomauttavat <strong>optimaalinen latausnopeus<\/strong>jopa 4G-yhteyksill\u00e4. K\u00e4yt\u00e4nn\u00f6llinen ratkaisu pelaamiseen liikkeell\u00e4 ilman, ett\u00e4 se vie liikaa tilaa.<\/p>\n\n\n\n<p>T\u00e4m\u00e4n saavutettavuuden ansiosta Vegas Hero on vakiinnuttanut asemansa nettikasinona. <strong>suunniteltu verkottuneelle sukupolvelle, jossa yhdistyv\u00e4t nykyaikaisuus ja k\u00e4yt\u00e4nn\u00f6llisyys.<\/strong>.<\/p>\n\n\n\n<h2 class=\"wp-block-heading\" id=\"avis-utilisateurs\">Pelaajien arvostelut: mit\u00e4 mielt\u00e4 yhteis\u00f6 on Vegas Herosta?<\/h2>\n\n\n\n<h3 class=\"wp-block-heading\">K\u00e4ytt\u00e4jien arvostamat vahvuudet<\/h3>\n\n\n\n<p>Monet pelaajat viittaavat <strong>Vegas Hero Casinon laaja valikoima pelej\u00e4<\/strong>. NetEntin, Evolution Gamingin, Microgamingin, Quickspinin ja Pragmatic Playn kaltaisten tunnettujen palveluntarjoajien kanssa solmittujen kumppanuuksien ansiosta sivusto tarjoaa laadukkaita l\u00e4ht\u00f6- ja saapumisaikoja, p\u00f6yt\u00e4pelej\u00e4 ja live-j\u00e4lleenmyyji\u00e4.<\/p>\n\n\n\n<p>Sivuston ulkoasua kuvataan usein rohkeaksi ja temaattiseksi, ja supersankariteema antaa sivustolle futuristisen ja mukaansatempaavan tunnelman. Jotkut k\u00e4ytt\u00e4j\u00e4t huomauttavat my\u00f6s <strong>sujuva pelikokemus, jossa ei ole toistuvia bugeja tai hitautta.<\/strong>.<\/p>\n\n\n\n<p>Pelaajien v\u00e4hemmist\u00f6lle, <strong>nostot sujuivat ongelmitta<\/strong>joskus 3 p\u00e4iv\u00e4n kuluessa. Yhdess\u00e4 arvostelussa mainitaan jopa reagoiva ja yst\u00e4v\u00e4llinen asiakaspalvelu, joka ratkaisi tehokkaasti pienen ongelman.<\/p>\n\n\n\n<h3 class=\"wp-block-heading\">Yhteis\u00f6n esiin tuomat huolenaiheet<\/h3>\n\n\n\n<p>Jotta saisitte kokonaiskuvan, on kuitenkin t\u00e4rke\u00e4\u00e4 mainita saamamme kriittinen palaute. Trustpilotissa, <strong>Vegas Hero Casinolla on keskim\u00e4\u00e4r\u00e4inen luokitus 2.9\/5<\/strong>23 arvostelun perusteella.<\/p>\n\n\n\n<p><strong>T\u00e4rkeimm\u00e4t huomioitavat seikat<\/strong> huoli :<\/p>\n\n\n\n<ul class=\"wp-block-list\">\n<li><strong>Pitk\u00e4t nostoajat<\/strong>jotka vaihtelevat useista p\u00e4ivist\u00e4 useisiin viikkoihin.<\/li>\n\n\n\n<li><strong>Ongelmat yhteydenotossa asiakaspalveluun<\/strong> usein kuvattu reaktiiviseksi automaattisten viestien tai toistuvien skriptien avulla.<\/li>\n\n\n\n<li><strong>Nostojen peruuttaminen<\/strong>N\u00e4m\u00e4 johtuvat lis\u00e4tarkastuksista tai teknisist\u00e4 ongelmista.<\/li>\n<\/ul>\n\n\n\n<p>Suosittelemme, ett\u00e4 luet ehdot huolellisesti ja tarkistat tilisi heti rekister\u00f6itymisen j\u00e4lkeen, jotta v\u00e4lt\u00e4t mahdolliset haitat. T\u00e4m\u00e4 <strong>helpottaa liiketoimia ja v\u00e4hent\u00e4\u00e4 tukkeutumisriski\u00e4.<\/strong>.<\/p>\n\n\n\n<h2 class=\"wp-block-heading\" id=\"verdict\">Tuomiomme: Onko Vegas Hero Casino oikea valinta sinulle?<\/h2>\n\n\n\n<p>Vegas Hero Casino tarjoaa yli 1300 peli\u00e4 suurimmilta julkaisijoilta (NetEnt, Evolution Gaming, Microgaming). Futuristisen, mobiiliyst\u00e4v\u00e4llisen suunnittelun ja houkuttelevien bonusten (jopa 800 \u20ac + ilmaiskierrokset) ansiosta Vegas Hero Casino on ihanteellinen paikka pelata kasinopelej\u00e4. <strong>moderni alusta<\/strong>. MGA- ja UKGC-lisenssit tarjoavat turvallisen teoreettisen kehyksen.<\/p>\n\n\n\n<p>Monenlaisten pelien ja kampanjatarjousten yst\u00e4ville, <strong>Vegas Hero asettaa standardin<\/strong>. Sen pelikirjasto, sujuva k\u00e4ytt\u00f6liittym\u00e4 ja VIP-ohjelma on suunnattu pelaajille, jotka etsiv\u00e4t mukaansatempaavaa kokemusta.<\/p>\n\n\n\n<p>Mielipiteet eroavat kuitenkin toisistaan. Jotkut korostavat talletusten ja k\u00e4ytt\u00f6liittym\u00e4n laatua, toiset taas valittavat nostojen viiv\u00e4stymisest\u00e4 tai asiakaspalvelun reagoimattomuudesta. Ennen kuin sitoudut, tarkista ehdot (kierr\u00e4tysvaatimukset, nostorajat). Suosi vastuullista pelaamista ja tutustu alustaan harkiten. Mahdollinen l\u00f6yt\u00f6, mutta <strong>edellytt\u00e4en, ett\u00e4 ehtoja luetaan huolellisesti<\/strong>.<\/p>\n\n\n\n<p>Vegas Hero Casino tarjoaa <strong>monipuolinen pelikirjasto, futuristinen muotoilu ja MGA\/UKGC-lisenssit<\/strong>. Kuitenkin viiv\u00e4stykset kotiutuksissa, huono asiakaspalvelu ja tiukat bonusehdot... <strong>rajoittaa lausuntoa<\/strong>. Valistuneen kokemuksen saamiseksi tarkista oikeudelliset asiakirjat, ennakoi tilin tarkistukset ja <strong>varovaisuus on valttia<\/strong>.<\/p>\n\n\n\n<h2 class=\"wp-block-heading\">FAQ<\/h2>\n\n\n\n<h3 class=\"wp-block-heading\">Onko Vegas Hero Casino turvallinen ja turvallinen sivusto?<\/h3>\n\n\n\n<p>On t\u00e4rke\u00e4\u00e4 huomata, ett\u00e4 Vegas Hero Casinon omistaa Genesis Global Limited, yritys, jolla on hyv\u00e4maineiset lisenssit (MGA ja UKGC). N\u00e4m\u00e4 s\u00e4\u00e4d\u00f6kset takaavat Vegas Hero Casinon toiminnalle tiukat oikeudelliset puitteet.<strong>reilu peli ja tietosuoja<\/strong>.<\/p>\n\n\n\n<p>Kuitenkin <strong>vaihtelevaa palautetta pelaajilta<\/strong>. Jotkut mainitsevat vaikeuksia voittojensa nostamisessa tai tehokkaan asiakaspalvelun tavoittamisessa. Samaan aikaan foorumi sitoutuu vahvasti turvallisuuteen, mik\u00e4 saattaa rauhoittaa uusia k\u00e4ytt\u00e4ji\u00e4. On silti suositeltavaa tarkistaa k\u00e4ytt\u00f6ehdot ennen pelaamista.<\/p>\n\n\n\n<h3 class=\"wp-block-heading\">Mit\u00e4 bonuksia ja kampanjoita Vegas Herolla on saatavilla?<\/h3>\n\n\n\n<p>Olemme huomanneet, ett\u00e4 Vegas Herolla on houkutteleva tervetuliaistarjous: <strong>300 %:n bonus 800 euroon asti.<\/strong>200 ilmaiskierrosta 10 p\u00e4iv\u00e4n ajan.<\/p>\n\n\n\n<p>Jotta k\u00e4ytt\u00e4j\u00e4t ymm\u00e4rt\u00e4isiv\u00e4t ehdot, t\u00e4ss\u00e4 ovat yksityiskohdat: talletukset ja bonukset on kierr\u00e4tett\u00e4v\u00e4 35 kertaa, kun taas ilmaiskierrosten voitot on kierr\u00e4tett\u00e4v\u00e4 40 kertaa. K\u00e4yt\u00e4nn\u00f6ss\u00e4 t\u00e4m\u00e4 tarkoittaa sit\u00e4, ett\u00e4 20 euron talletuksella + 60 euron bonuksella (eli 80 eurolla) sinun pit\u00e4isi <strong>panos 2 800 euroa<\/strong> (80 \u20ac x 35 \u20ac) bonuksen vapauttamiseksi. Rajoitukset koskevat my\u00f6s maksutapoja ja maksimivoittoja maasta riippuen.<\/p>\n\n\n\n<h3 class=\"wp-block-heading\">Kuinka monipuolinen Vegas Heron pelikirjasto on?<\/h3>\n\n\n\n<p>Yli 1300 peli\u00e4, <strong>Vegas Hero monipuolisena alustana<\/strong>. Kolikkopelien yst\u00e4v\u00e4t l\u00f6yt\u00e4v\u00e4t live-kasinolta sek\u00e4 klassikoita ett\u00e4 uusia julkaisuja suurimmilta julkaisijoilta, kuten NetEnt, Pragmatic Play ja Evolution Gaming.<\/p>\n\n\n\n<p>Saatavilla on my\u00f6s p\u00f6yt\u00e4pelej\u00e4 (blackjack, ruletti) ja progressiivisia j\u00e4ttipotteja. Urheiluvedonly\u00f6nti t\u00e4ydent\u00e4\u00e4 tarjontaa. <strong>Suosittelemme, ett\u00e4 kokeilet pelej\u00e4 ilmaisessa tilassa.<\/strong> ennen oikean rahan panostamista, jotta voit tunnistaa mieltymyksesi.<\/p>\n\n\n\n<h3 class=\"wp-block-heading\">Mitk\u00e4 ovat toistuvat ongelmat kotiutuksissa?<\/h3>\n\n\n\n<p>Useat online-arvostelut korostavat <strong>viiv\u00e4stykset nostojen k\u00e4sittelyss\u00e4<\/strong>T\u00e4m\u00e4 voi kest\u00e4\u00e4 jopa useita viikkoja. On my\u00f6s raportoitu, ett\u00e4 maksutapahtumia on peruutettu tarkistuksen varjolla.<\/p>\n\n\n\n<p>Vegas Hero puolestaan v\u00e4itt\u00e4\u00e4 noudattavansa perinteisten menetelmien (siirrot, kortit, s\u00e4hk\u00f6iset lompakot) osalta alan standardiaikatauluja. On t\u00e4rke\u00e4\u00e4 huomata, ett\u00e4 <strong>Talletusten nopeus (yleens\u00e4 v\u00e4lit\u00f6n) on ristiriidassa kotiutusongelmien kanssa.<\/strong>. Tarkista kirjautumistietosi ja asiakirjasi, ennen kuin pyyd\u00e4t nostoa, jotta voit minimoida mahdolliset haitat.<\/p>\n\n\n\n<h3 class=\"wp-block-heading\">Onko Vegas Heroa mahdollista pelata matkapuhelimella?<\/h3>\n\n\n\n<p>Kasino ei tarjoa omaa sovellusta. Se tarjoaa kuitenkin oman sovelluksen, <strong>sivuston mobiiliversio on t\u00e4ysin toimiva ja optimoitu.<\/strong> \u00e4lypuhelimille ja tableteille.<\/p>\n\n\n\n<p>Voit k\u00e4ytt\u00e4\u00e4 kaikkia pelej\u00e4, hallita talletuksia\/nostoja ja ottaa yhteytt\u00e4 asiakaspalveluun selaimestasi. Riippuen tavoitteistasi, <strong>t\u00e4m\u00e4 mukautuva ratkaisu on edelleen p\u00e4tev\u00e4 vaihtoehto<\/strong> natiiviin sovellukseen, varsinkin jos k\u00e4yt\u00e4t vuorotellen eri laitteilla.<\/p>\n\n<\/div>\n<\/div>\n<\/section>","protected":false},"excerpt":{"rendered":"<p>Vegas Hero Casino Bonus 100% jusqu&rsquo;\u00e0 500\u20ac + 200 Free Spins + 1 Bonus Crab Vegas Hero Casino Vegas Hero Casino, lanc\u00e9 en 2025 par Lumina Holdings Limitada, se pr\u00e9sente comme une alternative innovante, alliant design futuriste et ludoth\u00e8que vaste. D\u00e9couvrez une plateforme r\u00e9gul\u00e9e par la Costa Rica Gambling, avec des jeux sign\u00e9s NetEnt, Evolution &#8230; <a title=\"Home\" class=\"read-more\" href=\"https:\/\/vegas-heros.eu\/fi\/\" aria-label=\"Lue lis\u00e4\u00e4 aiheesta Home\">Lue lis\u00e4\u00e4<\/a><\/p>","protected":false},"author":1,"featured_media":0,"parent":0,"menu_order":0,"comment_status":"closed","ping_status":"closed","template":"","meta":{"footnotes":""},"class_list":["post-196","page","type-page","status-publish"],"_links":{"self":[{"href":"https:\/\/vegas-heros.eu\/fi\/wp-json\/wp\/v2\/pages\/196","targetHints":{"allow":["GET"]}}],"collection":[{"href":"https:\/\/vegas-heros.eu\/fi\/wp-json\/wp\/v2\/pages"}],"about":[{"href":"https:\/\/vegas-heros.eu\/fi\/wp-json\/wp\/v2\/types\/page"}],"author":[{"embeddable":true,"href":"https:\/\/vegas-heros.eu\/fi\/wp-json\/wp\/v2\/users\/1"}],"replies":[{"embeddable":true,"href":"https:\/\/vegas-heros.eu\/fi\/wp-json\/wp\/v2\/comments?post=196"}],"version-history":[{"count":5,"href":"https:\/\/vegas-heros.eu\/fi\/wp-json\/wp\/v2\/pages\/196\/revisions"}],"predecessor-version":[{"id":450,"href":"https:\/\/vegas-heros.eu\/fi\/wp-json\/wp\/v2\/pages\/196\/revisions\/450"}],"wp:attachment":[{"href":"https:\/\/vegas-heros.eu\/fi\/wp-json\/wp\/v2\/media?parent=196"}],"curies":[{"name":"wp","href":"https:\/\/api.w.org\/{rel}","templated":true}]}}