{"id":196,"date":"2024-03-12T15:11:15","date_gmt":"2024-03-12T15:11:15","guid":{"rendered":"http:\/\/gbp-kvd-simplicloud.local\/?page_id=196"},"modified":"2025-12-23T17:17:02","modified_gmt":"2025-12-23T17:17:02","slug":"home","status":"publish","type":"page","link":"https:\/\/vegas-heros.eu\/it\/","title":{"rendered":"Home"},"content":{"rendered":"<section class=\"gb-container gb-container-97936d6f gbp-section has-gradient-bg\">\n<div class=\"gb-container gb-container-5c426c81 gbp-section__inner\">\n<div class=\"gb-container gb-container-85ff4394\">\n\n<h1 class=\"gb-headline gb-headline-ac42f5a0 gb-headline-text gbp-section__headline\">Casin\u00f2 Vegas Hero<\/h1>\n\n\n\n<div class=\"gb-headline gb-headline-cfd565bd gb-headline-text gbp-section__text\"><strong><em>100% Bonus fino a 500\u20ac + 200 Giri Gratis + 1 Bonus Granchio<\/em><\/strong><\/div>\n\n\n<div class=\"gb-container gb-container-104fd3a4\">\n\n<a class=\"gb-button gb-button-cf2b5a50 gb-button-text gbp-button--primary\" href=\"https:\/\/vegas-heros.eu\/it\/go\/vegashero\/\" target=\"_blank\" rel=\"noopener noreferrer\">REGISTRAZIONE<\/a>\n\n\n\n<a class=\"gb-button gb-button-86296e76 gb-button-text gbp-button--secondary\" href=\"https:\/\/vegas-heros.eu\/it\/go\/vegashero\/\" target=\"_blank\" rel=\"noopener noreferrer\">ATTIVARE IL BONUS \ud83c\udf81<\/a>\n\n<\/div>\n<\/div>\n\n\n<figure class=\"gb-block-image gb-block-image-4e8e4892\"><a href=\"https:\/\/vegas-heros.eu\/it\/go\/vegashero\/\" target=\"_blank\" rel=\"noopener noreferrer\"><img loading=\"lazy\" decoding=\"async\" width=\"1773\" height=\"520\" class=\"gb-image gb-image-4e8e4892\" src=\"https:\/\/vegas-heros.eu\/wp-content\/uploads\/2025\/11\/vegashero.jpg\" alt=\"vegashero\" title=\"vegashero\" srcset=\"https:\/\/vegas-heros.eu\/wp-content\/uploads\/2025\/11\/vegashero.jpg 1773w, https:\/\/vegas-heros.eu\/wp-content\/uploads\/2025\/11\/vegashero-300x88.jpg 300w, https:\/\/vegas-heros.eu\/wp-content\/uploads\/2025\/11\/vegashero-1024x300.jpg 1024w, https:\/\/vegas-heros.eu\/wp-content\/uploads\/2025\/11\/vegashero-768x225.jpg 768w, https:\/\/vegas-heros.eu\/wp-content\/uploads\/2025\/11\/vegashero-1536x450.jpg 1536w\" sizes=\"auto, (max-width: 1773px) 100vw, 1773px\" \/><\/a><\/figure>\n\n<\/div>\n\n<div class=\"gb-container gb-container-668e459a\">\n<div class=\"gb-container gb-container-b289406a\">\n\n<h2 class=\"gb-headline gb-headline-1c2d7772 gb-headline-text\">Casin\u00f2 Vegas Hero<\/h2>\n\n\n\n<p>Vegas Hero Casino, lanciato nel 2025 da Lumina Holdings Limitada, si presenta come un'alternativa innovativa, che combina un design futuristico con una vasta libreria di giochi. Scoprite una piattaforma regolamentata dal Costa Rica Gambling, con giochi di NetEnt, Evolution Gaming e Pragmatic Play. La nostra analisi esplora i suoi punti di forza - bonus interessanti, accessibilit\u00e0 mobile, offerta variegata - esaminando anche le critiche sui prelievi e su un servizio clienti a volte carente. A <strong>un'immersione equilibrata nel mondo dei contrasti<\/strong> di Vegas Hero.<\/p>\n\n\n\n<ol class=\"wp-block-list\">\n<li><a href=\"#vegas-hero-avis\">Vegas Hero: la nostra recensione completa di questo casin\u00f2 online di nuova generazione<\/a><\/li>\n\n\n\n<li><a href=\"#bonus-promotions\">Bonus e promozioni di Vegas Hero<\/a><\/li>\n\n\n\n<li><a href=\"#une-ludotheque-impressionnante-pour-tous-les-types-de-joueurs\">Un'impressionante libreria di giochi per tutti i tipi di giocatori<\/a><\/li>\n\n\n\n<li><a href=\"#paiements-securite\">Pagamenti e sicurezza: un ambiente di gioco affidabile<\/a><\/li>\n\n\n\n<li><a href=\"#mobile\">Esperienza e design mobile: giocare ovunque con stile<\/a><\/li>\n\n\n\n<li><a href=\"#avis-utilisateurs\">Recensioni dei giocatori: cosa pensa la comunit\u00e0 di Vegas Hero?<\/a><\/li>\n\n\n\n<li><a href=\"#verdict\">Il nostro verdetto: Vegas Hero Casino \u00e8 la scelta giusta per voi?<\/a><\/li>\n<\/ol>\n\n\n\n<h2 class=\"wp-block-heading\" id=\"vegas-hero-avis\">Vegas Hero: la nostra recensione completa di questo casin\u00f2 online di nuova generazione<\/h2>\n\n\n\n<h3 class=\"wp-block-heading\">L'esperienza dell'utente inizia con un design accattivante<\/h3>\n\n\n\n<p>Vegas Hero Casino seduce con il suo <strong>Interfaccia futuristica, che combina design pulito, colori vivaci e navigazione fluida.<\/strong> pour une exp\u00e9rience immersive, loin du style sombre du <a href=\"https:\/\/lizaro.net\/\" target=\"_blank\" rel=\"noopener\">casino lizaro<\/a>. Les graphismes dynamiques et les menus intuitifs renforcent cette impression d\u2019innovation, id\u00e9ale pour les joueurs modernes.<\/p>\n\n\n\n<h3 class=\"wp-block-heading\">Perch\u00e9 Vegas Hero attrae i fan del gioco d'azzardo online<\/h3>\n\n\n\n<p>Lanciato nel 2025 da Lumina Holdings Limitada, questo casin\u00f2 offre&nbsp;<strong>una ludoteca con oltre 10.000 giochi, generose promozioni<\/strong>e un adattamento ottimale ai dispositivi mobili. Sviluppatori come NetEnt e Microgaming garantiscono un'elevata qualit\u00e0.<\/p>\n\n\n\n<p>Analizziamo <strong>i suoi asset principali<\/strong> :<\/p>\n\n\n\n<ul class=\"wp-block-list\">\n<li>Una variet\u00e0 di giochi (slot machine, croupier dal vivo);<\/li>\n\n\n\n<li>Promozioni e programma VIP ;<\/li>\n\n\n\n<li>Compatibilit\u00e0 smartphone\/tablet ;<\/li>\n\n\n\n<li>Recensioni trasparenti degli utenti.<\/li>\n<\/ul>\n\n\n\n<p>Scoprite la sua forza.<\/p>\n\n\n\n<h3 class=\"wp-block-heading\">Un impegno per la qualit\u00e0 e la sicurezza<\/h3>\n\n\n\n<p>Licenza Costa Rica, Vegas Hero <strong>garantisce sicurezza e attrattiva<\/strong> con criptovalute e giochi dal vivo. Questa certificazione riflette il fair play e la sicurezza dei dati.<\/p>\n\n\n\n<p>Piattaforma innovativa e mobile-first. Scoprite il <strong>feedback dell'utente<\/strong> di seguito.<\/p>\n\n\n\n<h2 class=\"wp-block-heading\" id=\"bonus-promotions\">Bonus e promozioni di Vegas Hero<\/h2>\n\n\n\n<p>Il casin\u00f2 online Vegas Hero affascina con le sue offerte promozionali e il suo design futuristico, <strong>ottimizzare l'esperienza dell'utente<\/strong>. Con giochi di fornitori come NetEnt ed Evolution Gaming, la piattaforma combina sicurezza, diversit\u00e0 e modernit\u00e0.<\/p>\n\n\n\n<h3 class=\"wp-block-heading\">Bonus di benvenuto al microscopio<\/h3>\n\n\n\n<p>Beneficiare di <strong>bonus di 300 % fino a 800 euro o 100 %<\/strong> fino a 500 $, con 200 giri gratuiti (20 al giorno per 10 giorni).<\/p>\n\n\n\n<p>A <strong>deposito minimo di 20 \u20ac o $<\/strong> \u00e8 richiesto, tranne che tramite Neteller o Skrill.<\/p>\n\n\n\n<p>L'ampia gamma di giochi, dalle slot machine ai giochi dal vivo, e l'interfaccia coinvolgente facilitano la conoscenza dei clienti. <strong>questo vantaggio \u00e8 disponibile a partire dal primo deposito<\/strong>. L'attivazione \u00e8 immediata dopo il deposito.<\/p>\n\n\n\n<h3 class=\"wp-block-heading\">Comprendere le condizioni di scommessa<\/h3>\n\n\n\n<p>Il bonus e il deposito devono essere <strong>puntate 35 volte, vincite dei giri gratis 40 volte<\/strong>per 10 giorni.<\/p>\n\n\n\n<p>La puntata massima \u00e8 limitata a 5 euro o $ con un bonus attivo. Le slot machine valgono 100 % di scommessa, rispetto a 10 % per il video poker o i giochi dal vivo. Questa struttura <strong>incoraggia i giocatori occasionali<\/strong> rispettando le regole della trasparenza.<\/p>\n\n\n\n<h3 class=\"wp-block-heading\">Promozioni regolari e programma VIP<\/h3>\n\n\n\n<p>I membri beneficiano di cashback settimanali, bonus di ricarica e sfide mensili per <strong>moltiplicare le ricompense<\/strong>.<\/p>\n\n\n\n<p><strong>Programma VIP (livelli Bronzo, Argento, Oro)<\/strong> propone :<\/p>\n\n\n\n<ul class=\"wp-block-list\">\n<li>Limiti <strong>aumento dell'importo dei prelievi<\/strong>.<\/li>\n\n\n\n<li><strong>Gestione personalizzata tramite un manager dedicato.<\/strong><\/li>\n\n\n\n<li><strong>Inviti esclusivi agli eventi<\/strong>.<\/li>\n<\/ul>\n\n\n\n<p>Il design futuristico e la fluidit\u00e0 del sito ne aumentano il fascino. La piattaforma, autorizzata dalla MGA e dalla UK Gambling Commission, garantisce affidabilit\u00e0. I giocatori apprezzano la reattivit\u00e0 dell'assistenza 24\/7 e le offerte personalizzate.<\/p>\n\n\n\n<h2 class=\"wp-block-heading\" id=\"une-ludotheque-impressionnante-pour-tous-les-types-de-joueurs\">Un'impressionante libreria di giochi per tutti i tipi di giocatori<\/h2>\n\n\n\n<p>Cosa distingue Vegas Hero Casino? Grazie a <strong>una libreria di giochi ricca e variegata<\/strong>progettato per soddisfare tutti gli appassionati di giochi online. Dal momento in cui si entra nel sito, l'esperienza combina qualit\u00e0, accessibilit\u00e0 e immersione.<\/p>\n\n\n\n<h3 class=\"wp-block-heading\" id=\"un-catalogue-de-jeux-quasi-infini\">Un catalogo quasi infinito di giochi<\/h3>\n\n\n\n<p>Con oltre 1.300 titoli, Vegas Hero Casino offre <strong>una scelta ben superiore alla media del mercato<\/strong>.<\/p>\n\n\n\n<p>Dai classici alle nuove versioni, comprese le slot machine con jackpot progressivo, <strong>c'\u00e8 qualcosa per tutti<\/strong>. Questa diversit\u00e0 garantisce un intrattenimento irripetibile per tutti i gusti.<\/p>\n\n\n\n<h3 class=\"wp-block-heading\" id=\"les-meilleurs-fournisseurs-de-logiciels-du-marche\">I migliori fornitori di software sul mercato<\/h3>\n\n\n\n<p>Per garantire qualit\u00e0 e affidabilit\u00e0, <strong>Vegas Hero Casino collabora con i principali editori<\/strong> Questi includono NetEnt, Evolution Gaming, Microgaming, Quickspin e Pragmatic Play.<\/p>\n\n\n\n<p>I loro giochi, con la loro grafica meticolosa e le loro meccaniche innovative, soddisfano gli standard pi\u00f9 elevati. <strong>Una garanzia di equit\u00e0 e immersione per tutti gli utenti.<\/strong><\/p>\n\n\n\n<h3 class=\"wp-block-heading\" id=\"une-offre-de-jeu-variee\">Una gamma variegata di giochi<\/h3>\n\n\n\n<p>Qualunque sia il vostro profilo, Vegas Hero Casino <strong>offre attivit\u00e0 su misura<\/strong> :<\/p>\n\n\n\n<ul class=\"wp-block-list\">\n<li><strong>Slot machine<\/strong> Classico, 3D, con jackpot progressivo.<\/li>\n\n\n\n<li><strong>Giochi da tavolo<\/strong> blackjack, roulette, baccarat in diverse varianti.<\/li>\n\n\n\n<li><strong>Casin\u00f2 dal vivo<\/strong> Giochi con croupier reali.<\/li>\n\n\n\n<li><strong>Giochi con jackpot progressivo<\/strong> per guadagni eccezionali.<\/li>\n\n\n\n<li><strong>Scommesse sportive<\/strong> Un'estensione dell'offerta oltre il casin\u00f2 classico.<\/li>\n<\/ul>\n\n\n\n<p>Il design futuristico e l'interfaccia intuitiva rendono facile l'accesso a questa diversit\u00e0. \u00c8 disponibile anche una modalit\u00e0 demo per <strong>provare i giochi prima di scommettere denaro reale<\/strong>.<\/p>\n\n\n\n<h2 class=\"wp-block-heading\" id=\"paiements-securite\">Pagamenti e sicurezza: un ambiente di gioco affidabile<\/h2>\n\n\n\n<h3 class=\"wp-block-heading\">Metodi di deposito e prelievo disponibili<\/h3>\n\n\n\n<p>L'accesso agevole ai giochi dipende dalle opzioni di pagamento. Vegas Hero Casino offre <strong>soluzioni moderne e sicure per depositi e prelievi<\/strong>.<\/p>\n\n\n\n<figure class=\"wp-block-table\"><table class=\"has-fixed-layout\"><thead><tr><th>Categoria di pagamento<\/th><th>Esempi di metodi<\/th><th>Deposito possibile<\/th><th>Possibilit\u00e0 di ritiro<\/th><\/tr><\/thead><tbody><tr><td>Carte bancarie<\/td><td>Visa \/ Mastercard<\/td><td>S\u00ec<\/td><td>S\u00ec<\/td><\/tr><tr><td>Portafogli elettronici<\/td><td>Skrill \/ Neteller \/ ecoPayz<\/td><td>S\u00ec<\/td><td>S\u00ec<\/td><\/tr><tr><td>Carte prepagate<\/td><td>Paysafecard<\/td><td>S\u00ec<\/td><td>No<\/td><\/tr><tr><td>Bonifico bancario<\/td><td>Bonifico bancario<\/td><td>S\u00ec<\/td><td>S\u00ec<\/td><\/tr><\/tbody><\/table><\/figure>\n\n\n\n<p>I depositi sono stati per lo pi\u00f9 istantanei. Il deposito minimo \u00e8 di 10 euro, senza costi aggiuntivi. I prelievi variano da poche ore (portafogli elettronici) a 3-5 giorni (bonifici). <strong>Vegas Hero Casino non ha addebitato alcuna commissione<\/strong>Questo garantisce la totale trasparenza dei costi associati.<\/p>\n\n\n\n<h3 class=\"wp-block-heading\">Licenze e regolamenti: la vostra sicurezza viene prima di tutto<\/h3>\n\n\n\n<p>Vegas Hero Casino era supportato da certificazioni importanti. L'operatore, Genesis Global Limited, \u00e8 in possesso di una licenza rilasciata dalla Malta Gaming Authority (MGA) e dalla UK Gambling Commission (UKGC), che garantiscono <strong>elevati standard di correttezza e protezione dei dati<\/strong>.<\/p>\n\n\n\n<p>Le transazioni sono protette dalla crittografia SSL. I controlli regolari includono verifiche indipendenti per garantire la correttezza. Queste misure hanno fornito ai giocatori un quadro di fiducia per le loro attivit\u00e0 online, con una <strong>priorit\u00e0 assoluta alla sicurezza delle informazioni personali e finanziarie<\/strong>.<\/p>\n\n\n\n<h2 class=\"wp-block-heading\" id=\"mobile\">Esperienza e design mobile: giocare ovunque con stile<\/h2>\n\n\n\n<h3 class=\"wp-block-heading\">Design moderno e navigazione fluida<\/h3>\n\n\n\n<p>Il sito web di Vegas Hero Casino presenta un <strong>estetica futuristica, abbinata a un'interfaccia chiara e intuitiva<\/strong>.<\/p>\n\n\n\n<p>I giocatori beneficiano di un'organizzazione strutturata: giochi, bonus e informazioni sono tutti a loro disposizione. <strong>accessibile con un semplice clic, anche per i principianti<\/strong>.<\/p>\n\n\n\n<p>La grafica dinamica e le animazioni luminose aumentano l'immersione, mantenendo la fluidit\u00e0 della navigazione. Una vera risorsa per <strong>catturare l'attenzione fin dalla prima connessione<\/strong>.<\/p>\n\n\n\n<h3 class=\"wp-block-heading\">L'esperienza di Vegas Hero su smartphone e tablet<\/h3>\n\n\n\n<p>Non \u00e8 necessario scaricare un'applicazione: <strong>il sito si adatta automaticamente a tutti gli schermi<\/strong> grazie al suo design reattivo.<\/p>\n\n\n\n<p>Funzioni chiave come depositi, prelievi e accesso all'assistenza <strong>rimanere operativi anche in movimento, senza perdita di qualit\u00e0<\/strong>.<\/p>\n\n\n\n<p>Le poche recensioni positive notano <strong>velocit\u00e0 di caricamento ottimale<\/strong>anche su connessioni 4G. Una soluzione pratica per giocare in mobilit\u00e0, senza occupare troppo spazio.<\/p>\n\n\n\n<p>Grazie a questa accessibilit\u00e0, Vegas Hero si \u00e8 affermato come casin\u00f2 online. <strong>progettato per una generazione connessa, che unisce modernit\u00e0 e praticit\u00e0<\/strong>.<\/p>\n\n\n\n<h2 class=\"wp-block-heading\" id=\"avis-utilisateurs\">Recensioni dei giocatori: cosa pensa la comunit\u00e0 di Vegas Hero?<\/h2>\n\n\n\n<h3 class=\"wp-block-heading\">Punti di forza apprezzati dagli utenti<\/h3>\n\n\n\n<p>Molti giocatori indicano il <strong>L'ampia selezione di giochi di Vegas Hero Casino<\/strong>. Grazie alle partnership con fornitori rinomati come NetEnt, Evolution Gaming, Microgaming, Quickspin e Pragmatic Play, il sito offre slot, giochi da tavolo e croupier dal vivo di qualit\u00e0.<\/p>\n\n\n\n<p>Il design del sito \u00e8 spesso descritto come audace e tematico, con un tema di supereroi che gli conferisce un'atmosfera futuristica e coinvolgente. Alcuni utenti notano anche <strong>un'esperienza di gioco fluida, senza bug o rallentamenti ricorrenti<\/strong>.<\/p>\n\n\n\n<p>Per una minoranza di giocatori, <strong>i prelievi si sono svolti senza problemi<\/strong>a volte entro 3 giorni. In una recensione si parla anche di un servizio clienti reattivo e cordiale, con una risoluzione efficiente di un problema minore.<\/p>\n\n\n\n<h3 class=\"wp-block-heading\">Preoccupazioni sollevate dalla comunit\u00e0<\/h3>\n\n\n\n<p>Tuttavia, per darvi un quadro completo, \u00e8 importante menzionare il feedback critico che abbiamo ricevuto. Su Trustpilot, <strong>Vegas Hero Casino ha una valutazione media di 2.9\/5<\/strong>sulla base di 23 recensioni.<\/p>\n\n\n\n<p><strong>I punti principali da tenere d'occhio<\/strong> riguardano :<\/p>\n\n\n\n<ul class=\"wp-block-list\">\n<li><strong>Tempi di prelievo lunghi<\/strong>da alcuni giorni a diverse settimane.<\/li>\n\n\n\n<li><strong>Problemi di contatto con il servizio clienti<\/strong> spesso descritto come reattivo attraverso messaggi automatici o script ripetitivi.<\/li>\n\n\n\n<li><strong>Annullamento dei prelievi<\/strong>Questi sono attribuiti a controlli supplementari o a problemi tecnici.<\/li>\n<\/ul>\n\n\n\n<p>Per evitare qualsiasi inconveniente, vi consigliamo di leggere attentamente i termini e le condizioni e di controllare il vostro conto non appena vi sarete registrati. Questo <strong>facilita le transazioni e riduce il rischio di blocchi<\/strong>.<\/p>\n\n\n\n<h2 class=\"wp-block-heading\" id=\"verdict\">Il nostro verdetto: Vegas Hero Casino \u00e8 la scelta giusta per voi?<\/h2>\n\n\n\n<p>Vegas Hero Casino offre oltre 1.300 giochi dei principali editori (NetEnt, Evolution Gaming, Microgaming). Con il suo design futuristico e mobile-friendly e gli interessanti bonus (fino a 800 euro + giri gratuiti), Vegas Hero Casino \u00e8 il luogo ideale per giocare ai giochi di casin\u00f2. <strong>una piattaforma moderna<\/strong>. Le licenze MGA e UKGC forniscono un quadro teorico sicuro.<\/p>\n\n\n\n<p>Per gli appassionati di una vasta gamma di giochi e offerte promozionali, <strong>Vegas Hero definisce lo standard<\/strong>. La sua libreria di giochi, l'interfaccia fluida e il programma VIP si rivolgono ai giocatori che cercano un'esperienza coinvolgente.<\/p>\n\n\n\n<p>Tuttavia, le opinioni differiscono. Mentre alcuni sottolineano la qualit\u00e0 dei depositi e dell'interfaccia, altri lamentano ritardi nei prelievi o un servizio clienti poco reattivo. Prima di impegnarvi, controllate le condizioni (requisiti di scommessa, limiti di prelievo). Favorite il gioco responsabile ed esplorate la piattaforma con discernimento. Una scoperta possibile, ma <strong>a condizione di un'attenta lettura dei termini<\/strong>.<\/p>\n\n\n\n<p>Vegas Hero Casino offre un <strong>libreria di giochi variegata, design futuristico e licenze MGA\/UKGC<\/strong>. Tuttavia, i ritardi nei prelievi, lo scarso servizio clienti e le rigide condizioni di bonus <strong>qualificare il parere<\/strong>. Per un'esperienza illuminata, controllate i vostri documenti legali, anticipate le verifiche del conto e <strong>sbagliare con cautela<\/strong>.<\/p>\n\n\n\n<h2 class=\"wp-block-heading\">FAQ<\/h2>\n\n\n\n<h3 class=\"wp-block-heading\">Vegas Hero Casino \u00e8 un sito sicuro e protetto?<\/h3>\n\n\n\n<p>\u00c8 importante notare che Vegas Hero Casino \u00e8 di propriet\u00e0 di Genesis Global Limited, una societ\u00e0 con licenze affidabili (MGA e UKGC). Questi regolamenti garantiscono un quadro legale rigoroso per il funzionamento di Vegas Hero Casino.<strong>fair play e protezione dei dati<\/strong>.<\/p>\n\n\n\n<p>Tuttavia, il <strong>feedback contrastanti da parte dei giocatori<\/strong>. Alcuni citano difficolt\u00e0 nel prelevare le vincite o nel raggiungere un servizio clienti efficiente. Allo stesso tempo, la piattaforma si impegna fortemente per la sicurezza, il che pu\u00f2 rassicurare i nuovi utenti. \u00c8 comunque consigliabile controllare i termini di utilizzo prima di giocare.<\/p>\n\n\n\n<h3 class=\"wp-block-heading\">Quali bonus e promozioni sono disponibili su Vegas Hero?<\/h3>\n\n\n\n<p>Abbiamo notato che Vegas Hero ha un'interessante offerta di benvenuto: <strong>un bonus di 300 % fino a 800 euro<\/strong>con 200 giri gratuiti per 10 giorni.<\/p>\n\n\n\n<p>Per aiutare i nostri utenti a comprendere le condizioni, ecco i dettagli: i depositi e i bonus devono essere scommessi 35 volte, mentre le vincite dei giri gratuiti richiedono una puntata di 40 volte. In pratica, questo significa che su un deposito di 20 euro + 60 euro di bonus (cio\u00e8 80 euro), dovrete <strong>posta in gioco 2.800 euro<\/strong> (80 \u20ac x 35) per sbloccare il bonus. Le restrizioni si applicano anche ai metodi di pagamento e alle vincite massime a seconda del paese.<\/p>\n\n\n\n<h3 class=\"wp-block-heading\">Quanto \u00e8 varia la libreria di giochi di Vegas Hero?<\/h3>\n\n\n\n<p>Con oltre 1.300 giochi, <strong>Vegas Hero si posiziona come piattaforma versatile<\/strong>. Gli appassionati di slot machine troveranno sia i classici che le nuove uscite dei principali editori come NetEnt, Pragmatic Play ed Evolution Gaming per il casin\u00f2 live.<\/p>\n\n\n\n<p>Sono disponibili anche giochi da tavolo (blackjack, roulette) e jackpot progressivi. Le scommesse sportive completano l'offerta. <strong>Si consiglia di provare i giochi in modalit\u00e0 gratuita.<\/strong> prima di scommettere denaro reale, per identificare le vostre preferenze.<\/p>\n\n\n\n<h3 class=\"wp-block-heading\">Quali sono i problemi ricorrenti con i prelievi?<\/h3>\n\n\n\n<p>Diverse recensioni online evidenziano <strong>ritardi nell'elaborazione dei prelievi<\/strong>Questo pu\u00f2 richiedere fino a diverse settimane. Ci sono state anche segnalazioni di transazioni annullate con il pretesto della verifica.<\/p>\n\n\n\n<p>Vegas Hero, invece, sostiene di rispettare i tempi standard del settore per i metodi tradizionali (bonifici, carte, portafogli elettronici). \u00c8 fondamentale notare che <strong>la velocit\u00e0 dei depositi (generalmente istantanei) contrasta con questi problemi di prelievo<\/strong>. Per ridurre al minimo i disagi, si prega di controllare i dati di accesso e i documenti prima di richiedere un prelievo.<\/p>\n\n\n\n<h3 class=\"wp-block-heading\">\u00c8 possibile giocare a Vegas Hero su un telefono cellulare?<\/h3>\n\n\n\n<p>Il casin\u00f2 non offre un'applicazione dedicata. Tuttavia, offre un'applicazione dedicata, <strong>la versione mobile del sito \u00e8 completamente funzionale e ottimizzata<\/strong> per smartphone e tablet.<\/p>\n\n\n\n<p>Potete accedere a tutti i giochi, gestire i vostri depositi\/prelievi e contattare l'assistenza dal vostro browser. A seconda dei vostri obiettivi, <strong>questa soluzione adattiva rimane una valida alternativa<\/strong> a un'applicazione nativa, soprattutto se si alternano sessioni su dispositivi diversi.<\/p>\n\n<\/div>\n<\/div>\n<\/section>","protected":false},"excerpt":{"rendered":"<p>Vegas Hero Casino Bonus 100% jusqu&rsquo;\u00e0 500\u20ac + 200 Free Spins + 1 Bonus Crab Vegas Hero Casino Vegas Hero Casino, lanc\u00e9 en 2025 par Lumina Holdings Limitada, se pr\u00e9sente comme une alternative innovante, alliant design futuriste et ludoth\u00e8que vaste. D\u00e9couvrez une plateforme r\u00e9gul\u00e9e par la Costa Rica Gambling, avec des jeux sign\u00e9s NetEnt, Evolution &#8230; <a title=\"Home\" class=\"read-more\" href=\"https:\/\/vegas-heros.eu\/it\/\" aria-label=\"Per saperne di pi\u00f9 su Home\">Leggi tutto<\/a><\/p>","protected":false},"author":1,"featured_media":0,"parent":0,"menu_order":0,"comment_status":"closed","ping_status":"closed","template":"","meta":{"footnotes":""},"class_list":["post-196","page","type-page","status-publish"],"_links":{"self":[{"href":"https:\/\/vegas-heros.eu\/it\/wp-json\/wp\/v2\/pages\/196","targetHints":{"allow":["GET"]}}],"collection":[{"href":"https:\/\/vegas-heros.eu\/it\/wp-json\/wp\/v2\/pages"}],"about":[{"href":"https:\/\/vegas-heros.eu\/it\/wp-json\/wp\/v2\/types\/page"}],"author":[{"embeddable":true,"href":"https:\/\/vegas-heros.eu\/it\/wp-json\/wp\/v2\/users\/1"}],"replies":[{"embeddable":true,"href":"https:\/\/vegas-heros.eu\/it\/wp-json\/wp\/v2\/comments?post=196"}],"version-history":[{"count":5,"href":"https:\/\/vegas-heros.eu\/it\/wp-json\/wp\/v2\/pages\/196\/revisions"}],"predecessor-version":[{"id":450,"href":"https:\/\/vegas-heros.eu\/it\/wp-json\/wp\/v2\/pages\/196\/revisions\/450"}],"wp:attachment":[{"href":"https:\/\/vegas-heros.eu\/it\/wp-json\/wp\/v2\/media?parent=196"}],"curies":[{"name":"wp","href":"https:\/\/api.w.org\/{rel}","templated":true}]}}