{"id":196,"date":"2024-03-12T15:11:15","date_gmt":"2024-03-12T15:11:15","guid":{"rendered":"http:\/\/gbp-kvd-simplicloud.local\/?page_id=196"},"modified":"2025-12-23T17:17:02","modified_gmt":"2025-12-23T17:17:02","slug":"home","status":"publish","type":"page","link":"https:\/\/vegas-heros.eu\/pt\/","title":{"rendered":"Home"},"content":{"rendered":"<section class=\"gb-container gb-container-97936d6f gbp-section has-gradient-bg\">\n<div class=\"gb-container gb-container-5c426c81 gbp-section__inner\">\n<div class=\"gb-container gb-container-85ff4394\">\n\n<h1 class=\"gb-headline gb-headline-ac42f5a0 gb-headline-text gbp-section__headline\">Casino Her\u00f3i de Vegas<\/h1>\n\n\n\n<div class=\"gb-headline gb-headline-cfd565bd gb-headline-text gbp-section__text\"><strong><em>100% B\u00f3nus at\u00e9 500\u20ac + 200 Rodadas Gr\u00e1tis + 1 B\u00f3nus Caranguejo<\/em><\/strong><\/div>\n\n\n<div class=\"gb-container gb-container-104fd3a4\">\n\n<a class=\"gb-button gb-button-cf2b5a50 gb-button-text gbp-button--primary\" href=\"https:\/\/vegas-heros.eu\/pt\/go\/vegashero\/\" target=\"_blank\" rel=\"noopener noreferrer\">REGISTO<\/a>\n\n\n\n<a class=\"gb-button gb-button-86296e76 gb-button-text gbp-button--secondary\" href=\"https:\/\/vegas-heros.eu\/pt\/go\/vegashero\/\" target=\"_blank\" rel=\"noopener noreferrer\">ACTIVAR O B\u00d3NUS \ud83c\udf81<\/a>\n\n<\/div>\n<\/div>\n\n\n<figure class=\"gb-block-image gb-block-image-4e8e4892\"><a href=\"https:\/\/vegas-heros.eu\/pt\/go\/vegashero\/\" target=\"_blank\" rel=\"noopener noreferrer\"><img loading=\"lazy\" decoding=\"async\" width=\"1773\" height=\"520\" class=\"gb-image gb-image-4e8e4892\" src=\"https:\/\/vegas-heros.eu\/wp-content\/uploads\/2025\/11\/vegashero.jpg\" alt=\"vegashero\" title=\"vegashero\" srcset=\"https:\/\/vegas-heros.eu\/wp-content\/uploads\/2025\/11\/vegashero.jpg 1773w, https:\/\/vegas-heros.eu\/wp-content\/uploads\/2025\/11\/vegashero-300x88.jpg 300w, https:\/\/vegas-heros.eu\/wp-content\/uploads\/2025\/11\/vegashero-1024x300.jpg 1024w, https:\/\/vegas-heros.eu\/wp-content\/uploads\/2025\/11\/vegashero-768x225.jpg 768w, https:\/\/vegas-heros.eu\/wp-content\/uploads\/2025\/11\/vegashero-1536x450.jpg 1536w\" sizes=\"auto, (max-width: 1773px) 100vw, 1773px\" \/><\/a><\/figure>\n\n<\/div>\n\n<div class=\"gb-container gb-container-668e459a\">\n<div class=\"gb-container gb-container-b289406a\">\n\n<h2 class=\"gb-headline gb-headline-1c2d7772 gb-headline-text\">Casino Her\u00f3i de Vegas<\/h2>\n\n\n\n<p>O Vegas Hero Casino, lan\u00e7ado em 2025 pela Lumina Holdings Limitada, apresenta-se como uma alternativa inovadora, combinando um design futurista com uma vasta biblioteca de jogos. Descubra uma plataforma regulada pela Costa Rica Gambling, com jogos da NetEnt, Evolution Gaming e Pragmatic Play. A nossa an\u00e1lise explora os seus pontos fortes - b\u00f3nus atractivos, acessibilidade m\u00f3vel, oferta variada - ao mesmo tempo que examina as cr\u00edticas sobre os levantamentos e um servi\u00e7o de apoio ao cliente por vezes deficiente. A <strong>um mergulho equilibrado no mundo dos contrastes<\/strong> do Her\u00f3i de Vegas.<\/p>\n\n\n\n<ol class=\"wp-block-list\">\n<li><a href=\"#vegas-hero-avis\">Vegas Hero: a nossa an\u00e1lise completa deste casino online de \u00faltima gera\u00e7\u00e3o<\/a><\/li>\n\n\n\n<li><a href=\"#bonus-promotions\">B\u00f3nus e promo\u00e7\u00f5es Vegas Hero<\/a><\/li>\n\n\n\n<li><a href=\"#une-ludotheque-impressionnante-pour-tous-les-types-de-joueurs\">Uma biblioteca impressionante de jogos para todos os tipos de jogadores<\/a><\/li>\n\n\n\n<li><a href=\"#paiements-securite\">Pagamentos e seguran\u00e7a: um ambiente de jogo fi\u00e1vel<\/a><\/li>\n\n\n\n<li><a href=\"#mobile\">Experi\u00eancia e design m\u00f3veis: jogar em qualquer lugar com estilo<\/a><\/li>\n\n\n\n<li><a href=\"#avis-utilisateurs\">Opini\u00f5es dos jogadores: o que \u00e9 que a comunidade acha do Vegas Hero?<\/a><\/li>\n\n\n\n<li><a href=\"#verdict\">O nosso veredito: O Vegas Hero Casino \u00e9 a escolha certa para si?<\/a><\/li>\n<\/ol>\n\n\n\n<h2 class=\"wp-block-heading\" id=\"vegas-hero-avis\">Vegas Hero: a nossa an\u00e1lise completa deste casino online de \u00faltima gera\u00e7\u00e3o<\/h2>\n\n\n\n<h3 class=\"wp-block-heading\">A experi\u00eancia do utilizador come\u00e7a com um design cativante<\/h3>\n\n\n\n<p>O Vegas Hero Casino seduz com a sua <strong>interface futurista, combinando um design simples, cores vivas e navega\u00e7\u00e3o fluida<\/strong> pour une exp\u00e9rience immersive, loin du style sombre du <a href=\"https:\/\/lizaro.net\/\" target=\"_blank\" rel=\"noopener\">casino lizaro<\/a>. Les graphismes dynamiques et les menus intuitifs renforcent cette impression d\u2019innovation, id\u00e9ale pour les joueurs modernes.<\/p>\n\n\n\n<h3 class=\"wp-block-heading\">Porque \u00e9 que o Vegas Hero atrai os f\u00e3s de jogos de azar online<\/h3>\n\n\n\n<p>Lan\u00e7ado em 2025 pela Lumina Holdings Limitada, este casino oferece&nbsp;<strong>uma biblioteca de mais de 10.000 jogos, promo\u00e7\u00f5es generosas<\/strong>e uma \u00f3ptima adapta\u00e7\u00e3o aos telem\u00f3veis. Programadores como a NetEnt e a Microgaming garantem uma elevada qualidade.<\/p>\n\n\n\n<p>Analisamos <strong>os seus principais activos<\/strong> :<\/p>\n\n\n\n<ul class=\"wp-block-list\">\n<li>Uma variedade de jogos (slot machines, dealers ao vivo) ;<\/li>\n\n\n\n<li>Promo\u00e7\u00f5es e programa VIP ;<\/li>\n\n\n\n<li>Compatibilidade com smartphone\/tablet ;<\/li>\n\n\n\n<li>Avalia\u00e7\u00f5es transparentes dos utilizadores.<\/li>\n<\/ul>\n\n\n\n<p>Descobrir a sua for\u00e7a.<\/p>\n\n\n\n<h3 class=\"wp-block-heading\">Um compromisso com a qualidade e a seguran\u00e7a<\/h3>\n\n\n\n<p>Licenciado pela Costa Rica, Vegas Hero <strong>garante seguran\u00e7a e atratividade<\/strong> com criptomoedas e jogos ao vivo. Esta certifica\u00e7\u00e3o reflecte o fair play e a seguran\u00e7a dos dados.<\/p>\n\n\n\n<p>Plataforma inovadora e orientada para os telem\u00f3veis. Descubra a <strong>feedback dos utilizadores<\/strong> abaixo.<\/p>\n\n\n\n<h2 class=\"wp-block-heading\" id=\"bonus-promotions\">B\u00f3nus e promo\u00e7\u00f5es Vegas Hero<\/h2>\n\n\n\n<p>O casino online Vegas Hero cativa com as suas ofertas promocionais e design futurista, <strong>otimizar a experi\u00eancia do utilizador<\/strong>. Com jogos de fornecedores como a NetEnt e a Evolution Gaming, a plataforma combina seguran\u00e7a, diversidade e modernidade.<\/p>\n\n\n\n<h3 class=\"wp-block-heading\">B\u00f3nus de boas-vindas sob o microsc\u00f3pio<\/h3>\n\n\n\n<p>Beneficiar de <strong>b\u00f3nus de 300 % at\u00e9 800 euros ou 100 %<\/strong> at\u00e9 500 $, com 200 rodadas gr\u00e1tis (20 por dia durante 10 dias).<\/p>\n\n\n\n<p>A <strong>dep\u00f3sito m\u00ednimo de 20 euros ou $<\/strong> \u00e9 necess\u00e1rio, exceto atrav\u00e9s de Neteller ou Skrill.<\/p>\n\n\n\n<p>A vasta gama de jogos, desde slot machines a jogos ao vivo, e a interface envolvente facilitam o conhecimento dos seus clientes. <strong>este benef\u00edcio est\u00e1 dispon\u00edvel a partir do primeiro dep\u00f3sito<\/strong>. A ativa\u00e7\u00e3o \u00e9 imediata ap\u00f3s o dep\u00f3sito.<\/p>\n\n\n\n<h3 class=\"wp-block-heading\">Compreender as condi\u00e7\u00f5es de aposta<\/h3>\n\n\n\n<p>O b\u00f3nus e o dep\u00f3sito devem ser <strong>apostado 35 vezes, ganhos das rodadas gr\u00e1tis 40 vezes<\/strong>durante 10 dias.<\/p>\n\n\n\n<p>A aposta m\u00e1xima \u00e9 limitada a 5 euros ou $ com um b\u00f3nus ativo. As m\u00e1quinas de slots valem 100 % de apostas, em compara\u00e7\u00e3o com 10 % para o v\u00eddeo p\u00f3quer ou jogos ao vivo. Esta estrutura <strong>incentiva os jogadores ocasionais<\/strong> respeitando as regras de transpar\u00eancia.<\/p>\n\n\n\n<h3 class=\"wp-block-heading\">Promo\u00e7\u00f5es regulares e programa VIP<\/h3>\n\n\n\n<p>Os membros beneficiam de cashback semanal, b\u00f3nus de recarga e desafios mensais para <strong>multiplicar as recompensas<\/strong>.<\/p>\n\n\n\n<p><strong>Programa VIP (n\u00edveis Bronze, Prata e Ouro)<\/strong> prop\u00f5e :<\/p>\n\n\n\n<ul class=\"wp-block-list\">\n<li>Limites <strong>aumento dos montantes de levantamento<\/strong>.<\/li>\n\n\n\n<li><strong>Gest\u00e3o personalizada atrav\u00e9s de um gestor dedicado.<\/strong><\/li>\n\n\n\n<li><strong>Convites exclusivos para eventos<\/strong>.<\/li>\n<\/ul>\n\n\n\n<p>O design futurista e a fluidez do s\u00edtio aumentam o seu atrativo. A plataforma, licenciada pela MGA e pela UK Gambling Commission, garante fiabilidade. Os jogadores valorizam a capacidade de resposta do apoio 24 horas por dia, 7 dias por semana e as ofertas personalizadas.<\/p>\n\n\n\n<h2 class=\"wp-block-heading\" id=\"une-ludotheque-impressionnante-pour-tous-les-types-de-joueurs\">Uma biblioteca impressionante de jogos para todos os tipos de jogadores<\/h2>\n\n\n\n<p>O que \u00e9 que faz com que o Vegas Hero Casino se destaque? Gra\u00e7as a <strong>uma biblioteca de jogos rica e variada<\/strong>concebido para satisfazer todos os f\u00e3s de jogos em linha. A partir do momento em que entra no s\u00edtio, a experi\u00eancia combina qualidade, acessibilidade e imers\u00e3o.<\/p>\n\n\n\n<h3 class=\"wp-block-heading\" id=\"un-catalogue-de-jeux-quasi-infini\">Um cat\u00e1logo quase infinito de jogos<\/h3>\n\n\n\n<p>Com mais de 1.300 t\u00edtulos, o Vegas Hero Casino oferece <strong>uma escolha muito acima da m\u00e9dia do mercado<\/strong>.<\/p>\n\n\n\n<p>Desde os cl\u00e1ssicos aos novos lan\u00e7amentos, incluindo slot machines com jackpot progressivo, <strong>h\u00e1 algo para todos<\/strong>. Esta diversidade garante uma anima\u00e7\u00e3o irrepet\u00edvel para todos os gostos.<\/p>\n\n\n\n<h3 class=\"wp-block-heading\" id=\"les-meilleurs-fournisseurs-de-logiciels-du-marche\">Os melhores fornecedores de software do mercado<\/h3>\n\n\n\n<p>Para garantir a qualidade e a fiabilidade, <strong>O Vegas Hero Casino trabalha com os principais editores<\/strong> Estas incluem NetEnt, Evolution Gaming, Microgaming, Quickspin e Pragmatic Play.<\/p>\n\n\n\n<p>Os seus jogos, com os seus gr\u00e1ficos meticulosos e mec\u00e2nica inovadora, cumprem os mais elevados padr\u00f5es. <strong>Uma garantia de equidade e de imers\u00e3o para todos os utilizadores.<\/strong><\/p>\n\n\n\n<h3 class=\"wp-block-heading\" id=\"une-offre-de-jeu-variee\">Uma gama variada de jogos<\/h3>\n\n\n\n<p>Qualquer que seja o seu perfil, o Vegas Hero Casino <strong>oferece actividades personalizadas<\/strong> :<\/p>\n\n\n\n<ul class=\"wp-block-list\">\n<li><strong>Slot machines<\/strong> Cl\u00e1ssico, 3D, jackpot progressivo.<\/li>\n\n\n\n<li><strong>Jogos de mesa<\/strong> blackjack, roleta, baccarat em diversas varia\u00e7\u00f5es.<\/li>\n\n\n\n<li><strong>Casino em direto<\/strong> Jogos com dealers reais.<\/li>\n\n\n\n<li><strong>Jogos de jackpot progressivo<\/strong> para ganhos excepcionais.<\/li>\n\n\n\n<li><strong>Apostas desportivas<\/strong> Uma extens\u00e3o da oferta para al\u00e9m do casino cl\u00e1ssico.<\/li>\n<\/ul>\n\n\n\n<p>O design futurista e a interface intuitiva facilitam o acesso a esta diversidade. Tamb\u00e9m est\u00e1 dispon\u00edvel um modo de demonstra\u00e7\u00e3o para <strong>testar jogos antes de apostar dinheiro real<\/strong>.<\/p>\n\n\n\n<h2 class=\"wp-block-heading\" id=\"paiements-securite\">Pagamentos e seguran\u00e7a: um ambiente de jogo fi\u00e1vel<\/h2>\n\n\n\n<h3 class=\"wp-block-heading\">M\u00e9todos de dep\u00f3sito e levantamento dispon\u00edveis<\/h3>\n\n\n\n<p>O acesso f\u00e1cil aos jogos depende das op\u00e7\u00f5es de pagamento. Vegas Hero Casino oferece <strong>solu\u00e7\u00f5es modernas e seguras para dep\u00f3sitos e levantamentos<\/strong>.<\/p>\n\n\n\n<figure class=\"wp-block-table\"><table class=\"has-fixed-layout\"><thead><tr><th>Categoria de pagamento<\/th><th>Exemplos de m\u00e9todos<\/th><th>Dep\u00f3sito poss\u00edvel<\/th><th>Possibilidade de retirada<\/th><\/tr><\/thead><tbody><tr><td>Cart\u00f5es banc\u00e1rios<\/td><td>Visa \/ Mastercard<\/td><td>Sim<\/td><td>Sim<\/td><\/tr><tr><td>Carteiras electr\u00f3nicas<\/td><td>Skrill \/ Neteller \/ ecoPayz<\/td><td>Sim<\/td><td>Sim<\/td><\/tr><tr><td>Cart\u00f5es pr\u00e9-pagos<\/td><td>Paysafecard<\/td><td>Sim<\/td><td>N\u00e3o<\/td><\/tr><tr><td>Transfer\u00eancia banc\u00e1ria<\/td><td>Transfer\u00eancia banc\u00e1ria<\/td><td>Sim<\/td><td>Sim<\/td><\/tr><\/tbody><\/table><\/figure>\n\n\n\n<p>Os dep\u00f3sitos eram maioritariamente instant\u00e2neos. O dep\u00f3sito m\u00ednimo era de 10 euros, sem encargos adicionais. Os levantamentos variavam entre algumas horas (carteiras electr\u00f3nicas) e 3-5 dias (transfer\u00eancias). <strong>N\u00e3o foram cobradas quaisquer taxas pelo Vegas Hero Casino<\/strong>Isto garante uma total transpar\u00eancia dos custos associados.<\/p>\n\n\n\n<h3 class=\"wp-block-heading\">Licenciamento e regulamenta\u00e7\u00e3o: a sua seguran\u00e7a est\u00e1 em primeiro lugar<\/h3>\n\n\n\n<p>O Vegas Hero Casino foi apoiado por importantes certifica\u00e7\u00f5es. O operador, Genesis Global Limited, tinha uma licen\u00e7a da Malta Gaming Authority (MGA) e da UK Gambling Commission (UKGC), garantindo <strong>elevados padr\u00f5es de equidade e prote\u00e7\u00e3o de dados<\/strong>.<\/p>\n\n\n\n<p>A encripta\u00e7\u00e3o SSL protegeu as transac\u00e7\u00f5es. Os controlos regulares inclu\u00edam auditorias independentes para garantir a imparcialidade. Estas medidas proporcionaram aos jogadores um quadro de confian\u00e7a para as suas actividades online, com um <strong>prioridade absoluta \u00e0 seguran\u00e7a das informa\u00e7\u00f5es pessoais e financeiras<\/strong>.<\/p>\n\n\n\n<h2 class=\"wp-block-heading\" id=\"mobile\">Experi\u00eancia e design m\u00f3veis: jogar em qualquer lugar com estilo<\/h2>\n\n\n\n<h3 class=\"wp-block-heading\">Design moderno e navega\u00e7\u00e3o fluida<\/h3>\n\n\n\n<p>O site do Vegas Hero Casino apresenta um <strong>est\u00e9tica futurista, combinada com uma interface clara e intuitiva<\/strong>.<\/p>\n\n\n\n<p>Os jogadores beneficiam de uma organiza\u00e7\u00e3o estruturada: jogos, b\u00f3nus e informa\u00e7\u00f5es est\u00e3o \u00e0 sua disposi\u00e7\u00e3o. <strong>acess\u00edvel com um simples clique, mesmo para principiantes<\/strong>.<\/p>\n\n\n\n<p>Os gr\u00e1ficos din\u00e2micos e as anima\u00e7\u00f5es ligeiras aumentam a imers\u00e3o, mantendo a fluidez da navega\u00e7\u00e3o. Um verdadeiro trunfo para <strong>captar a aten\u00e7\u00e3o desde a primeira liga\u00e7\u00e3o<\/strong>.<\/p>\n\n\n\n<h3 class=\"wp-block-heading\">A experi\u00eancia Vegas Hero no smartphone e no tablet<\/h3>\n\n\n\n<p>N\u00e3o \u00e9 necess\u00e1rio descarregar uma aplica\u00e7\u00e3o: <strong>o s\u00edtio adapta-se automaticamente a todos os ecr\u00e3s<\/strong> atrav\u00e9s da sua conce\u00e7\u00e3o reactiva.<\/p>\n\n\n\n<p>Fun\u00e7\u00f5es essenciais, como dep\u00f3sitos, levantamentos e acesso ao apoio <strong>permanecer operacional em movimento, sem perda de qualidade<\/strong>.<\/p>\n\n\n\n<p>As poucas cr\u00edticas positivas referem <strong>velocidade de carregamento \u00f3ptima<\/strong>mesmo em liga\u00e7\u00f5es 4G. Uma solu\u00e7\u00e3o pr\u00e1tica para jogar em movimento, sem ocupar muito espa\u00e7o.<\/p>\n\n\n\n<p>Gra\u00e7as a esta acessibilidade, o Vegas Hero estabeleceu-se como um casino online. <strong>Concebido para uma gera\u00e7\u00e3o conectada, combinando modernidade e praticidade<\/strong>.<\/p>\n\n\n\n<h2 class=\"wp-block-heading\" id=\"avis-utilisateurs\">Opini\u00f5es dos jogadores: o que \u00e9 que a comunidade acha do Vegas Hero?<\/h2>\n\n\n\n<h3 class=\"wp-block-heading\">Pontos fortes apreciados pelos utilizadores<\/h3>\n\n\n\n<p>Muitos jogadores apontam para o <strong>A extensa sele\u00e7\u00e3o de jogos do Vegas Hero Casino<\/strong>. Gra\u00e7as \u00e0s parcerias com fornecedores de renome como a NetEnt, Evolution Gaming, Microgaming, Quickspin e Pragmatic Play, o site oferece slots de qualidade, jogos de mesa e croupiers ao vivo.<\/p>\n\n\n\n<p>O design do s\u00edtio \u00e9 frequentemente descrito como arrojado e tem\u00e1tico, com um tema de super-her\u00f3is que lhe d\u00e1 uma sensa\u00e7\u00e3o futurista e envolvente. Alguns utilizadores tamb\u00e9m notam <strong>uma experi\u00eancia de jogo fluida, sem bugs ou lentid\u00f5es recorrentes<\/strong>.<\/p>\n\n\n\n<p>Para uma minoria de jogadores, <strong>os levantamentos decorreram sem problemas<\/strong>por vezes no prazo de 3 dias. Uma das cr\u00edticas menciona mesmo um servi\u00e7o de apoio ao cliente reativo e simp\u00e1tico, com uma resolu\u00e7\u00e3o eficiente de um problema menor.<\/p>\n\n\n\n<h3 class=\"wp-block-heading\">Preocupa\u00e7\u00f5es levantadas pela comunidade<\/h3>\n\n\n\n<p>No entanto, para lhe dar uma imagem completa, \u00e9 importante mencionar o feedback cr\u00edtico que recebemos. Na Trustpilot, <strong>Vegas Hero Casino tem uma classifica\u00e7\u00e3o m\u00e9dia de 2.9\/5<\/strong>com base em 23 avalia\u00e7\u00f5es.<\/p>\n\n\n\n<p><strong>Os principais pontos a ter em conta<\/strong> preocupa\u00e7\u00e3o :<\/p>\n\n\n\n<ul class=\"wp-block-list\">\n<li><strong>Tempos de levantamento longos<\/strong>que pode variar de v\u00e1rios dias a v\u00e1rias semanas.<\/li>\n\n\n\n<li><strong>Problemas para contactar o servi\u00e7o de apoio ao cliente<\/strong> frequentemente descrito como reativo atrav\u00e9s de mensagens autom\u00e1ticas ou gui\u00f5es repetitivos.<\/li>\n\n\n\n<li><strong>Anula\u00e7\u00e3o de levantamentos<\/strong>Estas s\u00e3o atribu\u00eddas a controlos adicionais ou a problemas t\u00e9cnicos.<\/li>\n<\/ul>\n\n\n\n<p>Para evitar qualquer inconveniente, recomendamos que leia atentamente os termos e condi\u00e7\u00f5es e que verifique a sua conta assim que se registar. Este <strong>facilita as transac\u00e7\u00f5es e reduz o risco de bloqueios<\/strong>.<\/p>\n\n\n\n<h2 class=\"wp-block-heading\" id=\"verdict\">O nosso veredito: O Vegas Hero Casino \u00e9 a escolha certa para si?<\/h2>\n\n\n\n<p>O Vegas Hero Casino oferece mais de 1.300 jogos dos principais editores (NetEnt, Evolution Gaming, Microgaming). Com o seu design futurista, compat\u00edvel com dispositivos m\u00f3veis e b\u00f3nus atractivos (at\u00e9 800 euros + rodadas gr\u00e1tis), o Vegas Hero Casino \u00e9 o local ideal para jogar jogos de casino. <strong>uma plataforma moderna<\/strong>. As licen\u00e7as MGA e UKGC fornecem um quadro te\u00f3rico seguro.<\/p>\n\n\n\n<p>Para os f\u00e3s de uma vasta gama de jogos e ofertas promocionais, <strong>O Vegas Hero define o padr\u00e3o<\/strong>. A sua biblioteca de jogos, a interface fluida e o programa VIP destinam-se a jogadores que procuram uma experi\u00eancia imersiva.<\/p>\n\n\n\n<p>No entanto, as opini\u00f5es divergem. Enquanto alguns sublinham a qualidade dos dep\u00f3sitos e da interface, outros queixam-se de atrasos nos levantamentos ou da falta de rea\u00e7\u00e3o do servi\u00e7o de apoio ao cliente. Antes de se comprometer, verifique as condi\u00e7\u00f5es (requisitos de aposta, limites de levantamento). Privilegie o jogo respons\u00e1vel e explore a plataforma com discernimento. Uma descoberta poss\u00edvel, mas <strong>sob reserva de uma leitura atenta dos termos<\/strong>.<\/p>\n\n\n\n<p>O Vegas Hero Casino oferece um <strong>biblioteca de jogos variada, design futurista e licen\u00e7as MGA\/UKGC<\/strong>. No entanto, os atrasos nos levantamentos, o mau servi\u00e7o de apoio ao cliente e as condi\u00e7\u00f5es rigorosas dos b\u00f3nus <strong>qualificar o parecer<\/strong>. Para uma experi\u00eancia informada, verifique os seus documentos legais, antecipe as verifica\u00e7\u00f5es de conta e <strong>errar pelo lado da precau\u00e7\u00e3o<\/strong>.<\/p>\n\n\n\n<h2 class=\"wp-block-heading\">FAQ<\/h2>\n\n\n\n<h3 class=\"wp-block-heading\">O Vegas Hero Casino \u00e9 um site seguro e protegido?<\/h3>\n\n\n\n<p>\u00c9 importante notar que o Vegas Hero Casino \u00e9 propriedade da Genesis Global Limited, uma empresa com licen\u00e7as respeit\u00e1veis (MGA e UKGC). Estes regulamentos garantem um enquadramento legal rigoroso para o funcionamento do Vegas Hero Casino.<strong>fair play e prote\u00e7\u00e3o de dados<\/strong>.<\/p>\n\n\n\n<p>No entanto, o <strong>reac\u00e7\u00f5es mistas dos jogadores<\/strong>. Alguns referem dificuldades em levantar os seus ganhos ou em contactar um servi\u00e7o de apoio ao cliente eficiente. Ao mesmo tempo, a plataforma assume um forte compromisso com a seguran\u00e7a, o que pode tranquilizar os novos utilizadores. No entanto, \u00e9 aconselh\u00e1vel verificar as condi\u00e7\u00f5es de utiliza\u00e7\u00e3o antes de jogar.<\/p>\n\n\n\n<h3 class=\"wp-block-heading\">Que b\u00f3nus e promo\u00e7\u00f5es est\u00e3o dispon\u00edveis no Vegas Hero?<\/h3>\n\n\n\n<p>Repar\u00e1mos que o Vegas Hero tem uma oferta de boas-vindas atractiva: <strong>um b\u00f3nus de 300 % at\u00e9 800 euros<\/strong>com 200 rodadas gr\u00e1tis durante 10 dias.<\/p>\n\n\n\n<p>Para ajudar os nossos utilizadores a compreender as condi\u00e7\u00f5es, eis os detalhes: os dep\u00f3sitos e os b\u00f3nus devem ser apostados 35 vezes, enquanto os ganhos das rodadas gr\u00e1tis exigem uma aposta de 40 vezes. Na pr\u00e1tica, isto significa que, com um dep\u00f3sito de 20 euros + 60 euros de b\u00f3nus (ou seja, 80 euros), teria de <strong>aposta 2.800 euros<\/strong> (80 x 35 euros) para libertar o b\u00f3nus. Tamb\u00e9m se aplicam restri\u00e7\u00f5es aos m\u00e9todos de pagamento e aos ganhos m\u00e1ximos, consoante o pa\u00eds.<\/p>\n\n\n\n<h3 class=\"wp-block-heading\">Qu\u00e3o variada \u00e9 a biblioteca de jogos do Vegas Hero?<\/h3>\n\n\n\n<p>Com mais de 1300 jogos, <strong>Vegas Hero posicionado como uma plataforma vers\u00e1til<\/strong>. Os f\u00e3s de slot machines encontrar\u00e3o tanto cl\u00e1ssicos como novos lan\u00e7amentos de grandes editoras como a NetEnt, Pragmatic Play e Evolution Gaming para o casino ao vivo.<\/p>\n\n\n\n<p>Os jogos de mesa (blackjack, roleta) e os jackpots progressivos tamb\u00e9m est\u00e3o dispon\u00edveis. As apostas desportivas completam a oferta. <strong>Recomendamos que experimente os jogos no modo gratuito<\/strong> antes de apostar dinheiro real, para identificar as suas prefer\u00eancias.<\/p>\n\n\n\n<h3 class=\"wp-block-heading\">Quais s\u00e3o os problemas recorrentes com os levantamentos?<\/h3>\n\n\n\n<p>V\u00e1rias an\u00e1lises online destacam <strong>atrasos no processamento de levantamentos<\/strong>Este processo pode demorar v\u00e1rias semanas. Foram igualmente comunicados casos de anula\u00e7\u00e3o de transac\u00e7\u00f5es a pretexto da verifica\u00e7\u00e3o.<\/p>\n\n\n\n<p>Vegas Hero, por outro lado, afirma aderir aos prazos padr\u00e3o da ind\u00fastria para os m\u00e9todos tradicionais (transfer\u00eancias, cart\u00f5es, carteiras electr\u00f3nicas). \u00c9 crucial notar que <strong>a rapidez dos dep\u00f3sitos (geralmente instant\u00e2neos) contrasta com estes problemas de levantamento<\/strong>. Para minimizar qualquer inconveniente, verifique os seus dados de acesso e documentos antes de solicitar um levantamento.<\/p>\n\n\n\n<h3 class=\"wp-block-heading\">\u00c9 poss\u00edvel jogar Vegas Hero num telem\u00f3vel?<\/h3>\n\n\n\n<p>O casino n\u00e3o oferece uma aplica\u00e7\u00e3o espec\u00edfica. No entanto, oferece uma aplica\u00e7\u00e3o dedicada, <strong>a vers\u00e3o m\u00f3vel do s\u00edtio \u00e9 totalmente funcional e optimizada<\/strong> para smartphones e tablets.<\/p>\n\n\n\n<p>Pode aceder a todos os jogos, gerir os seus dep\u00f3sitos\/levantamentos e contactar o apoio ao cliente a partir do seu navegador. Dependendo dos seus objectivos, <strong>esta solu\u00e7\u00e3o adaptativa continua a ser uma alternativa v\u00e1lida<\/strong> para uma aplica\u00e7\u00e3o nativa, especialmente se alternar sess\u00f5es em diferentes dispositivos.<\/p>\n\n<\/div>\n<\/div>\n<\/section>","protected":false},"excerpt":{"rendered":"<p>Vegas Hero Casino Bonus 100% jusqu&rsquo;\u00e0 500\u20ac + 200 Free Spins + 1 Bonus Crab Vegas Hero Casino Vegas Hero Casino, lanc\u00e9 en 2025 par Lumina Holdings Limitada, se pr\u00e9sente comme une alternative innovante, alliant design futuriste et ludoth\u00e8que vaste. D\u00e9couvrez une plateforme r\u00e9gul\u00e9e par la Costa Rica Gambling, avec des jeux sign\u00e9s NetEnt, Evolution &#8230; <a title=\"Home\" class=\"read-more\" href=\"https:\/\/vegas-heros.eu\/pt\/\" aria-label=\"Leia mais sobre Home\">Ler mais<\/a><\/p>","protected":false},"author":1,"featured_media":0,"parent":0,"menu_order":0,"comment_status":"closed","ping_status":"closed","template":"","meta":{"footnotes":""},"class_list":["post-196","page","type-page","status-publish"],"_links":{"self":[{"href":"https:\/\/vegas-heros.eu\/pt\/wp-json\/wp\/v2\/pages\/196","targetHints":{"allow":["GET"]}}],"collection":[{"href":"https:\/\/vegas-heros.eu\/pt\/wp-json\/wp\/v2\/pages"}],"about":[{"href":"https:\/\/vegas-heros.eu\/pt\/wp-json\/wp\/v2\/types\/page"}],"author":[{"embeddable":true,"href":"https:\/\/vegas-heros.eu\/pt\/wp-json\/wp\/v2\/users\/1"}],"replies":[{"embeddable":true,"href":"https:\/\/vegas-heros.eu\/pt\/wp-json\/wp\/v2\/comments?post=196"}],"version-history":[{"count":5,"href":"https:\/\/vegas-heros.eu\/pt\/wp-json\/wp\/v2\/pages\/196\/revisions"}],"predecessor-version":[{"id":450,"href":"https:\/\/vegas-heros.eu\/pt\/wp-json\/wp\/v2\/pages\/196\/revisions\/450"}],"wp:attachment":[{"href":"https:\/\/vegas-heros.eu\/pt\/wp-json\/wp\/v2\/media?parent=196"}],"curies":[{"name":"wp","href":"https:\/\/api.w.org\/{rel}","templated":true}]}}