{"id":196,"date":"2024-03-12T15:11:15","date_gmt":"2024-03-12T15:11:15","guid":{"rendered":"http:\/\/gbp-kvd-simplicloud.local\/?page_id=196"},"modified":"2025-12-23T17:17:02","modified_gmt":"2025-12-23T17:17:02","slug":"home","status":"publish","type":"page","link":"https:\/\/vegas-heros.eu\/ro\/","title":{"rendered":"Home"},"content":{"rendered":"<section class=\"gb-container gb-container-97936d6f gbp-section has-gradient-bg\">\n<div class=\"gb-container gb-container-5c426c81 gbp-section__inner\">\n<div class=\"gb-container gb-container-85ff4394\">\n\n<h1 class=\"gb-headline gb-headline-ac42f5a0 gb-headline-text gbp-section__headline\">Vegas Hero Casino<\/h1>\n\n\n\n<div class=\"gb-headline gb-headline-cfd565bd gb-headline-text gbp-section__text\"><strong><em>100% Bonus p\u00e2n\u0103 la \u00a3 500 + 200 rotiri gratuite + 1 Crab Bonus<\/em><\/strong><\/div>\n\n\n<div class=\"gb-container gb-container-104fd3a4\">\n\n<a class=\"gb-button gb-button-cf2b5a50 gb-button-text gbp-button--primary\" href=\"https:\/\/vegas-heros.eu\/ro\/go\/vegashero\/\" target=\"_blank\" rel=\"noopener noreferrer\">\u00ceNREGISTRARE<\/a>\n\n\n\n<a class=\"gb-button gb-button-86296e76 gb-button-text gbp-button--secondary\" href=\"https:\/\/vegas-heros.eu\/ro\/go\/vegashero\/\" target=\"_blank\" rel=\"noopener noreferrer\">ACTIVA\u021aI BONUSUL \ud83c\udf81<\/a>\n\n<\/div>\n<\/div>\n\n\n<figure class=\"gb-block-image gb-block-image-4e8e4892\"><a href=\"https:\/\/vegas-heros.eu\/ro\/go\/vegashero\/\" target=\"_blank\" rel=\"noopener noreferrer\"><img loading=\"lazy\" decoding=\"async\" width=\"1773\" height=\"520\" class=\"gb-image gb-image-4e8e4892\" src=\"https:\/\/vegas-heros.eu\/wp-content\/uploads\/2025\/11\/vegashero.jpg\" alt=\"vegashero\" title=\"vegashero\" srcset=\"https:\/\/vegas-heros.eu\/wp-content\/uploads\/2025\/11\/vegashero.jpg 1773w, https:\/\/vegas-heros.eu\/wp-content\/uploads\/2025\/11\/vegashero-300x88.jpg 300w, https:\/\/vegas-heros.eu\/wp-content\/uploads\/2025\/11\/vegashero-1024x300.jpg 1024w, https:\/\/vegas-heros.eu\/wp-content\/uploads\/2025\/11\/vegashero-768x225.jpg 768w, https:\/\/vegas-heros.eu\/wp-content\/uploads\/2025\/11\/vegashero-1536x450.jpg 1536w\" sizes=\"auto, (max-width: 1773px) 100vw, 1773px\" \/><\/a><\/figure>\n\n<\/div>\n\n<div class=\"gb-container gb-container-668e459a\">\n<div class=\"gb-container gb-container-b289406a\">\n\n<h2 class=\"gb-headline gb-headline-1c2d7772 gb-headline-text\">Vegas Hero Casino<\/h2>\n\n\n\n<p>Vegas Hero Casino, lansat \u00een 2025 de Lumina Holdings Limitada, se prezint\u0103 ca o alternativ\u0103 inovatoare, combin\u00e2nd designul futurist cu o bibliotec\u0103 vast\u0103 de jocuri. Descoperi\u021bi o platform\u0103 reglementat\u0103 de Costa Rica Gambling, cu jocuri de la NetEnt, Evolution Gaming \u0219i Pragmatic Play. Analiza noastr\u0103 exploreaz\u0103 punctele sale forte - bonusuri atractive, accesibilitate mobil\u0103, ofert\u0103 variat\u0103 - examin\u00e2nd \u00een acela\u0219i timp \u0219i criticile legate de retrageri \u0219i un serviciu clien\u021bi uneori defectuos. A <strong>o scufundare echilibrat\u0103 \u00een lumea contrastelor<\/strong> de Vegas Hero.<\/p>\n\n\n\n<ol class=\"wp-block-list\">\n<li><a href=\"#vegas-hero-avis\">Vegas Hero: recenzia noastr\u0103 complet\u0103 a acestui cazinou online de ultim\u0103 genera\u021bie<\/a><\/li>\n\n\n\n<li><a href=\"#bonus-promotions\">Bonusuri \u0219i promo\u021bii Vegas Hero<\/a><\/li>\n\n\n\n<li><a href=\"#une-ludotheque-impressionnante-pour-tous-les-types-de-joueurs\">O bibliotec\u0103 impresionant\u0103 de jocuri pentru toate tipurile de gameri<\/a><\/li>\n\n\n\n<li><a href=\"#paiements-securite\">Pl\u0103\u021bi \u0219i securitate: un mediu de joc fiabil<\/a><\/li>\n\n\n\n<li><a href=\"#mobile\">Experien\u021b\u0103 \u0219i design mobil: juca\u021bi oriunde cu stil<\/a><\/li>\n\n\n\n<li><a href=\"#avis-utilisateurs\">Recenzii ale juc\u0103torilor: ce p\u0103rere are comunitatea despre Vegas Hero?<\/a><\/li>\n\n\n\n<li><a href=\"#verdict\">Verdictul nostru: Este Vegas Hero Casino alegerea potrivit\u0103 pentru tine?<\/a><\/li>\n<\/ol>\n\n\n\n<h2 class=\"wp-block-heading\" id=\"vegas-hero-avis\">Vegas Hero: recenzia noastr\u0103 complet\u0103 a acestui cazinou online de ultim\u0103 genera\u021bie<\/h2>\n\n\n\n<h3 class=\"wp-block-heading\">Experien\u021ba utilizatorului \u00eencepe cu un design captivant<\/h3>\n\n\n\n<p>Vegas Hero Casino seduce cu jocurile sale <strong>interfa\u021b\u0103 futurist\u0103, care combin\u0103 designul curat, culorile luminoase \u0219i navigarea fluid\u0103<\/strong> pour une exp\u00e9rience immersive, loin du style sombre du <a href=\"https:\/\/lizaro.net\/\" target=\"_blank\" rel=\"noopener\">casino lizaro<\/a>. Les graphismes dynamiques et les menus intuitifs renforcent cette impression d\u2019innovation, id\u00e9ale pour les joueurs modernes.<\/p>\n\n\n\n<h3 class=\"wp-block-heading\">De ce Vegas Hero atrage fanii jocurilor de noroc online<\/h3>\n\n\n\n<p>Lansat \u00een 2025 de Lumina Holdings Limitada, acest cazinou ofer\u0103&nbsp;<strong>o bibliotec\u0103 de jocuri cu peste 10.000 de jocuri, promo\u021bii generoase<\/strong>\u0219i adaptarea optim\u0103 la dispozitivele mobile. Dezvoltatorii precum NetEnt \u0219i Microgaming garanteaz\u0103 o calitate ridicat\u0103.<\/p>\n\n\n\n<p>Analiz\u0103m <strong>principalele sale active<\/strong> :<\/p>\n\n\n\n<ul class=\"wp-block-list\">\n<li>O varietate de jocuri (slot machines, dealeri live) ;<\/li>\n\n\n\n<li>Promo\u021bii \u0219i program VIP ;<\/li>\n\n\n\n<li>Compatibilitate smartphone\/tablet\u0103 ;<\/li>\n\n\n\n<li>Recenzii transparente ale utilizatorilor.<\/li>\n<\/ul>\n\n\n\n<p>Descoperi\u021bi-i puterea.<\/p>\n\n\n\n<h3 class=\"wp-block-heading\">Un angajament fa\u021b\u0103 de calitate \u0219i siguran\u021b\u0103<\/h3>\n\n\n\n<p>Licen\u021biat de Costa Rica, Vegas Hero <strong>garanteaz\u0103 siguran\u021ba \u0219i atractivitatea<\/strong> cu criptomonede \u0219i jocuri live. Aceast\u0103 certificare reflect\u0103 fair-play-ul \u0219i securitatea datelor.<\/p>\n\n\n\n<p>Platform\u0103 inovatoare, orientat\u0103 c\u0103tre mobil. Descoperi\u021bi <strong>feedback-ul utilizatorului<\/strong> mai jos.<\/p>\n\n\n\n<h2 class=\"wp-block-heading\" id=\"bonus-promotions\">Bonusuri \u0219i promo\u021bii Vegas Hero<\/h2>\n\n\n\n<p>Cazinoul online Vegas Hero captiveaz\u0103 cu ofertele sale promo\u021bionale \u0219i designul futurist, <strong>optimizarea experien\u021bei utilizatorului<\/strong>. Cu jocuri de la furnizori precum NetEnt \u0219i Evolution Gaming, platforma combin\u0103 securitatea, diversitatea \u0219i modernitatea.<\/p>\n\n\n\n<h3 class=\"wp-block-heading\">Bonusul de bun venit sub microscop<\/h3>\n\n\n\n<p>Beneficia\u021bi de <strong>bonus de 300 % p\u00e2n\u0103 la 800 \u20ac sau 100 %<\/strong> p\u00e2n\u0103 la 500 $, cu 200 de rotiri gratuite (20 pe zi timp de 10 zile).<\/p>\n\n\n\n<p>A <strong>depozit minim de 20 \u20ac sau $<\/strong> este necesar\u0103, cu excep\u021bia opera\u021biunilor prin Neteller sau Skrill.<\/p>\n\n\n\n<p>Gama larg\u0103 de jocuri, de la sloturi la jocuri live, \u0219i interfa\u021ba captivant\u0103 faciliteaz\u0103 cunoa\u0219terea clien\u021bilor dumneavoastr\u0103. <strong>acest beneficiu este disponibil de la primul depozit<\/strong>. Activarea este imediat\u0103 dup\u0103 depunere.<\/p>\n\n\n\n<h3 class=\"wp-block-heading\">\u00cen\u021belegerea condi\u021biilor de pariere<\/h3>\n\n\n\n<p>Bonusul \u0219i depozitul trebuie s\u0103 fie <strong>pariat de 35 de ori, c\u00e2\u0219tiguri la rotiri gratuite de 40 de ori<\/strong>pe parcursul a 10 zile.<\/p>\n\n\n\n<p>Pariul maxim este limitat la 5 \u20ac sau $ cu un bonus activ. Sloturile valoreaz\u0103 100 % de pariere, comparativ cu 10 % pentru video poker sau jocuri live. Aceast\u0103 structur\u0103 <strong>\u00eencurajeaz\u0103 juc\u0103torii ocazionali<\/strong> respect\u00e2nd \u00een acela\u0219i timp normele de transparen\u021b\u0103.<\/p>\n\n\n\n<h3 class=\"wp-block-heading\">Promo\u021bii regulate \u0219i program VIP<\/h3>\n\n\n\n<p>Membrii beneficiaz\u0103 de cashback s\u0103pt\u0103m\u00e2nal, bonusuri de re\u00eenc\u0103rcare \u0219i provoc\u0103ri lunare pentru <strong>multiplica\u021bi recompensele<\/strong>.<\/p>\n\n\n\n<p><strong>Program VIP (nivelurile Bronze, Silver, Gold)<\/strong> propune :<\/p>\n\n\n\n<ul class=\"wp-block-list\">\n<li>Limite <strong>cre\u0219terea sumelor de retragere<\/strong>.<\/li>\n\n\n\n<li><strong>Gestionare personalizat\u0103 prin intermediul unui manager dedicat.<\/strong><\/li>\n\n\n\n<li><strong>Invita\u021bii exclusive la evenimente<\/strong>.<\/li>\n<\/ul>\n\n\n\n<p>Designul futurist \u0219i fluiditatea site-ului \u00eei sporesc atractivitatea. Platforma, licen\u021biat\u0103 de MGA \u0219i UK Gambling Commission, garanteaz\u0103 fiabilitatea. Juc\u0103torii apreciaz\u0103 capacitatea de reac\u021bie a asisten\u021bei 24\/7 \u0219i ofertele personalizate.<\/p>\n\n\n\n<h2 class=\"wp-block-heading\" id=\"une-ludotheque-impressionnante-pour-tous-les-types-de-joueurs\">O bibliotec\u0103 impresionant\u0103 de jocuri pentru toate tipurile de gameri<\/h2>\n\n\n\n<p>Ce face Vegas Hero Casino s\u0103 ias\u0103 \u00een eviden\u021b\u0103? Datorit\u0103 <strong>o bibliotec\u0103 de jocuri bogat\u0103 \u0219i variat\u0103<\/strong>conceput pentru a satisface to\u021bi fanii jocurilor online. Din momentul \u00een care intra\u021bi pe site, experien\u021ba combin\u0103 calitatea, accesibilitatea \u0219i imersiunea.<\/p>\n\n\n\n<h3 class=\"wp-block-heading\" id=\"un-catalogue-de-jeux-quasi-infini\">Un catalog aproape infinit de jocuri<\/h3>\n\n\n\n<p>Cu peste 1.300 de titluri, Vegas Hero Casino ofer\u0103 <strong>o alegere cu mult peste media pie\u021bei<\/strong>.<\/p>\n\n\n\n<p>De la clasice la noi lans\u0103ri, inclusiv jocuri ca la aparate cu jackpot progresiv, <strong>exist\u0103 ceva pentru toat\u0103 lumea<\/strong>. Aceast\u0103 diversitate garanteaz\u0103 divertisment irepetabil pentru toate gusturile.<\/p>\n\n\n\n<h3 class=\"wp-block-heading\" id=\"les-meilleurs-fournisseurs-de-logiciels-du-marche\">Cei mai buni furnizori de software de pe pia\u021b\u0103<\/h3>\n\n\n\n<p>Pentru a asigura calitatea \u0219i fiabilitatea, <strong>Vegas Hero Casino lucreaz\u0103 cu editorii de top<\/strong> Acestea includ NetEnt, Evolution Gaming, Microgaming, Quickspin \u0219i Pragmatic Play.<\/p>\n\n\n\n<p>Jocurile lor, cu grafica lor meticuloas\u0103 \u0219i mecanica inovatoare, \u00eendeplinesc cele mai \u00eenalte standarde. <strong>O garan\u021bie de corectitudine \u0219i imersiune pentru to\u021bi utilizatorii.<\/strong><\/p>\n\n\n\n<h3 class=\"wp-block-heading\" id=\"une-offre-de-jeu-variee\">O gam\u0103 variat\u0103 de jocuri<\/h3>\n\n\n\n<p>Indiferent de profilul t\u0103u, Vegas Hero Casino <strong>ofer\u0103 activit\u0103\u021bi personalizate<\/strong> :<\/p>\n\n\n\n<ul class=\"wp-block-list\">\n<li><strong>Slot machines<\/strong> Clasic, 3D, jackpot progresiv.<\/li>\n\n\n\n<li><strong>Jocuri de mas\u0103<\/strong> blackjack, rulet\u0103, baccarat \u00een mai multe variante.<\/li>\n\n\n\n<li><strong>Cazinou live<\/strong> Jocuri cu dealeri reali.<\/li>\n\n\n\n<li><strong>Jocuri cu jackpot progresiv<\/strong> pentru c\u00e2\u0219tiguri excep\u021bionale.<\/li>\n\n\n\n<li><strong>Pariuri sportive<\/strong> O extindere a ofertei dincolo de cazinoul clasic.<\/li>\n<\/ul>\n\n\n\n<p>Designul futurist \u0219i interfa\u021ba intuitiv\u0103 faciliteaz\u0103 accesul la aceast\u0103 diversitate. Un mod demo este, de asemenea, disponibil pentru <strong>testa\u021bi jocurile \u00eenainte de a paria bani reali<\/strong>.<\/p>\n\n\n\n<h2 class=\"wp-block-heading\" id=\"paiements-securite\">Pl\u0103\u021bi \u0219i securitate: un mediu de joc fiabil<\/h2>\n\n\n\n<h3 class=\"wp-block-heading\">Metode de depunere \u0219i retragere disponibile<\/h3>\n\n\n\n<p>Accesul u\u0219or la jocuri depinde de op\u021biunile de plat\u0103. Vegas Hero Casino ofer\u0103 <strong>solu\u021bii moderne \u0219i sigure pentru depuneri \u0219i retrageri<\/strong>.<\/p>\n\n\n\n<figure class=\"wp-block-table\"><table class=\"has-fixed-layout\"><thead><tr><th>Categoria de plat\u0103<\/th><th>Exemple de metode<\/th><th>Depozit posibil<\/th><th>Retragere posibil\u0103<\/th><\/tr><\/thead><tbody><tr><td>Carduri bancare<\/td><td>Visa \/ Mastercard<\/td><td>Da<\/td><td>Da<\/td><\/tr><tr><td>Portofele electronice<\/td><td>Skrill \/ Neteller \/ ecoPayz<\/td><td>Da<\/td><td>Da<\/td><\/tr><tr><td>Carduri prepl\u0103tite<\/td><td>Paysafecard<\/td><td>Da<\/td><td>Nu<\/td><\/tr><tr><td>Transfer bancar<\/td><td>Transfer bancar<\/td><td>Da<\/td><td>Da<\/td><\/tr><\/tbody><\/table><\/figure>\n\n\n\n<p>Depozitele au fost \u00een mare parte instantanee. Depozitul minim a fost de 10 EUR, f\u0103r\u0103 comisioane suplimentare. Retragerile au variat \u00eentre c\u00e2teva ore (portofele electronice) \u0219i 3-5 zile (transferuri). <strong>Vegas Hero Casino nu a perceput niciun comision<\/strong>Acest lucru asigur\u0103 transparen\u021ba total\u0103 a costurilor asociate.<\/p>\n\n\n\n<h3 class=\"wp-block-heading\">Licen\u021biere \u0219i reglementare: siguran\u021ba dumneavoastr\u0103 pe primul loc<\/h3>\n\n\n\n<p>Vegas Hero Casino a fost sus\u021binut de certific\u0103ri majore. Operatorul, Genesis Global Limited, de\u021binea o licen\u021b\u0103 de la Malta Gaming Authority (MGA) \u0219i de la UK Gambling Commission (UKGC), garant\u00e2nd <strong>standarde ridicate de corectitudine \u0219i protec\u021bie a datelor<\/strong>.<\/p>\n\n\n\n<p>Criptarea SSL a securizat tranzac\u021biile. Verific\u0103rile regulate au inclus audituri independente pentru a asigura corectitudinea. Aceste m\u0103suri au oferit juc\u0103torilor un cadru de \u00eencredere pentru activit\u0103\u021bile lor online, cu o <strong>prioritate absolut\u0103 acordat\u0103 securit\u0103\u021bii informa\u021biilor personale \u0219i financiare<\/strong>.<\/p>\n\n\n\n<h2 class=\"wp-block-heading\" id=\"mobile\">Experien\u021b\u0103 \u0219i design mobil: juca\u021bi oriunde cu stil<\/h2>\n\n\n\n<h3 class=\"wp-block-heading\">Design modern \u0219i navigare fluid\u0103<\/h3>\n\n\n\n<p>Site-ul Vegas Hero Casino dispune de un <strong>estetic\u0103 futurist\u0103, combinat\u0103 cu o interfa\u021b\u0103 clar\u0103, intuitiv\u0103<\/strong>.<\/p>\n\n\n\n<p>Juc\u0103torii beneficiaz\u0103 de o organizare structurat\u0103: jocuri, bonusuri \u0219i informa\u021bii sunt toate disponibile pentru ei. <strong>accesibile prin simpla ap\u0103sare a unui buton, chiar \u0219i pentru \u00eencep\u0103tori<\/strong>.<\/p>\n\n\n\n<p>Grafica dinamic\u0103 \u0219i anima\u021biile u\u0219oare sporesc imersiunea, men\u021bin\u00e2nd \u00een acela\u0219i timp fluiditatea navig\u0103rii. Un avantaj real pentru <strong>capta\u021bi aten\u021bia \u00eenc\u0103 de la prima conexiune<\/strong>.<\/p>\n\n\n\n<h3 class=\"wp-block-heading\">Experien\u021ba Vegas Hero pe smartphone \u0219i tablet\u0103<\/h3>\n\n\n\n<p>Nu este nevoie s\u0103 desc\u0103rca\u021bi o aplica\u021bie: <strong>site-ul se adapteaz\u0103 automat la toate ecranele<\/strong> prin intermediul designului s\u0103u receptiv.<\/p>\n\n\n\n<p>Func\u021bii cheie precum depozite, retrageri \u0219i acces la asisten\u021b\u0103 <strong>s\u0103 r\u0103m\u00e2n\u0103 opera\u021bionale \u00een mi\u0219care, f\u0103r\u0103 pierderi de calitate<\/strong>.<\/p>\n\n\n\n<p>Cele c\u00e2teva recenzii pozitive noteaz\u0103 <strong>vitez\u0103 optim\u0103 de \u00eenc\u0103rcare<\/strong>chiar \u0219i pe conexiuni 4G. O solu\u021bie practic\u0103 pentru jocuri \u00een mi\u0219care, f\u0103r\u0103 a ocupa prea mult spa\u021biu.<\/p>\n\n\n\n<p>Datorit\u0103 acestei accesibilit\u0103\u021bi, Vegas Hero s-a impus ca un cazinou online. <strong>proiectat pentru o genera\u021bie conectat\u0103, combin\u00e2nd modernitatea \u0219i caracterul practic<\/strong>.<\/p>\n\n\n\n<h2 class=\"wp-block-heading\" id=\"avis-utilisateurs\">Recenzii ale juc\u0103torilor: ce p\u0103rere are comunitatea despre Vegas Hero?<\/h2>\n\n\n\n<h3 class=\"wp-block-heading\">Puncte forte apreciate de utilizatori<\/h3>\n\n\n\n<p>Mul\u021bi juc\u0103tori arat\u0103 spre <strong>selec\u021bie vast\u0103 de jocuri oferite de Vegas Hero Casino<\/strong>. Datorit\u0103 parteneriatelor cu furnizori renumi\u021bi precum NetEnt, Evolution Gaming, Microgaming, Quickspin \u0219i Pragmatic Play, site-ul ofer\u0103 sloturi de calitate, jocuri de mas\u0103 \u0219i dealeri live.<\/p>\n\n\n\n<p>Designul site-ului este adesea descris ca fiind \u00eendr\u0103zne\u021b \u0219i tematic, cu o tem\u0103 a supereroilor care \u00eei d\u0103 un aer futurist \u0219i captivant. Unii utilizatori noteaz\u0103, de asemenea <strong>o experien\u021b\u0103 de joc fluid\u0103, f\u0103r\u0103 erori sau \u00eencetiniri recurente<\/strong>.<\/p>\n\n\n\n<p>Pentru o minoritate de juc\u0103tori, <strong>retragerile au decurs f\u0103r\u0103 probleme<\/strong>uneori \u00een termen de 3 zile. O recenzie men\u021bioneaz\u0103 chiar un serviciu clien\u021bi receptiv \u0219i prietenos, cu o rezolvare eficient\u0103 a unei probleme minore.<\/p>\n\n\n\n<h3 class=\"wp-block-heading\">Preocup\u0103ri ridicate de comunitate<\/h3>\n\n\n\n<p>Cu toate acestea, pentru a v\u0103 oferi o imagine complet\u0103, este important s\u0103 men\u021bion\u0103m feedback-ul critic pe care l-am primit. Pe Trustpilot, <strong>Vegas Hero Casino are un rating mediu de 2.9\/5<\/strong>bazat pe 23 de recenzii.<\/p>\n\n\n\n<p><strong>Principalele puncte la care trebuie s\u0103 fi\u021bi aten\u021bi<\/strong> preocupare :<\/p>\n\n\n\n<ul class=\"wp-block-list\">\n<li><strong>Perioade lungi de retragere<\/strong>variind de la c\u00e2teva zile la c\u00e2teva s\u0103pt\u0103m\u00e2ni.<\/li>\n\n\n\n<li><strong>Probleme de contactare a serviciului clien\u021bi<\/strong> adesea descrise ca fiind reactive prin mesaje automate sau scripturi repetitive.<\/li>\n\n\n\n<li><strong>Anularea retragerilor<\/strong>Acestea sunt atribuite controalelor suplimentare sau problemelor tehnice.<\/li>\n<\/ul>\n\n\n\n<p>Pentru a evita orice inconveniente, v\u0103 recomand\u0103m s\u0103 citi\u021bi cu aten\u021bie termenii \u0219i condi\u021biile \u0219i s\u0103 v\u0103 verifica\u021bi contul imediat ce v\u0103 \u00eenregistra\u021bi. Aceast\u0103 <strong>faciliteaz\u0103 tranzac\u021biile \u0219i reduce riscul de blocaje<\/strong>.<\/p>\n\n\n\n<h2 class=\"wp-block-heading\" id=\"verdict\">Verdictul nostru: Este Vegas Hero Casino alegerea potrivit\u0103 pentru tine?<\/h2>\n\n\n\n<p>Vegas Hero Casino ofer\u0103 peste 1.300 de jocuri de la editorii majori (NetEnt, Evolution Gaming, Microgaming). Cu designul s\u0103u futurist, prietenos cu mobilul \u0219i bonusurile atractive (p\u00e2n\u0103 la 800 \u20ac + rotiri gratuite), Vegas Hero Casino este locul ideal pentru a juca jocuri de cazino. <strong>o platform\u0103 modern\u0103<\/strong>. Licen\u021bele MGA \u0219i UKGC ofer\u0103 un cadru teoretic sigur.<\/p>\n\n\n\n<p>Pentru fanii unei game largi de jocuri \u0219i oferte promo\u021bionale, <strong>Vegas Hero stabile\u0219te standardul<\/strong>. Biblioteca sa de jocuri, interfa\u021ba fluid\u0103 \u0219i programul VIP sunt destinate juc\u0103torilor care caut\u0103 o experien\u021b\u0103 captivant\u0103.<\/p>\n\n\n\n<p>Cu toate acestea, opiniile difer\u0103. \u00cen timp ce unii subliniaz\u0103 calitatea depozitelor \u0219i a interfe\u021bei, al\u021bii se pl\u00e2ng de \u00eent\u00e2rzierile \u00een retrageri sau de lipsa de reac\u021bie a serviciului clien\u021bi. \u00cenainte de a v\u0103 angaja, verifica\u021bi condi\u021biile (cerin\u021be de pariere, limite de retragere). Favoriza\u021bi jocul responsabil \u0219i explora\u021bi platforma cu discern\u0103m\u00e2nt. O descoperire posibil\u0103, dar <strong>sub rezerva unei lecturi atente a termenilor<\/strong>.<\/p>\n\n\n\n<p>Vegas Hero Casino ofer\u0103 un <strong>bibliotec\u0103 variat\u0103 de jocuri, design futurist \u0219i licen\u021be MGA\/UKGC<\/strong>. Cu toate acestea, \u00eent\u00e2rzierile \u00een retrageri, serviciul clien\u021bi slab \u0219i condi\u021biile stricte de bonus <strong>calific\u0103 avizul<\/strong>. Pentru o experien\u021b\u0103 luminat\u0103, verifica\u021bi-v\u0103 documentele legale, anticipa\u021bi verific\u0103rile conturilor \u0219i <strong>gre\u0219i\u021bi \u00een privin\u021ba precau\u021biei<\/strong>.<\/p>\n\n\n\n<h2 class=\"wp-block-heading\">\u00ceNTREB\u0102RI FRECVENTE<\/h2>\n\n\n\n<h3 class=\"wp-block-heading\">Este Vegas Hero Casino un site sigur \u0219i securizat?<\/h3>\n\n\n\n<p>Este important s\u0103 re\u021bine\u021bi c\u0103 Vegas Hero Casino este de\u021binut de Genesis Global Limited, o companie cu licen\u021be de renume (MGA \u0219i UKGC). Aceste reglement\u0103ri garanteaz\u0103 un cadru legal strict pentru func\u021bionarea Vegas Hero Casino.<strong>fair-play \u0219i protec\u021bia datelor<\/strong>.<\/p>\n\n\n\n<p>Cu toate acestea <strong>feedback mixt din partea juc\u0103torilor<\/strong>. Unii men\u021bioneaz\u0103 dificult\u0103\u021bi \u00een a-\u0219i retrage c\u00e2\u0219tigurile sau \u00een a contacta un serviciu clien\u021bi eficient. \u00cen acela\u0219i timp, platforma \u00ee\u0219i asum\u0103 un angajament puternic fa\u021b\u0103 de securitate, ceea ce poate lini\u0219ti noii utilizatori. Este totu\u0219i recomandabil s\u0103 verifica\u021bi termenii de utilizare \u00eenainte de a juca.<\/p>\n\n\n\n<h3 class=\"wp-block-heading\">Ce bonusuri \u0219i promo\u021bii sunt disponibile la Vegas Hero?<\/h3>\n\n\n\n<p>Am observat c\u0103 Vegas Hero are o ofert\u0103 de bun venit atractiv\u0103: <strong>un bonus de 300 % p\u00e2n\u0103 la 800 \u20ac<\/strong>cu 200 de rotiri gratuite pe parcursul a 10 zile.<\/p>\n\n\n\n<p>Pentru a ajuta utilizatorii no\u0219tri s\u0103 \u00een\u021beleag\u0103 condi\u021biile, iat\u0103 detaliile: depozitele \u0219i bonusurile trebuie s\u0103 fie pariate de 35 de ori, \u00een timp ce c\u00e2\u0219tigurile din rotirile gratuite necesit\u0103 un pariu de 40 de ori. \u00cen practic\u0103, acest lucru \u00eenseamn\u0103 c\u0103 la un depozit de 20 \u20ac + 60 \u20ac bonus (adic\u0103 80 \u20ac), ar trebui s\u0103 <strong>miza 2.800 \u20ac<\/strong> (80 \u20ac x 35) pentru a elibera bonusul. Restric\u021biile se aplic\u0103 \u0219i metodelor de plat\u0103 \u0219i c\u00e2\u0219tigurilor maxime, \u00een func\u021bie de \u021bar\u0103.<\/p>\n\n\n\n<h3 class=\"wp-block-heading\">C\u00e2t de variat\u0103 este biblioteca de jocuri Vegas Hero?<\/h3>\n\n\n\n<p>Cu peste 1.300 de jocuri, <strong>Vegas Hero se pozi\u021bioneaz\u0103 ca o platform\u0103 versatil\u0103<\/strong>. Fanii sloturilor vor g\u0103si at\u00e2t clasice, c\u00e2t \u0219i lans\u0103ri noi de la editorii majori precum NetEnt, Pragmatic Play \u0219i Evolution Gaming pentru cazinoul live.<\/p>\n\n\n\n<p>De asemenea, sunt disponibile jocuri de mas\u0103 (blackjack, rulet\u0103) \u0219i jackpot-uri progresive. Oferta este completat\u0103 de pariuri sportive. <strong>V\u0103 recomand\u0103m s\u0103 \u00eencerca\u021bi jocurile \u00een modul gratuit<\/strong> \u00eenainte de a paria bani reali, pentru a v\u0103 identifica preferin\u021bele.<\/p>\n\n\n\n<h3 class=\"wp-block-heading\">Care sunt problemele recurente legate de retrageri?<\/h3>\n\n\n\n<p>Mai multe recenzii online eviden\u021biaz\u0103 <strong>\u00eent\u00e2rzieri \u00een procesarea retragerilor<\/strong>Acest lucru poate dura p\u00e2n\u0103 la c\u00e2teva s\u0103pt\u0103m\u00e2ni. Au existat, de asemenea, rapoarte cu privire la tranzac\u021bii anulate sub pretextul verific\u0103rii.<\/p>\n\n\n\n<p>Vegas Hero, pe de alt\u0103 parte, sus\u021bine c\u0103 ader\u0103 la termenele standard din industrie pentru metodele tradi\u021bionale (transferuri, carduri, portofele electronice). Este esen\u021bial s\u0103 re\u021bine\u021bi c\u0103 <strong>rapiditatea depozitelor (\u00een general instantanee) contrasteaz\u0103 cu aceste probleme de retragere<\/strong>. Pentru a minimiza orice inconvenient, v\u0103 rug\u0103m s\u0103 verifica\u021bi datele de conectare \u0219i documentele \u00eenainte de a solicita o retragere.<\/p>\n\n\n\n<h3 class=\"wp-block-heading\">Este posibil s\u0103 joci Vegas Hero pe un telefon mobil?<\/h3>\n\n\n\n<p>Cazinoul nu ofer\u0103 o aplica\u021bie dedicat\u0103. Totu\u0219i, acesta ofer\u0103 o aplica\u021bie dedicat\u0103, <strong>versiunea mobil\u0103 a site-ului este complet func\u021bional\u0103 \u0219i optimizat\u0103<\/strong> pentru smartphone-uri \u0219i tablete.<\/p>\n\n\n\n<p>Pute\u021bi accesa toate jocurile, s\u0103 v\u0103 gestiona\u021bi depozitele\/retragerile \u0219i s\u0103 contacta\u021bi asisten\u021ba din browser. \u00cen func\u021bie de obiectivele dvs, <strong>aceast\u0103 solu\u021bie adaptiv\u0103 r\u0103m\u00e2ne o alternativ\u0103 valabil\u0103<\/strong> la o aplica\u021bie nativ\u0103, mai ales dac\u0103 alterna\u021bi sesiunile pe dispozitive diferite.<\/p>\n\n<\/div>\n<\/div>\n<\/section>","protected":false},"excerpt":{"rendered":"<p>Vegas Hero Casino Bonus 100% jusqu&rsquo;\u00e0 500\u20ac + 200 Free Spins + 1 Bonus Crab Vegas Hero Casino Vegas Hero Casino, lanc\u00e9 en 2025 par Lumina Holdings Limitada, se pr\u00e9sente comme une alternative innovante, alliant design futuriste et ludoth\u00e8que vaste. D\u00e9couvrez une plateforme r\u00e9gul\u00e9e par la Costa Rica Gambling, avec des jeux sign\u00e9s NetEnt, Evolution &#8230; <a title=\"Home\" class=\"read-more\" href=\"https:\/\/vegas-heros.eu\/ro\/\" aria-label=\"Cite\u0219te mai multe despre Home\">Cite\u0219te mai mult<\/a><\/p>","protected":false},"author":1,"featured_media":0,"parent":0,"menu_order":0,"comment_status":"closed","ping_status":"closed","template":"","meta":{"footnotes":""},"class_list":["post-196","page","type-page","status-publish"],"_links":{"self":[{"href":"https:\/\/vegas-heros.eu\/ro\/wp-json\/wp\/v2\/pages\/196","targetHints":{"allow":["GET"]}}],"collection":[{"href":"https:\/\/vegas-heros.eu\/ro\/wp-json\/wp\/v2\/pages"}],"about":[{"href":"https:\/\/vegas-heros.eu\/ro\/wp-json\/wp\/v2\/types\/page"}],"author":[{"embeddable":true,"href":"https:\/\/vegas-heros.eu\/ro\/wp-json\/wp\/v2\/users\/1"}],"replies":[{"embeddable":true,"href":"https:\/\/vegas-heros.eu\/ro\/wp-json\/wp\/v2\/comments?post=196"}],"version-history":[{"count":5,"href":"https:\/\/vegas-heros.eu\/ro\/wp-json\/wp\/v2\/pages\/196\/revisions"}],"predecessor-version":[{"id":450,"href":"https:\/\/vegas-heros.eu\/ro\/wp-json\/wp\/v2\/pages\/196\/revisions\/450"}],"wp:attachment":[{"href":"https:\/\/vegas-heros.eu\/ro\/wp-json\/wp\/v2\/media?parent=196"}],"curies":[{"name":"wp","href":"https:\/\/api.w.org\/{rel}","templated":true}]}}