{"id":196,"date":"2024-03-12T15:11:15","date_gmt":"2024-03-12T15:11:15","guid":{"rendered":"http:\/\/gbp-kvd-simplicloud.local\/?page_id=196"},"modified":"2025-12-23T17:17:02","modified_gmt":"2025-12-23T17:17:02","slug":"home","status":"publish","type":"page","link":"https:\/\/vegas-heros.eu\/sv\/","title":{"rendered":"Home"},"content":{"rendered":"<section class=\"gb-container gb-container-97936d6f gbp-section has-gradient-bg\">\n<div class=\"gb-container gb-container-5c426c81 gbp-section__inner\">\n<div class=\"gb-container gb-container-85ff4394\">\n\n<h1 class=\"gb-headline gb-headline-ac42f5a0 gb-headline-text gbp-section__headline\">Vegas Hero Casino<\/h1>\n\n\n\n<div class=\"gb-headline gb-headline-cfd565bd gb-headline-text gbp-section__text\"><strong><em>100% Bonus upp till \u00a3 500 + 200 gratissnurr + 1 Crab Bonus<\/em><\/strong><\/div>\n\n\n<div class=\"gb-container gb-container-104fd3a4\">\n\n<a class=\"gb-button gb-button-cf2b5a50 gb-button-text gbp-button--primary\" href=\"https:\/\/vegas-heros.eu\/sv\/go\/vegashero\/\" target=\"_blank\" rel=\"noopener noreferrer\">REGISTRERING<\/a>\n\n\n\n<a class=\"gb-button gb-button-86296e76 gb-button-text gbp-button--secondary\" href=\"https:\/\/vegas-heros.eu\/sv\/go\/vegashero\/\" target=\"_blank\" rel=\"noopener noreferrer\">AKTIVERA BONUSEN \ud83c\udf81<\/a>\n\n<\/div>\n<\/div>\n\n\n<figure class=\"gb-block-image gb-block-image-4e8e4892\"><a href=\"https:\/\/vegas-heros.eu\/sv\/go\/vegashero\/\" target=\"_blank\" rel=\"noopener noreferrer\"><img loading=\"lazy\" decoding=\"async\" width=\"1773\" height=\"520\" class=\"gb-image gb-image-4e8e4892\" src=\"https:\/\/vegas-heros.eu\/wp-content\/uploads\/2025\/11\/vegashero.jpg\" alt=\"vegashero\" title=\"vegashero\" srcset=\"https:\/\/vegas-heros.eu\/wp-content\/uploads\/2025\/11\/vegashero.jpg 1773w, https:\/\/vegas-heros.eu\/wp-content\/uploads\/2025\/11\/vegashero-300x88.jpg 300w, https:\/\/vegas-heros.eu\/wp-content\/uploads\/2025\/11\/vegashero-1024x300.jpg 1024w, https:\/\/vegas-heros.eu\/wp-content\/uploads\/2025\/11\/vegashero-768x225.jpg 768w, https:\/\/vegas-heros.eu\/wp-content\/uploads\/2025\/11\/vegashero-1536x450.jpg 1536w\" sizes=\"auto, (max-width: 1773px) 100vw, 1773px\" \/><\/a><\/figure>\n\n<\/div>\n\n<div class=\"gb-container gb-container-668e459a\">\n<div class=\"gb-container gb-container-b289406a\">\n\n<h2 class=\"gb-headline gb-headline-1c2d7772 gb-headline-text\">Vegas Hero Casino<\/h2>\n\n\n\n<p>Vegas Hero Casino, som lanserades 2025 av Lumina Holdings Limitada, presenterar sig som ett innovativt alternativ som kombinerar futuristisk design med ett stort spelbibliotek. Uppt\u00e4ck en plattform som regleras av Costa Rica Gambling, med spel fr\u00e5n NetEnt, Evolution Gaming och Pragmatic Play. V\u00e5r analys utforskar dess styrkor - attraktiva bonusar, mobil tillg\u00e4nglighet, varierat erbjudande - samtidigt som vi ocks\u00e5 unders\u00f6ker kritiken om uttag och en ibland felaktig kundtj\u00e4nst. A <strong>en balanserad djupdykning i kontrasternas v\u00e4rld<\/strong> av Vegas hj\u00e4lte.<\/p>\n\n\n\n<ol class=\"wp-block-list\">\n<li><a href=\"#vegas-hero-avis\">Vegas Hero: v\u00e5r fullst\u00e4ndiga recension av detta n\u00e4sta generations online casino<\/a><\/li>\n\n\n\n<li><a href=\"#bonus-promotions\">Vegas Hero bonusar och kampanjer<\/a><\/li>\n\n\n\n<li><a href=\"#une-ludotheque-impressionnante-pour-tous-les-types-de-joueurs\">Ett imponerande bibliotek med spel f\u00f6r alla typer av spelare<\/a><\/li>\n\n\n\n<li><a href=\"#paiements-securite\">Betalningar och s\u00e4kerhet: en p\u00e5litlig spelmilj\u00f6<\/a><\/li>\n\n\n\n<li><a href=\"#mobile\">Mobil upplevelse och design: spela var som helst med stil<\/a><\/li>\n\n\n\n<li><a href=\"#avis-utilisateurs\">Spelarrecensioner: vad tycker samh\u00e4llet om Vegas Hero?<\/a><\/li>\n\n\n\n<li><a href=\"#verdict\">V\u00e5rt utl\u00e5tande: \u00c4r Vegas Hero Casino det r\u00e4tta valet f\u00f6r dig?<\/a><\/li>\n<\/ol>\n\n\n\n<h2 class=\"wp-block-heading\" id=\"vegas-hero-avis\">Vegas Hero: v\u00e5r fullst\u00e4ndiga recension av detta n\u00e4sta generations online casino<\/h2>\n\n\n\n<h3 class=\"wp-block-heading\">Anv\u00e4ndarupplevelsen b\u00f6rjar med en f\u00e4ngslande design<\/h3>\n\n\n\n<p>Vegas Hero Casino f\u00f6rf\u00f6r med sin <strong>futuristiskt gr\u00e4nssnitt som kombinerar ren design, ljusa f\u00e4rger och smidig navigering<\/strong> pour une exp\u00e9rience immersive, loin du style sombre du <a href=\"https:\/\/lizaro.net\/\" target=\"_blank\" rel=\"noopener\">casino lizaro<\/a>. Les graphismes dynamiques et les menus intuitifs renforcent cette impression d\u2019innovation, id\u00e9ale pour les joueurs modernes.<\/p>\n\n\n\n<h3 class=\"wp-block-heading\">Varf\u00f6r Vegas Hero lockar fans av onlinespel<\/h3>\n\n\n\n<p>Detta kasino lanserades 2025 av Lumina Holdings Limitada och erbjuder&nbsp;<strong>ett spelbibliotek med \u00f6ver 10 000 spel, gener\u00f6sa kampanjer<\/strong>och optimal mobilanpassning. Utvecklare som NetEnt och Microgaming garanterar h\u00f6g kvalitet.<\/p>\n\n\n\n<p>Vi analyserar <strong>dess viktigaste tillg\u00e5ngar<\/strong> :<\/p>\n\n\n\n<ul class=\"wp-block-list\">\n<li>Ett stort utbud av spel (spelautomater, live dealers) ;<\/li>\n\n\n\n<li>Kampanjer och VIP-program ;<\/li>\n\n\n\n<li>Kompatibilitet med smartphone\/surfplatta ;<\/li>\n\n\n\n<li>Transparenta anv\u00e4ndarrecensioner.<\/li>\n<\/ul>\n\n\n\n<p>Uppt\u00e4ck dess styrka.<\/p>\n\n\n\n<h3 class=\"wp-block-heading\">Ett \u00e5tagande f\u00f6r kvalitet och s\u00e4kerhet<\/h3>\n\n\n\n<p>Licensierad av Costa Rica, Vegas Hero <strong>garanterar s\u00e4kerhet och attraktivitet<\/strong> med kryptovalutor och live-spel. Denna certifiering \u00e5terspeglar fair play och s\u00e4kra data.<\/p>\n\n\n\n<p>Innovativ plattform med mobilen f\u00f6rst. Uppt\u00e4ck den <strong>feedback fr\u00e5n anv\u00e4ndare<\/strong> nedan.<\/p>\n\n\n\n<h2 class=\"wp-block-heading\" id=\"bonus-promotions\">Vegas Hero bonusar och kampanjer<\/h2>\n\n\n\n<p>Vegas Hero online casino f\u00e4ngslar med sina kampanjerbjudanden och futuristiska design, <strong>optimering av anv\u00e4ndarupplevelsen<\/strong>. Med spel fr\u00e5n leverant\u00f6rer som NetEnt och Evolution Gaming kombinerar plattformen s\u00e4kerhet, m\u00e5ngfald och modernitet.<\/p>\n\n\n\n<h3 class=\"wp-block-heading\">V\u00e4lkomstbonus under lupp<\/h3>\n\n\n\n<p>Dra nytta av <strong>bonus p\u00e5 300 % upp till 800 euro eller 100 %<\/strong> upp till 500 $, med 200 gratissnurr (20 per dag i 10 dagar).<\/p>\n\n\n\n<p>A <strong>minsta ins\u00e4ttning p\u00e5 20 euro eller $<\/strong> kr\u00e4vs, f\u00f6rutom via Neteller eller Skrill.<\/p>\n\n\n\n<p>Det breda utbudet av spel, fr\u00e5n spelautomater till livespel, och det uppslukande gr\u00e4nssnittet g\u00f6r det enkelt att l\u00e4ra k\u00e4nna dina kunder. <strong>denna f\u00f6rm\u00e5n \u00e4r tillg\u00e4nglig fr\u00e5n den f\u00f6rsta ins\u00e4ttningen<\/strong>. Aktivering sker omedelbart efter ins\u00e4ttning.<\/p>\n\n\n\n<h3 class=\"wp-block-heading\">F\u00f6rst\u00e5 villkoren f\u00f6r vadslagning<\/h3>\n\n\n\n<p>Bonusen och ins\u00e4ttningen m\u00e5ste vara <strong>satsas 35 g\u00e5nger, vinster fr\u00e5n gratissnurr 40 g\u00e5nger<\/strong>under 10 dagar.<\/p>\n\n\n\n<p>Den h\u00f6gsta insatsen \u00e4r begr\u00e4nsad till \u20ac 5 eller $ med en aktiv bonus. Spelautomater \u00e4r v\u00e4rda 100 % av satsningen, j\u00e4mf\u00f6rt med 10 % f\u00f6r videopoker eller livespel. Denna struktur <strong>uppmuntrar sporadiska spelare<\/strong> samtidigt som reglerna f\u00f6r \u00f6ppenhet respekteras.<\/p>\n\n\n\n<h3 class=\"wp-block-heading\">Regelbundna kampanjer och VIP-program<\/h3>\n\n\n\n<p>Medlemmar f\u00e5r cashback varje vecka, reload-bonusar och m\u00e5natliga utmaningar f\u00f6r <strong>m\u00e5ngdubbla bel\u00f6ningarna<\/strong>.<\/p>\n\n\n\n<p><strong>VIP-program (niv\u00e5erna brons, silver och guld)<\/strong> f\u00f6resl\u00e5r :<\/p>\n\n\n\n<ul class=\"wp-block-list\">\n<li>Gr\u00e4nser <strong>h\u00f6jda uttagsbelopp<\/strong>.<\/li>\n\n\n\n<li><strong>Personlig f\u00f6rvaltning via en dedikerad chef.<\/strong><\/li>\n\n\n\n<li><strong>Exklusiva inbjudningar till evenemang<\/strong>.<\/li>\n<\/ul>\n\n\n\n<p>Webbplatsens futuristiska design och fluiditet \u00f6kar dess \u00f6verklagande. Plattformen, som \u00e4r licensierad av MGA och UK Gambling Commission, garanterar tillf\u00f6rlitlighet. Spelare v\u00e4rdes\u00e4tter lyh\u00f6rdheten f\u00f6r 24\/7 support och de personliga erbjudandena.<\/p>\n\n\n\n<h2 class=\"wp-block-heading\" id=\"une-ludotheque-impressionnante-pour-tous-les-types-de-joueurs\">Ett imponerande bibliotek med spel f\u00f6r alla typer av spelare<\/h2>\n\n\n\n<p>Vad g\u00f6r att Vegas Hero Casino sticker ut? Tack vare <strong>ett rikt och varierat spelbibliotek<\/strong>utformad f\u00f6r att tillfredsst\u00e4lla alla fans av onlinespel. Fr\u00e5n det \u00f6gonblick du g\u00e5r in p\u00e5 webbplatsen kombinerar upplevelsen kvalitet, tillg\u00e4nglighet och f\u00f6rdjupning.<\/p>\n\n\n\n<h3 class=\"wp-block-heading\" id=\"un-catalogue-de-jeux-quasi-infini\">En n\u00e4stan o\u00e4ndlig katalog av spel<\/h3>\n\n\n\n<p>Med \u00f6ver 1 300 titlar erbjuder Vegas Hero Casino <strong>ett val l\u00e5ngt \u00f6ver marknadens genomsnitt<\/strong>.<\/p>\n\n\n\n<p>Fr\u00e5n klassiker till nya utg\u00e5vor, inklusive spelautomater med progressiv jackpot, <strong>det finns n\u00e5got f\u00f6r alla<\/strong>. Denna m\u00e5ngfald garanterar underh\u00e5llning som inte g\u00e5r att upprepa och som passar alla smaker.<\/p>\n\n\n\n<h3 class=\"wp-block-heading\" id=\"les-meilleurs-fournisseurs-de-logiciels-du-marche\">De b\u00e4sta programvaruleverant\u00f6rerna p\u00e5 marknaden<\/h3>\n\n\n\n<p>F\u00f6r att s\u00e4kerst\u00e4lla kvalitet och tillf\u00f6rlitlighet, <strong>Vegas Hero Casino samarbetar med ledande publicister<\/strong> Dessa inkluderar NetEnt, Evolution Gaming, Microgaming, Quickspin och Pragmatic Play.<\/p>\n\n\n\n<p>Deras spel, med sin noggranna grafik och innovativa mekanik, uppfyller de h\u00f6gsta standarderna. <strong>En garanti f\u00f6r r\u00e4ttvisa och uppslukande f\u00f6r alla anv\u00e4ndare.<\/strong><\/p>\n\n\n\n<h3 class=\"wp-block-heading\" id=\"une-offre-de-jeu-variee\">Ett varierat utbud av spel<\/h3>\n\n\n\n<p>Oavsett vilken profil du har, Vegas Hero Casino <strong>erbjuder skr\u00e4ddarsydda aktiviteter<\/strong> :<\/p>\n\n\n\n<ul class=\"wp-block-list\">\n<li><strong>Spelautomater<\/strong> Klassisk, 3D, progressiv jackpot.<\/li>\n\n\n\n<li><strong>Bordsspel<\/strong> blackjack, roulette, baccarat i flera varianter.<\/li>\n\n\n\n<li><strong>Live casino<\/strong> Spel med riktiga \u00e5terf\u00f6rs\u00e4ljare.<\/li>\n\n\n\n<li><strong>Progressiva jackpotspel<\/strong> f\u00f6r exceptionella vinster.<\/li>\n\n\n\n<li><strong>Vadslagning p\u00e5 sport<\/strong> En utvidgning av erbjudandet ut\u00f6ver det klassiska kasinot.<\/li>\n<\/ul>\n\n\n\n<p>Den futuristiska designen och det intuitiva gr\u00e4nssnittet g\u00f6r det enkelt att komma \u00e5t denna m\u00e5ngfald. Ett demol\u00e4ge finns ocks\u00e5 tillg\u00e4ngligt f\u00f6r <strong>testa spel innan du satsar riktiga pengar<\/strong>.<\/p>\n\n\n\n<h2 class=\"wp-block-heading\" id=\"paiements-securite\">Betalningar och s\u00e4kerhet: en p\u00e5litlig spelmilj\u00f6<\/h2>\n\n\n\n<h3 class=\"wp-block-heading\">Ins\u00e4ttnings- och uttagsmetoder tillg\u00e4ngliga<\/h3>\n\n\n\n<p>Smidig tillg\u00e5ng till spel beror p\u00e5 betalningsalternativ. Vegas Hero Casino erbjuds <strong>moderna, s\u00e4kra l\u00f6sningar f\u00f6r ins\u00e4ttningar och uttag<\/strong>.<\/p>\n\n\n\n<figure class=\"wp-block-table\"><table class=\"has-fixed-layout\"><thead><tr><th>Betalningskategori<\/th><th>Exempel p\u00e5 metoder<\/th><th>Ins\u00e4ttning m\u00f6jlig<\/th><th>Uttag m\u00f6jligt<\/th><\/tr><\/thead><tbody><tr><td>Bankkort<\/td><td>Visa \/ Mastercard<\/td><td>Ja<\/td><td>Ja<\/td><\/tr><tr><td>E-pl\u00e5nb\u00f6cker<\/td><td>Skrill \/ Neteller \/ ecoPayz<\/td><td>Ja<\/td><td>Ja<\/td><\/tr><tr><td>F\u00f6rbetalda kort<\/td><td>Paysafecard<\/td><td>Ja<\/td><td>Nej<\/td><\/tr><tr><td>Bank\u00f6verf\u00f6ring<\/td><td>Bank\u00f6verf\u00f6ring<\/td><td>Ja<\/td><td>Ja<\/td><\/tr><\/tbody><\/table><\/figure>\n\n\n\n<p>Ins\u00e4ttningarna var oftast omedelbara. Minsta ins\u00e4ttning var 10 euro, utan extra avgifter. Uttagen varierade mellan n\u00e5gra timmar (e-pl\u00e5nb\u00f6cker) och 3-5 dagar (\u00f6verf\u00f6ringar). <strong>Inga avgifter debiterades av Vegas Hero Casino<\/strong>Detta s\u00e4kerst\u00e4ller total transparens f\u00f6r de kostnader som \u00e4r f\u00f6rknippade med detta.<\/p>\n\n\n\n<h3 class=\"wp-block-heading\">Licensiering och reglering: din s\u00e4kerhet kommer f\u00f6rst<\/h3>\n\n\n\n<p>Vegas Hero Casino st\u00f6ddes av viktiga certifieringar. Operat\u00f6ren, Genesis Global Limited, hade en licens fr\u00e5n Malta Gaming Authority (MGA) och UK Gambling Commission (UKGC), vilket garanterade <strong>h\u00f6ga krav p\u00e5 r\u00e4ttvisa och dataskydd<\/strong>.<\/p>\n\n\n\n<p>SSL-kryptering s\u00e4krade transaktionerna. Regelbundna kontroller inkluderade oberoende revisioner f\u00f6r att s\u00e4kerst\u00e4lla r\u00e4ttvisa. Dessa \u00e5tg\u00e4rder gav spelarna ett ramverk av f\u00f6rtroende f\u00f6r sina onlineaktiviteter, med en <strong>absolut prioritet f\u00f6r s\u00e4kerheten f\u00f6r personlig och finansiell information<\/strong>.<\/p>\n\n\n\n<h2 class=\"wp-block-heading\" id=\"mobile\">Mobil upplevelse och design: spela var som helst med stil<\/h2>\n\n\n\n<h3 class=\"wp-block-heading\">Modern design och smidig navigering<\/h3>\n\n\n\n<p>Vegas Hero Casino-webbplatsen har en <strong>futuristisk estetik i kombination med ett tydligt och intuitivt gr\u00e4nssnitt<\/strong>.<\/p>\n\n\n\n<p>Spelarna drar nytta av en strukturerad organisation: spel, bonusar och information \u00e4r alla tillg\u00e4ngliga f\u00f6r dem. <strong>tillg\u00e4ngliga med ett klick p\u00e5 en knapp, \u00e4ven f\u00f6r nyb\u00f6rjare<\/strong>.<\/p>\n\n\n\n<p>Den dynamiska grafiken och de l\u00e4tta animationerna \u00f6kar inlevelsen samtidigt som navigeringen \u00e4r smidig. En verklig tillg\u00e5ng f\u00f6r <strong>f\u00e5nga uppm\u00e4rksamheten redan fr\u00e5n f\u00f6rsta anslutningen<\/strong>.<\/p>\n\n\n\n<h3 class=\"wp-block-heading\">Vegas Hero-upplevelsen p\u00e5 smartphone och surfplatta<\/h3>\n\n\n\n<p>Du beh\u00f6ver inte ladda ner n\u00e5gon applikation: <strong>webbplatsen anpassar sig automatiskt till alla sk\u00e4rmar<\/strong> via dess responsiva design.<\/p>\n\n\n\n<p>Viktiga funktioner som ins\u00e4ttningar, uttag och tillg\u00e5ng till support <strong>f\u00f6rblir i drift p\u00e5 resande fot, utan kvalitetsf\u00f6rluster<\/strong>.<\/p>\n\n\n\n<p>De f\u00e5 positiva recensionerna noterar <strong>optimal laddningshastighet<\/strong>\u00e4ven p\u00e5 4G-anslutningar. En praktisk l\u00f6sning f\u00f6r spel p\u00e5 resande fot, utan att ta upp f\u00f6r mycket utrymme.<\/p>\n\n\n\n<p>Tack vare den h\u00e4r tillg\u00e4ngligheten har Vegas Hero etablerat sig som ett online casino. <strong>designad f\u00f6r en uppkopplad generation, med en kombination av modernitet och funktionalitet<\/strong>.<\/p>\n\n\n\n<h2 class=\"wp-block-heading\" id=\"avis-utilisateurs\">Spelarrecensioner: vad tycker samh\u00e4llet om Vegas Hero?<\/h2>\n\n\n\n<h3 class=\"wp-block-heading\">Styrkor som uppskattas av anv\u00e4ndarna<\/h3>\n\n\n\n<p>M\u00e5nga spelare pekar p\u00e5 att <strong>stort urval av spel som erbjuds av Vegas Hero Casino<\/strong>. Tack vare partnerskap med v\u00e4lk\u00e4nda leverant\u00f6rer som NetEnt, Evolution Gaming, Microgaming, Quickspin och Pragmatic Play erbjuder webbplatsen kvalitetsautomater, bordsspel och live-\u00e5terf\u00f6rs\u00e4ljare.<\/p>\n\n\n\n<p>Webbplatsens design beskrivs ofta som dj\u00e4rv och tematisk, med ett superhj\u00e4ltetema som ger den en futuristisk och engagerande k\u00e4nsla. Vissa anv\u00e4ndare noterar ocks\u00e5 <strong>en smidig spelupplevelse, utan \u00e5terkommande buggar eller tr\u00f6ghet<\/strong>.<\/p>\n\n\n\n<p>F\u00f6r en minoritet av spelarna, <strong>Uttagen gick smidigt<\/strong>ibland inom 3 dagar. En recension n\u00e4mner till och med en lyh\u00f6rd och v\u00e4nlig kundtj\u00e4nst med en effektiv l\u00f6sning p\u00e5 ett mindre problem.<\/p>\n\n\n\n<h3 class=\"wp-block-heading\">Fr\u00e5gor som tagits upp av samh\u00e4llet<\/h3>\n\n\n\n<p>Men f\u00f6r att ge dig hela bilden \u00e4r det viktigt att n\u00e4mna den kritiska feedback vi har f\u00e5tt. P\u00e5 Trustpilot, <strong>Vegas Hero Casino har ett genomsnittligt betyg p\u00e5 2.9\/5<\/strong>baserat p\u00e5 23 recensioner.<\/p>\n\n\n\n<p><strong>De viktigaste punkterna att se upp med<\/strong> oro :<\/p>\n\n\n\n<ul class=\"wp-block-list\">\n<li><strong>L\u00e5nga uttagstider<\/strong>som str\u00e4cker sig fr\u00e5n n\u00e5gra dagar till flera veckor.<\/li>\n\n\n\n<li><strong>Problem med att kontakta kundtj\u00e4nst<\/strong> ofta beskrivs som reaktiva via automatiska meddelanden eller repetitiva skript.<\/li>\n\n\n\n<li><strong>\u00c5terkallelse av uttag<\/strong>Dessa beror p\u00e5 extra kontroller eller tekniska problem.<\/li>\n<\/ul>\n\n\n\n<p>F\u00f6r att undvika ol\u00e4genheter rekommenderar vi att du l\u00e4ser igenom villkoren noggrant och kontrollerar ditt konto s\u00e5 snart du registrerat dig. Detta <strong>underl\u00e4ttar transaktioner och minskar risken f\u00f6r blockeringar<\/strong>.<\/p>\n\n\n\n<h2 class=\"wp-block-heading\" id=\"verdict\">V\u00e5rt utl\u00e5tande: \u00c4r Vegas Hero Casino det r\u00e4tta valet f\u00f6r dig?<\/h2>\n\n\n\n<p>Vegas Hero Casino erbjuder \u00f6ver 1 300 spel fr\u00e5n stora utgivare (NetEnt, Evolution Gaming, Microgaming). Med sin futuristiska, mobilv\u00e4nliga design och attraktiva bonusar (upp till \u20ac 800 + gratissnurr) \u00e4r Vegas Hero Casino det perfekta st\u00e4llet att spela kasinospel. <strong>en modern plattform<\/strong>. Licenserna MGA och UKGC ger en s\u00e4ker teoretisk ram.<\/p>\n\n\n\n<p>F\u00f6r fans av ett brett utbud av spel och kampanjerbjudanden, <strong>Vegas Hero s\u00e4tter standarden<\/strong>. Dess spelbibliotek, smidiga gr\u00e4nssnitt och VIP-program riktar sig till spelare som vill ha en uppslukande upplevelse.<\/p>\n\n\n\n<p>\u00c5sikterna g\u00e5r dock is\u00e4r. Medan vissa betonar kvaliteten p\u00e5 ins\u00e4ttningar och gr\u00e4nssnittet, klagar andra p\u00e5 f\u00f6rseningar i uttag eller kundtj\u00e4nst som inte svarar. Innan du f\u00f6rbinder dig, kontrollera villkoren (oms\u00e4ttningskrav, uttagsgr\u00e4nser). Satsa p\u00e5 ansvarsfullt spelande och utforska plattformen med urskiljning. En m\u00f6jlig uppt\u00e4ckt, men <strong>med f\u00f6rbeh\u00e5ll f\u00f6r en noggrann l\u00e4sning av villkoren<\/strong>.<\/p>\n\n\n\n<p>Vegas Hero Casino erbjuder en <strong>varierat spelbibliotek, futuristisk design och MGA\/UKGC-licenser<\/strong>. Men f\u00f6rseningar i uttag, d\u00e5lig kundservice och strikta bonusvillkor <strong>reservera sig f\u00f6r yttrandet<\/strong>. F\u00f6r en upplyst upplevelse, kontrollera dina juridiska dokument, f\u00f6rutse kontoverifieringar och <strong>ta det s\u00e4kra f\u00f6re det os\u00e4kra<\/strong>.<\/p>\n\n\n\n<h2 class=\"wp-block-heading\">VANLIGA FR\u00c5GOR<\/h2>\n\n\n\n<h3 class=\"wp-block-heading\">\u00c4r Vegas Hero Casino en s\u00e4ker och s\u00e4ker webbplats?<\/h3>\n\n\n\n<p>Det \u00e4r viktigt att notera att Vegas Hero Casino \u00e4gs av Genesis Global Limited, ett f\u00f6retag med v\u00e4lrenommerade licenser (MGA och UKGC). Dessa regler garanterar en strikt r\u00e4ttslig ram f\u00f6r driften av Vegas Hero Casino.<strong>fair play och dataskydd<\/strong>.<\/p>\n\n\n\n<p>Dock \u00e4r <strong>blandad feedback fr\u00e5n spelare<\/strong>. Vissa n\u00e4mner sv\u00e5righeter med att ta ut sina vinster eller n\u00e5 en effektiv kundtj\u00e4nst. Samtidigt g\u00f6r plattformen ett starkt engagemang f\u00f6r s\u00e4kerhet, vilket kan lugna nya anv\u00e4ndare. Det \u00e4r fortfarande tillr\u00e5dligt att kontrollera anv\u00e4ndarvillkoren innan du spelar.<\/p>\n\n\n\n<h3 class=\"wp-block-heading\">Vilka bonusar och kampanjer finns tillg\u00e4ngliga p\u00e5 Vegas Hero?<\/h3>\n\n\n\n<p>Vi har m\u00e4rkt att Vegas Hero har ett attraktivt v\u00e4lkomsterbjudande: <strong>en bonus p\u00e5 300 % upp till \u20ac 800<\/strong>med 200 gratissnurr under 10 dagar.<\/p>\n\n\n\n<p>F\u00f6r att hj\u00e4lpa v\u00e5ra anv\u00e4ndare att f\u00f6rst\u00e5 villkoren f\u00f6ljer h\u00e4r detaljerna: ins\u00e4ttningar och bonusar m\u00e5ste oms\u00e4ttas 35 g\u00e5nger, medan vinster fr\u00e5n free spins kr\u00e4ver en oms\u00e4ttning p\u00e5 40 g\u00e5nger. I praktiken inneb\u00e4r detta att p\u00e5 en ins\u00e4ttning p\u00e5 \u20ac 20 + \u20ac 60 bonus (dvs. \u20ac 80) m\u00e5ste du <strong>insats 2.800 euro<\/strong> (\u20ac 80 x 35) f\u00f6r att frig\u00f6ra bonusen. Begr\u00e4nsningar g\u00e4ller ocks\u00e5 f\u00f6r betalningsmetoder och maximala vinster beroende p\u00e5 land.<\/p>\n\n\n\n<h3 class=\"wp-block-heading\">Hur varierat \u00e4r Vegas Heros spelbibliotek?<\/h3>\n\n\n\n<p>Med \u00f6ver 1.300 spel, <strong>Vegas Hero positioneras som en m\u00e5ngsidig plattform<\/strong>. Fans av spelautomater kommer att hitta b\u00e5de klassiker och nya utg\u00e5vor fr\u00e5n stora utgivare som NetEnt, Pragmatic Play och Evolution Gaming f\u00f6r live casino.<\/p>\n\n\n\n<p>Bordsspel (blackjack, roulette) och progressiva jackpottar finns ocks\u00e5 tillg\u00e4ngliga. Sportsbetting kompletterar erbjudandet. <strong>Vi rekommenderar att du testar spelen i gratisl\u00e4ge<\/strong> innan du satsar riktiga pengar, f\u00f6r att identifiera dina preferenser.<\/p>\n\n\n\n<h3 class=\"wp-block-heading\">Vilka \u00e4r de \u00e5terkommande problemen med uttag?<\/h3>\n\n\n\n<p>Flera recensioner p\u00e5 n\u00e4tet lyfter fram <strong>f\u00f6rseningar i behandlingen av uttag<\/strong>Detta kan ta upp till flera veckor. Det har ocks\u00e5 f\u00f6rekommit rapporter om att transaktioner har avbrutits under f\u00f6rev\u00e4ndning av verifiering.<\/p>\n\n\n\n<p>Vegas Hero, \u00e5 andra sidan, h\u00e4vdar att de f\u00f6ljer industristandard tidsskalor f\u00f6r traditionella metoder (\u00f6verf\u00f6ringar, kort, e-pl\u00e5nb\u00f6cker). Det \u00e4r viktigt att notera att <strong>Ins\u00e4ttningarnas snabbhet (i allm\u00e4nhet omedelbar) st\u00e5r i kontrast till dessa uttagsproblem.<\/strong>. F\u00f6r att minimera eventuella ol\u00e4genheter, v\u00e4nligen kontrollera dina inloggningsuppgifter och dokument innan du beg\u00e4r ett uttag.<\/p>\n\n\n\n<h3 class=\"wp-block-heading\">\u00c4r det m\u00f6jligt att spela Vegas Hero p\u00e5 en mobiltelefon?<\/h3>\n\n\n\n<p>Kasinot erbjuder inte en dedikerad applikation. Det erbjuder dock en dedikerad applikation, <strong>den mobila versionen av webbplatsen \u00e4r fullt fungerande och optimerad<\/strong> f\u00f6r smartphones och surfplattor.<\/p>\n\n\n\n<p>Du kan komma \u00e5t alla spel, hantera dina ins\u00e4ttningar\/uttag och kontakta support fr\u00e5n din webbl\u00e4sare. Beroende p\u00e5 dina m\u00e5l, <strong>denna adaptiva l\u00f6sning \u00e4r fortfarande ett giltigt alternativ<\/strong> till en inbyggd applikation, s\u00e4rskilt om du v\u00e4xlar mellan sessioner p\u00e5 olika enheter.<\/p>\n\n<\/div>\n<\/div>\n<\/section>","protected":false},"excerpt":{"rendered":"<p>Vegas Hero Casino Bonus 100% jusqu&rsquo;\u00e0 500\u20ac + 200 Free Spins + 1 Bonus Crab Vegas Hero Casino Vegas Hero Casino, lanc\u00e9 en 2025 par Lumina Holdings Limitada, se pr\u00e9sente comme une alternative innovante, alliant design futuriste et ludoth\u00e8que vaste. D\u00e9couvrez une plateforme r\u00e9gul\u00e9e par la Costa Rica Gambling, avec des jeux sign\u00e9s NetEnt, Evolution &#8230; <a title=\"Home\" class=\"read-more\" href=\"https:\/\/vegas-heros.eu\/sv\/\" aria-label=\"L\u00e4s mer om Home\">L\u00e4s mer<\/a><\/p>","protected":false},"author":1,"featured_media":0,"parent":0,"menu_order":0,"comment_status":"closed","ping_status":"closed","template":"","meta":{"footnotes":""},"class_list":["post-196","page","type-page","status-publish"],"_links":{"self":[{"href":"https:\/\/vegas-heros.eu\/sv\/wp-json\/wp\/v2\/pages\/196","targetHints":{"allow":["GET"]}}],"collection":[{"href":"https:\/\/vegas-heros.eu\/sv\/wp-json\/wp\/v2\/pages"}],"about":[{"href":"https:\/\/vegas-heros.eu\/sv\/wp-json\/wp\/v2\/types\/page"}],"author":[{"embeddable":true,"href":"https:\/\/vegas-heros.eu\/sv\/wp-json\/wp\/v2\/users\/1"}],"replies":[{"embeddable":true,"href":"https:\/\/vegas-heros.eu\/sv\/wp-json\/wp\/v2\/comments?post=196"}],"version-history":[{"count":5,"href":"https:\/\/vegas-heros.eu\/sv\/wp-json\/wp\/v2\/pages\/196\/revisions"}],"predecessor-version":[{"id":450,"href":"https:\/\/vegas-heros.eu\/sv\/wp-json\/wp\/v2\/pages\/196\/revisions\/450"}],"wp:attachment":[{"href":"https:\/\/vegas-heros.eu\/sv\/wp-json\/wp\/v2\/media?parent=196"}],"curies":[{"name":"wp","href":"https:\/\/api.w.org\/{rel}","templated":true}]}}